{"id":3751,"date":"2015-08-20T17:47:49","date_gmt":"2015-08-20T17:47:49","guid":{"rendered":"https:\/\/nutskarhunkierros.fi\/2014-2\/"},"modified":"2025-02-19T19:47:23","modified_gmt":"2025-02-19T19:47:23","slug":"2014-2","status":"publish","type":"page","link":"https:\/\/nutskarhunkierros.fi\/en\/history\/2014-2\/","title":{"rendered":"2014"},"content":{"rendered":"\n<h2 class=\"wp-block-heading\">Results<\/h2>\n\n\n\n<h3 class=\"wp-block-heading\">80 km Men<\/h3>\n\n\n\n<figure class=\"wp-block-table\"><table class=\"has-fixed-layout\"><tbody><tr><td>Etunimi<\/td><td>Sukunimi<\/td><td>Seura<\/td><td>Aika<\/td><\/tr><tr><td>Tero<\/td><td>Ruokolainen<\/td><td>Tampereen Maratonklubi<\/td><td>11:39:35<\/td><\/tr><tr><td>Antti<\/td><td>Itkonen<\/td><td>TrailRunners ALI<\/td><td>12:18:50<\/td><\/tr><tr><td>Marko<\/td><td>Mattila<\/td><td>FMR<\/td><td>12:19:40<\/td><\/tr><tr><td>Harri<\/td><td>Yrttiaho<\/td><td>Haukipudas<\/td><td>12:35:35<\/td><\/tr><tr><td>Anssi<\/td><td>Auvinen<\/td><td>Jyv\u00e4skyl\u00e4 Trail Runners<\/td><td>12:42:25<\/td><\/tr><tr><td>antti<\/td><td>varis<\/td><td>joensuu<\/td><td>13:28:35<\/td><\/tr><tr><td>Mikko<\/td><td>Aaltonen<\/td><td>Team Rahola<\/td><td>14:02:50<\/td><\/tr><tr><td>Jussi<\/td><td>Keskinarkaus<\/td><td>Free Adventure<\/td><td>14:16:15<\/td><\/tr><tr><td>Mikko<\/td><td>Luusalo<\/td><td>Endurance<\/td><td>14:30:40<\/td><\/tr><tr><td>Kari<\/td><td>Suomela<\/td><td><\/td><td>14:58:45<\/td><\/tr><tr><td>Jaakko<\/td><td>T\u00e4htinen<\/td><td><\/td><td>15:57:35<\/td><\/tr><tr><td>Juho<\/td><td>Majamaa<\/td><td>Team Rahola<\/td><td>16:05:10<\/td><\/tr><\/tbody><\/table><\/figure>\n\n\n\n<h3 class=\"wp-block-heading\">80 km Women<\/h3>\n\n\n\n<figure class=\"wp-block-table\"><table class=\"has-fixed-layout\"><tbody><tr><td>Etunimi<\/td><td>Sukunimi<\/td><td>Seura<\/td><td>Aika<\/td><\/tr><tr><td>Helin\u00e4<\/td><td>Turtinen<\/td><td><\/td><td>12:41:10<\/td><\/tr><tr><td>Ellimaria<\/td><td>Huusari<\/td><td>Helsinki Trail Running Club<\/td><td>14:55:00<\/td><\/tr><\/tbody><\/table><\/figure>\n\n\n\n<h3 class=\"wp-block-heading\">53 km Men<\/h3>\n\n\n\n<figure class=\"wp-block-table\"><table class=\"has-fixed-layout\"><tbody><tr><td>Etunimi<\/td><td>Sukunimi<\/td><td>Seura<\/td><td>Aika<\/td><td>BTTF pisteet<\/td><\/tr><tr><td>Janne<\/td><td>Hietala<\/td><td>HTRC \/ Lupus Extreme<\/td><td>7:26:30<\/td><td>50<\/td><\/tr><tr><td>Jussi<\/td><td>Nokelainen<\/td><td>H\u00f6lkk\u00e4m\u00e4yr\u00e4t<\/td><td>7:26:30<\/td><td>50<\/td><\/tr><tr><td>Jukka<\/td><td>Salo<\/td><td><\/td><td>8:05:00<\/td><td>33<\/td><\/tr><tr><td>Toni<\/td><td>Tiainen<\/td><td><\/td><td>8:06:30<\/td><td>28<\/td><\/tr><tr><td>Jukka<\/td><td>Pokela<\/td><td>TrailRunners ALI<\/td><td>8:10:30<\/td><td>24<\/td><\/tr><tr><td>Harri<\/td><td>Salovaara<\/td><td><\/td><td>8:43:15<\/td><td>21<\/td><\/tr><tr><td>Markus<\/td><td>Ronkainen<\/td><td>Virpiniemen maastomaraton<\/td><td>8:45:40<\/td><td>18<\/td><\/tr><tr><td>Juuso<\/td><td>Heinonen<\/td><td><\/td><td>8:49:05<\/td><td>16<\/td><\/tr><tr><td>Terho<\/td><td>Lahtinen<\/td><td>Nuuksio Classic Trail Marathon<\/td><td>8:54:00<\/td><td>14<\/td><\/tr><tr><td>Olli<\/td><td>Laine<\/td><td>Nurmij\u00e4rvi<\/td><td>8:58:20<\/td><td>12<\/td><\/tr><tr><td>Antti<\/td><td>Toivanen<\/td><td>HTRC<\/td><td>8:58:20<\/td><td>11<\/td><\/tr><tr><td>Heikki<\/td><td>Vesterinen<\/td><td><\/td><td>9:35:40<\/td><td>10<\/td><\/tr><tr><td>Jarkko<\/td><td>Torvinen<\/td><td><\/td><td>9:56:55<\/td><td>9<\/td><\/tr><tr><td>Teemu<\/td><td>S\u00e4rkel\u00e4<\/td><td><\/td><td>9:57:10<\/td><td>8<\/td><\/tr><tr><td>Eero<\/td><td>Pirhonen<\/td><td><\/td><td>10:10:00<\/td><td>7<\/td><\/tr><tr><td>Ambrosius<\/td><td>Wollst\u00e9n<\/td><td>HTRC<\/td><td>10:17:05<\/td><td>6<\/td><\/tr><tr><td>Mika<\/td><td>Kauraharju<\/td><td><\/td><td>10:22:30<\/td><td>5<\/td><\/tr><tr><td>Petri<\/td><td>Valkeam\u00e4ki<\/td><td>Jyps<\/td><td>10:22:30<\/td><td>4<\/td><\/tr><tr><td>Timo<\/td><td>Ketola<\/td><td><\/td><td>10:28:40<\/td><td>3<\/td><\/tr><tr><td>Kimmo<\/td><td>Nieminen<\/td><td><\/td><td>10:29:00<\/td><td>2<\/td><\/tr><tr><td>Juho<\/td><td>Huhtala<\/td><td>OLK ry<\/td><td>10:31:50<\/td><td>1<\/td><\/tr><tr><td>Jukka<\/td><td>Huumonen<\/td><td><\/td><td>10:53:30<\/td><td>1<\/td><\/tr><tr><td>Ari<\/td><td>Lakio<\/td><td><\/td><td>10:58:05<\/td><td>1<\/td><\/tr><tr><td>Tuomo<\/td><td>Eronen<\/td><td><\/td><td>11:14:20<\/td><td>1<\/td><\/tr><tr><td>Antti<\/td><td>Junttola<\/td><td>LNM<\/td><td>11:14:20<\/td><td>1<\/td><\/tr><tr><td>Olli<\/td><td>Nuoranto<\/td><td><\/td><td>11:31:10<\/td><td>1<\/td><\/tr><tr><td>Karri<\/td><td>Jalkanen<\/td><td>Karhupuisto Running Club<\/td><td>11:31:40<\/td><td>1<\/td><\/tr><tr><td>Tuukka<\/td><td>Saarela<\/td><td>Arctic Marathon Club<\/td><td>11:45:20<\/td><td>1<\/td><\/tr><tr><td>Jan<\/td><td>Holmstr\u00f6m<\/td><td>VUK<\/td><td>12:00:00<\/td><td>1<\/td><\/tr><tr><td>Jarkko<\/td><td>Linna<\/td><td>VUK<\/td><td>12:00:00<\/td><td>1<\/td><\/tr><tr><td>Janne<\/td><td>Peltola<\/td><td><\/td><td>12:05:50<\/td><td>1<\/td><\/tr><tr><td>Kimmo<\/td><td>V\u00e4h\u00e4jylkk\u00e4<\/td><td>Rajam\u00e4en Rykmentti<\/td><td>12:05:50<\/td><td>1<\/td><\/tr><\/tbody><\/table><\/figure>\n\n\n\n<h3 class=\"wp-block-heading\">53 km Women<\/h3>\n\n\n\n<figure class=\"wp-block-table\"><table class=\"has-fixed-layout\"><tbody><tr><td>Etunimi<\/td><td>Sukunimi<\/td><td>Seura<\/td><td>Aika<\/td><td>BTTF pisteet<\/td><\/tr><tr><td>Nina<\/td><td>Heiskanen<\/td><td>Helsinki Trail Running Club<\/td><td>8:06:30<\/td><td>50<\/td><\/tr><tr><td>Asta<\/td><td>Heikkala<\/td><td>HTRC<\/td><td>9:02:30<\/td><td>40<\/td><\/tr><tr><td>Sanna<\/td><td>S\u00e4kkinen<\/td><td>Passion Adventure<\/td><td>9:19:40<\/td><td>33<\/td><\/tr><tr><td>Saara<\/td><td>Viio<\/td><td>Kest\u00e4vyytt\u00e4&nbsp; pintakaasulla 24\/7<\/td><td>9:44:50<\/td><td>28<\/td><\/tr><tr><td>Tytti<\/td><td>Kaijanen<\/td><td>Passion Adventure<\/td><td>9:46:40<\/td><td>24<\/td><\/tr><tr><td>Merja<\/td><td>Enroos<\/td><td>Vieriv\u00e4t sammalet<\/td><td>10:00:10<\/td><td>21<\/td><\/tr><tr><td>Miia<\/td><td>Kahila<\/td><td><\/td><td>10:04:45<\/td><td>18<\/td><\/tr><tr><td>Ulla<\/td><td>Junttola<\/td><td>LNM<\/td><td>10:17:55<\/td><td>16<\/td><\/tr><tr><td>Sanna<\/td><td>Viitanen<\/td><td>Helsinki Trail Running Club<\/td><td>10:18:00<\/td><td>14<\/td><\/tr><tr><td>Jaana<\/td><td>Hylkinen<\/td><td>OLK ry<\/td><td>10:29:00<\/td><td>12<\/td><\/tr><tr><td>Johanna<\/td><td>Ranta<\/td><td><\/td><td>10:41:15<\/td><td>11<\/td><\/tr><tr><td>Eerika<\/td><td>Skarp<\/td><td><\/td><td>10:53:10<\/td><td>10<\/td><\/tr><tr><td>Laura<\/td><td>Lakio<\/td><td>HTRC<\/td><td>10:54:10<\/td><td>9<\/td><\/tr><tr><td>Laura<\/td><td>J\u00e4rvinen<\/td><td><\/td><td>10:56:40<\/td><td>8<\/td><\/tr><tr><td>Anniina<\/td><td>Erkkil\u00e4<\/td><td>Helsinki Trail Running Club<\/td><td>11:31:10<\/td><td>7<\/td><\/tr><tr><td>Kirsi<\/td><td>Koivula<\/td><td>LNM<\/td><td>11:45:20<\/td><td>6<\/td><\/tr><tr><td>Susan<\/td><td>Nordstr\u00f6m<\/td><td>Helsinki Trail Running Club<\/td><td>11:45:20<\/td><td>5<\/td><\/tr><\/tbody><\/table><\/figure>\n\n\n\n<h2 class=\"wp-block-heading\">Pictures &amp; videos<\/h2>\n\n\n\n<p>Kisaorganisaation <a href=\"https:\/\/www.flickr.com\/photos\/122870694@N07\/sets\/72157644768798315\/\">kuvakirjasto<\/a><\/p>\n\n\n\n<figure class=\"wp-block-embed is-type-video is-provider-youtube wp-block-embed-youtube wp-embed-aspect-16-9 wp-has-aspect-ratio\"><div class=\"wp-block-embed__wrapper\">\n<iframe loading=\"lazy\" title=\"Buff Trail Tour Finland 2014 - NUTS Karhunkierros 53k\" width=\"720\" height=\"405\" src=\"https:\/\/www.youtube.com\/embed\/O8swwHJWH1s?feature=oembed\" frameborder=\"0\" allow=\"accelerometer; autoplay; clipboard-write; encrypted-media; gyroscope; picture-in-picture; web-share\" referrerpolicy=\"strict-origin-when-cross-origin\" allowfullscreen><\/iframe>\n<\/div><\/figure>\n\n\n\n<figure class=\"wp-block-embed is-type-video is-provider-youtube wp-block-embed-youtube wp-embed-aspect-16-9 wp-has-aspect-ratio\"><div class=\"wp-block-embed__wrapper\">\n<iframe loading=\"lazy\" title=\"NUTS KK 160K\" width=\"720\" height=\"405\" src=\"https:\/\/www.youtube.com\/embed\/5vfRqsJD5kA?feature=oembed\" frameborder=\"0\" allow=\"accelerometer; autoplay; clipboard-write; encrypted-media; gyroscope; picture-in-picture; web-share\" referrerpolicy=\"strict-origin-when-cross-origin\" allowfullscreen><\/iframe>\n<\/div><\/figure>\n\n\n\n<figure class=\"wp-block-embed is-type-video is-provider-youtube wp-block-embed-youtube wp-embed-aspect-16-9 wp-has-aspect-ratio\"><div class=\"wp-block-embed__wrapper\">\n<iframe loading=\"lazy\" title=\"start 17 5\" width=\"720\" height=\"405\" src=\"https:\/\/www.youtube.com\/embed\/QP7y6x58Pyo?feature=oembed\" frameborder=\"0\" allow=\"accelerometer; autoplay; clipboard-write; encrypted-media; gyroscope; picture-in-picture; web-share\" referrerpolicy=\"strict-origin-when-cross-origin\" allowfullscreen><\/iframe>\n<\/div><\/figure>\n","protected":false},"excerpt":{"rendered":"<p>Results 80 km Men Etunimi Sukunimi Seura Aika Tero Ruokolainen Tampereen Maratonklubi 11:39:35 Antti Itkonen TrailRunners ALI 12:18:50 Marko Mattila FMR 12:19:40 Harri Yrttiaho Haukipudas 12:35:35 Anssi Auvinen Jyv\u00e4skyl\u00e4 Trail Runners 12:42:25 antti varis joensuu 13:28:35 Mikko Aaltonen Team Rahola 14:02:50 Jussi Keskinarkaus Free Adventure 14:16:15 Mikko Luusalo Endurance 14:30:40 Kari Suomela 14:58:45 Jaakko T\u00e4htinen&#8230;<\/p>\n","protected":false},"author":1,"featured_media":3906,"parent":3747,"menu_order":30,"comment_status":"closed","ping_status":"closed","template":"","meta":{"_kad_blocks_custom_css":"","_kad_blocks_head_custom_js":"","_kad_blocks_body_custom_js":"","_kad_blocks_footer_custom_js":"","_kad_post_transparent":"","_kad_post_title":"","_kad_post_layout":"","_kad_post_sidebar_id":"","_kad_post_content_style":"","_kad_post_vertical_padding":"","_kad_post_feature":"","_kad_post_feature_position":"","_kad_post_header":false,"_kad_post_footer":false,"_kad_post_classname":"","footnotes":""},"class_list":["post-3751","page","type-page","status-publish","has-post-thumbnail","hentry"],"yoast_head":"<!-- This site is optimized with the Yoast SEO plugin v26.8 - https:\/\/yoast.com\/product\/yoast-seo-wordpress\/ -->\n<title>2014 - NUTS Karhunkierros -polkujuoksu<\/title>\n<meta name=\"robots\" content=\"index, follow, max-snippet:-1, max-image-preview:large, max-video-preview:-1\" \/>\n<link rel=\"canonical\" href=\"https:\/\/nutskarhunkierros.fi\/en\/history\/2014-2\/\" \/>\n<meta property=\"og:locale\" content=\"en_US\" \/>\n<meta property=\"og:type\" content=\"article\" \/>\n<meta property=\"og:title\" content=\"2014 - NUTS Karhunkierros -polkujuoksu\" \/>\n<meta property=\"og:description\" content=\"Results 80 km Men Etunimi Sukunimi Seura Aika Tero Ruokolainen Tampereen Maratonklubi 11:39:35 Antti Itkonen TrailRunners ALI 12:18:50 Marko Mattila FMR 12:19:40 Harri Yrttiaho Haukipudas 12:35:35 Anssi Auvinen Jyv\u00e4skyl\u00e4 Trail Runners 12:42:25 antti varis joensuu 13:28:35 Mikko Aaltonen Team Rahola 14:02:50 Jussi Keskinarkaus Free Adventure 14:16:15 Mikko Luusalo Endurance 14:30:40 Kari Suomela 14:58:45 Jaakko T\u00e4htinen...\" \/>\n<meta property=\"og:url\" content=\"https:\/\/nutskarhunkierros.fi\/en\/history\/2014-2\/\" \/>\n<meta property=\"og:site_name\" content=\"NUTS Karhunkierros -polkujuoksu\" \/>\n<meta property=\"article:modified_time\" content=\"2025-02-19T19:47:23+00:00\" \/>\n<meta property=\"og:image\" content=\"https:\/\/media.nuts.fi\/wp-content\/uploads\/sites\/5\/2015\/08\/28141415\/14232970404_cc1598169e_o.jpg\" \/>\n\t<meta property=\"og:image:width\" content=\"1200\" \/>\n\t<meta property=\"og:image:height\" content=\"800\" \/>\n\t<meta property=\"og:image:type\" content=\"image\/jpeg\" \/>\n<meta name=\"twitter:card\" content=\"summary_large_image\" \/>\n<meta name=\"twitter:label1\" content=\"Est. reading time\" \/>\n\t<meta name=\"twitter:data1\" content=\"1 minute\" \/>\n<script type=\"application\/ld+json\" class=\"yoast-schema-graph\">{\"@context\":\"https:\/\/schema.org\",\"@graph\":[{\"@type\":\"WebPage\",\"@id\":\"https:\/\/nutskarhunkierros.fi\/en\/history\/2014-2\/\",\"url\":\"https:\/\/nutskarhunkierros.fi\/en\/history\/2014-2\/\",\"name\":\"2014 - NUTS Karhunkierros -polkujuoksu\",\"isPartOf\":{\"@id\":\"https:\/\/nutskarhunkierros.fi\/en\/#website\"},\"primaryImageOfPage\":{\"@id\":\"https:\/\/nutskarhunkierros.fi\/en\/history\/2014-2\/#primaryimage\"},\"image\":{\"@id\":\"https:\/\/nutskarhunkierros.fi\/en\/history\/2014-2\/#primaryimage\"},\"thumbnailUrl\":\"https:\/\/media.nuts.fi\/wp-content\/uploads\/sites\/5\/2015\/08\/28141415\/14232970404_cc1598169e_o.jpg\",\"datePublished\":\"2015-08-20T17:47:49+00:00\",\"dateModified\":\"2025-02-19T19:47:23+00:00\",\"breadcrumb\":{\"@id\":\"https:\/\/nutskarhunkierros.fi\/en\/history\/2014-2\/#breadcrumb\"},\"inLanguage\":\"en-US\",\"potentialAction\":[{\"@type\":\"ReadAction\",\"target\":[\"https:\/\/nutskarhunkierros.fi\/en\/history\/2014-2\/\"]}]},{\"@type\":\"ImageObject\",\"inLanguage\":\"en-US\",\"@id\":\"https:\/\/nutskarhunkierros.fi\/en\/history\/2014-2\/#primaryimage\",\"url\":\"https:\/\/media.nuts.fi\/wp-content\/uploads\/sites\/5\/2015\/08\/28141415\/14232970404_cc1598169e_o.jpg\",\"contentUrl\":\"https:\/\/media.nuts.fi\/wp-content\/uploads\/sites\/5\/2015\/08\/28141415\/14232970404_cc1598169e_o.jpg\",\"width\":1200,\"height\":800},{\"@type\":\"BreadcrumbList\",\"@id\":\"https:\/\/nutskarhunkierros.fi\/en\/history\/2014-2\/#breadcrumb\",\"itemListElement\":[{\"@type\":\"ListItem\",\"position\":1,\"name\":\"Etusivu\",\"item\":\"https:\/\/nutskarhunkierros.fi\/en\/\"},{\"@type\":\"ListItem\",\"position\":2,\"name\":\"History\",\"item\":\"https:\/\/nutskarhunkierros.fi\/en\/history\/\"},{\"@type\":\"ListItem\",\"position\":3,\"name\":\"2014\"}]},{\"@type\":\"WebSite\",\"@id\":\"https:\/\/nutskarhunkierros.fi\/en\/#website\",\"url\":\"https:\/\/nutskarhunkierros.fi\/en\/\",\"name\":\"NUTS Karhunkierros -polkujuoksu\",\"description\":\"Haasta Kuusamon kev\u00e4t! Polkujuoksu 13, 34, 55, 83 ja 166 kilometri\u00e4.\",\"publisher\":{\"@id\":\"https:\/\/nutskarhunkierros.fi\/en\/#organization\"},\"potentialAction\":[{\"@type\":\"SearchAction\",\"target\":{\"@type\":\"EntryPoint\",\"urlTemplate\":\"https:\/\/nutskarhunkierros.fi\/en\/?s={search_term_string}\"},\"query-input\":{\"@type\":\"PropertyValueSpecification\",\"valueRequired\":true,\"valueName\":\"search_term_string\"}}],\"inLanguage\":\"en-US\"},{\"@type\":\"Organization\",\"@id\":\"https:\/\/nutskarhunkierros.fi\/en\/#organization\",\"name\":\"NUTS Karhunkierros -polkujuoksu\",\"url\":\"https:\/\/nutskarhunkierros.fi\/en\/\",\"logo\":{\"@type\":\"ImageObject\",\"inLanguage\":\"en-US\",\"@id\":\"https:\/\/nutskarhunkierros.fi\/en\/#\/schema\/logo\/image\/\",\"url\":\"https:\/\/media.nuts.fi\/wp-content\/uploads\/sites\/5\/2025\/01\/28141416\/nuts-karhunkierros-white.svg\",\"contentUrl\":\"https:\/\/media.nuts.fi\/wp-content\/uploads\/sites\/5\/2025\/01\/28141416\/nuts-karhunkierros-white.svg\",\"caption\":\"NUTS Karhunkierros -polkujuoksu\"},\"image\":{\"@id\":\"https:\/\/nutskarhunkierros.fi\/en\/#\/schema\/logo\/image\/\"}}]}<\/script>\n<!-- \/ Yoast SEO plugin. -->","yoast_head_json":{"title":"2014 - NUTS Karhunkierros -polkujuoksu","robots":{"index":"index","follow":"follow","max-snippet":"max-snippet:-1","max-image-preview":"max-image-preview:large","max-video-preview":"max-video-preview:-1"},"canonical":"https:\/\/nutskarhunkierros.fi\/en\/history\/2014-2\/","og_locale":"en_US","og_type":"article","og_title":"2014 - NUTS Karhunkierros -polkujuoksu","og_description":"Results 80 km Men Etunimi Sukunimi Seura Aika Tero Ruokolainen Tampereen Maratonklubi 11:39:35 Antti Itkonen TrailRunners ALI 12:18:50 Marko Mattila FMR 12:19:40 Harri Yrttiaho Haukipudas 12:35:35 Anssi Auvinen Jyv\u00e4skyl\u00e4 Trail Runners 12:42:25 antti varis joensuu 13:28:35 Mikko Aaltonen Team Rahola 14:02:50 Jussi Keskinarkaus Free Adventure 14:16:15 Mikko Luusalo Endurance 14:30:40 Kari Suomela 14:58:45 Jaakko T\u00e4htinen...","og_url":"https:\/\/nutskarhunkierros.fi\/en\/history\/2014-2\/","og_site_name":"NUTS Karhunkierros -polkujuoksu","article_modified_time":"2025-02-19T19:47:23+00:00","og_image":[{"width":1200,"height":800,"url":"https:\/\/media.nuts.fi\/wp-content\/uploads\/sites\/5\/2015\/08\/28141415\/14232970404_cc1598169e_o.jpg","type":"image\/jpeg"}],"twitter_card":"summary_large_image","twitter_misc":{"Est. reading time":"1 minute"},"schema":{"@context":"https:\/\/schema.org","@graph":[{"@type":"WebPage","@id":"https:\/\/nutskarhunkierros.fi\/en\/history\/2014-2\/","url":"https:\/\/nutskarhunkierros.fi\/en\/history\/2014-2\/","name":"2014 - NUTS Karhunkierros -polkujuoksu","isPartOf":{"@id":"https:\/\/nutskarhunkierros.fi\/en\/#website"},"primaryImageOfPage":{"@id":"https:\/\/nutskarhunkierros.fi\/en\/history\/2014-2\/#primaryimage"},"image":{"@id":"https:\/\/nutskarhunkierros.fi\/en\/history\/2014-2\/#primaryimage"},"thumbnailUrl":"https:\/\/media.nuts.fi\/wp-content\/uploads\/sites\/5\/2015\/08\/28141415\/14232970404_cc1598169e_o.jpg","datePublished":"2015-08-20T17:47:49+00:00","dateModified":"2025-02-19T19:47:23+00:00","breadcrumb":{"@id":"https:\/\/nutskarhunkierros.fi\/en\/history\/2014-2\/#breadcrumb"},"inLanguage":"en-US","potentialAction":[{"@type":"ReadAction","target":["https:\/\/nutskarhunkierros.fi\/en\/history\/2014-2\/"]}]},{"@type":"ImageObject","inLanguage":"en-US","@id":"https:\/\/nutskarhunkierros.fi\/en\/history\/2014-2\/#primaryimage","url":"https:\/\/media.nuts.fi\/wp-content\/uploads\/sites\/5\/2015\/08\/28141415\/14232970404_cc1598169e_o.jpg","contentUrl":"https:\/\/media.nuts.fi\/wp-content\/uploads\/sites\/5\/2015\/08\/28141415\/14232970404_cc1598169e_o.jpg","width":1200,"height":800},{"@type":"BreadcrumbList","@id":"https:\/\/nutskarhunkierros.fi\/en\/history\/2014-2\/#breadcrumb","itemListElement":[{"@type":"ListItem","position":1,"name":"Etusivu","item":"https:\/\/nutskarhunkierros.fi\/en\/"},{"@type":"ListItem","position":2,"name":"History","item":"https:\/\/nutskarhunkierros.fi\/en\/history\/"},{"@type":"ListItem","position":3,"name":"2014"}]},{"@type":"WebSite","@id":"https:\/\/nutskarhunkierros.fi\/en\/#website","url":"https:\/\/nutskarhunkierros.fi\/en\/","name":"NUTS Karhunkierros -polkujuoksu","description":"Haasta Kuusamon kev\u00e4t! Polkujuoksu 13, 34, 55, 83 ja 166 kilometri\u00e4.","publisher":{"@id":"https:\/\/nutskarhunkierros.fi\/en\/#organization"},"potentialAction":[{"@type":"SearchAction","target":{"@type":"EntryPoint","urlTemplate":"https:\/\/nutskarhunkierros.fi\/en\/?s={search_term_string}"},"query-input":{"@type":"PropertyValueSpecification","valueRequired":true,"valueName":"search_term_string"}}],"inLanguage":"en-US"},{"@type":"Organization","@id":"https:\/\/nutskarhunkierros.fi\/en\/#organization","name":"NUTS Karhunkierros -polkujuoksu","url":"https:\/\/nutskarhunkierros.fi\/en\/","logo":{"@type":"ImageObject","inLanguage":"en-US","@id":"https:\/\/nutskarhunkierros.fi\/en\/#\/schema\/logo\/image\/","url":"https:\/\/media.nuts.fi\/wp-content\/uploads\/sites\/5\/2025\/01\/28141416\/nuts-karhunkierros-white.svg","contentUrl":"https:\/\/media.nuts.fi\/wp-content\/uploads\/sites\/5\/2025\/01\/28141416\/nuts-karhunkierros-white.svg","caption":"NUTS Karhunkierros -polkujuoksu"},"image":{"@id":"https:\/\/nutskarhunkierros.fi\/en\/#\/schema\/logo\/image\/"}}]}},"taxonomy_info":[],"featured_image_src_large":["https:\/\/media.nuts.fi\/wp-content\/uploads\/sites\/5\/2015\/08\/28141415\/14232970404_cc1598169e_o-1024x683.jpg",1024,683,true],"author_info":{"display_name":"NUTS","author_link":"https:\/\/nutskarhunkierros.fi\/en\/author\/user\/"},"comment_info":0,"_links":{"self":[{"href":"https:\/\/nutskarhunkierros.fi\/en\/wp-json\/wp\/v2\/pages\/3751","targetHints":{"allow":["GET"]}}],"collection":[{"href":"https:\/\/nutskarhunkierros.fi\/en\/wp-json\/wp\/v2\/pages"}],"about":[{"href":"https:\/\/nutskarhunkierros.fi\/en\/wp-json\/wp\/v2\/types\/page"}],"author":[{"embeddable":true,"href":"https:\/\/nutskarhunkierros.fi\/en\/wp-json\/wp\/v2\/users\/1"}],"replies":[{"embeddable":true,"href":"https:\/\/nutskarhunkierros.fi\/en\/wp-json\/wp\/v2\/comments?post=3751"}],"version-history":[{"count":2,"href":"https:\/\/nutskarhunkierros.fi\/en\/wp-json\/wp\/v2\/pages\/3751\/revisions"}],"predecessor-version":[{"id":4181,"href":"https:\/\/nutskarhunkierros.fi\/en\/wp-json\/wp\/v2\/pages\/3751\/revisions\/4181"}],"up":[{"embeddable":true,"href":"https:\/\/nutskarhunkierros.fi\/en\/wp-json\/wp\/v2\/pages\/3747"}],"wp:featuredmedia":[{"embeddable":true,"href":"https:\/\/nutskarhunkierros.fi\/en\/wp-json\/wp\/v2\/media\/3906"}],"wp:attachment":[{"href":"https:\/\/nutskarhunkierros.fi\/en\/wp-json\/wp\/v2\/media?parent=3751"}],"curies":[{"name":"wp","href":"https:\/\/api.w.org\/{rel}","templated":true}]}}