{"id":3755,"date":"2016-04-26T06:32:16","date_gmt":"2016-04-26T03:32:16","guid":{"rendered":"https:\/\/nutskarhunkierros.fi\/oulanka-national-park-and-karhunkierros\/"},"modified":"2025-05-15T17:10:12","modified_gmt":"2025-05-15T14:10:12","slug":"oulanka-national-park-and-karhunkierros","status":"publish","type":"page","link":"https:\/\/nutskarhunkierros.fi\/en\/oulanka-national-park-and-karhunkierros\/","title":{"rendered":"Oulanka National Park and Karhunkierros"},"content":{"rendered":"\n<p>In the rugged landscape of the Karhunkierros Trail, you will observe the power of water. The many trail options and hanging bridges will take you to the most impressive waterfalls in Finland. The jumps of wild brown trout, the dives of European dippers, the unlimited beauty of the aapa mires and the lovely calypso will challenge even the experienced nature photographer. Nature doesn&#8217;t recognise any state boundaries: the vast wilderness of the Paanaj\u00e4rvi National Park is to be found on the Russian side of the border.<\/p>\n\n\n\n<p>Metaphorically speaking, Oulanka has risen from turbulence to the status of national park. The park is intersected by two free-flowing rivers, whose most famous rapids, Kiutak\u00f6ng\u00e4s in the Oulankajoki River and Jyr\u00e4v\u00e4 in the Kitkajoki River, form a part of unique Finnish nature. The most turbulent times in Oulanka were the early 1950s, when a controversy broke out over the ownership and harnessing of Kuusamo&#8217;s rapids. Around the same time, the general parcelling out of land drew a clear line between state and private land ownership. After this, Oulanka was on its way to becoming one of the most widely known national parks in Finland and the Oulanka National Park was established in 1956.<\/p>\n\n\n<style>.wp-block-kadence-advancedbtn.kb-btns3755_719ad5-63{gap:var(--global-kb-gap-xs, 0.5rem );justify-content:center;align-items:center;}.kt-btns3755_719ad5-63 .kt-button{font-weight:normal;font-style:normal;}.kt-btns3755_719ad5-63 .kt-btn-wrap-0{margin-right:5px;}.wp-block-kadence-advancedbtn.kt-btns3755_719ad5-63 .kt-btn-wrap-0 .kt-button{color:#555555;border-color:#555555;}.wp-block-kadence-advancedbtn.kt-btns3755_719ad5-63 .kt-btn-wrap-0 .kt-button:hover, .wp-block-kadence-advancedbtn.kt-btns3755_719ad5-63 .kt-btn-wrap-0 .kt-button:focus{color:#ffffff;border-color:#444444;}.wp-block-kadence-advancedbtn.kt-btns3755_719ad5-63 .kt-btn-wrap-0 .kt-button::before{display:none;}.wp-block-kadence-advancedbtn.kt-btns3755_719ad5-63 .kt-btn-wrap-0 .kt-button:hover, .wp-block-kadence-advancedbtn.kt-btns3755_719ad5-63 .kt-btn-wrap-0 .kt-button:focus{background:#444444;}<\/style>\n<div class=\"wp-block-kadence-advancedbtn kb-buttons-wrap kb-btns3755_719ad5-63\"><style>ul.menu .wp-block-kadence-advancedbtn .kb-btn3755_9fb7b0-87.kb-button{width:initial;}<\/style><a class=\"kb-button kt-button button kb-btn3755_9fb7b0-87 kt-btn-size-standard kt-btn-width-type-auto kb-btn-global-fill  kt-btn-has-text-true kt-btn-has-svg-false  wp-block-kadence-singlebtn\" href=\"https:\/\/www.luontoon.fi\/en\/destinations\/oulanka-national-park\"><span class=\"kt-btn-inner-text\">Oulanka National Park<\/span><\/a><\/div>\n\n\n\n<figure class=\"wp-block-gallery has-nested-images columns-4 is-cropped wp-block-gallery-1 is-layout-flex wp-block-gallery-is-layout-flex\">\n<figure class=\"wp-block-image size-large\"><a href=\"https:\/\/media.nuts.fi\/wp-content\/uploads\/sites\/5\/2018\/04\/28141358\/Oulanka_veltajaPienellaKarhunkierroksella__Siru-LeenaMukkala_IMG_0170-2.jpg\"><img loading=\"lazy\" decoding=\"async\" width=\"800\" height=\"533\" data-id=\"1335\" src=\"https:\/\/media.nuts.fi\/wp-content\/uploads\/sites\/5\/2018\/04\/28141358\/Oulanka_veltajaPienellaKarhunkierroksella__Siru-LeenaMukkala_IMG_0170-2.jpg\" alt=\"\" class=\"wp-image-1335\" srcset=\"https:\/\/media.nuts.fi\/wp-content\/uploads\/sites\/5\/2018\/04\/28141358\/Oulanka_veltajaPienellaKarhunkierroksella__Siru-LeenaMukkala_IMG_0170-2.jpg 800w, https:\/\/media.nuts.fi\/wp-content\/uploads\/sites\/5\/2018\/04\/28141358\/Oulanka_veltajaPienellaKarhunkierroksella__Siru-LeenaMukkala_IMG_0170-2-300x200.jpg 300w, https:\/\/media.nuts.fi\/wp-content\/uploads\/sites\/5\/2018\/04\/28141358\/Oulanka_veltajaPienellaKarhunkierroksella__Siru-LeenaMukkala_IMG_0170-2-768x512.jpg 768w\" sizes=\"auto, (max-width: 800px) 100vw, 800px\" \/><\/a><\/figure>\n\n\n\n<figure class=\"wp-block-image size-large\"><a href=\"https:\/\/media.nuts.fi\/wp-content\/uploads\/sites\/5\/2018\/04\/28141357\/Oulanka_Pienikk_MHElinaOde.jpg\"><img loading=\"lazy\" decoding=\"async\" width=\"800\" height=\"600\" data-id=\"1336\" src=\"https:\/\/media.nuts.fi\/wp-content\/uploads\/sites\/5\/2018\/04\/28141357\/Oulanka_Pienikk_MHElinaOde.jpg\" alt=\"\" class=\"wp-image-1336\" srcset=\"https:\/\/media.nuts.fi\/wp-content\/uploads\/sites\/5\/2018\/04\/28141357\/Oulanka_Pienikk_MHElinaOde.jpg 800w, https:\/\/media.nuts.fi\/wp-content\/uploads\/sites\/5\/2018\/04\/28141357\/Oulanka_Pienikk_MHElinaOde-300x225.jpg 300w, https:\/\/media.nuts.fi\/wp-content\/uploads\/sites\/5\/2018\/04\/28141357\/Oulanka_Pienikk_MHElinaOde-768x576.jpg 768w\" sizes=\"auto, (max-width: 800px) 100vw, 800px\" \/><\/a><\/figure>\n\n\n\n<figure class=\"wp-block-image size-large\"><a href=\"https:\/\/media.nuts.fi\/wp-content\/uploads\/sites\/5\/2018\/04\/28141357\/Koskenlaskua-Kitkajoella-2.jpg\"><img loading=\"lazy\" decoding=\"async\" width=\"800\" height=\"600\" data-id=\"1337\" src=\"https:\/\/media.nuts.fi\/wp-content\/uploads\/sites\/5\/2018\/04\/28141357\/Koskenlaskua-Kitkajoella-2.jpg\" alt=\"\" class=\"wp-image-1337\" srcset=\"https:\/\/media.nuts.fi\/wp-content\/uploads\/sites\/5\/2018\/04\/28141357\/Koskenlaskua-Kitkajoella-2.jpg 800w, https:\/\/media.nuts.fi\/wp-content\/uploads\/sites\/5\/2018\/04\/28141357\/Koskenlaskua-Kitkajoella-2-300x225.jpg 300w, https:\/\/media.nuts.fi\/wp-content\/uploads\/sites\/5\/2018\/04\/28141357\/Koskenlaskua-Kitkajoella-2-768x576.jpg 768w\" sizes=\"auto, (max-width: 800px) 100vw, 800px\" \/><\/a><\/figure>\n\n\n\n<figure class=\"wp-block-image size-large\"><a href=\"https:\/\/media.nuts.fi\/wp-content\/uploads\/sites\/5\/2018\/04\/28141357\/Konttainen_nakoala_syksy_MinnaKoramo-2.jpg\"><img loading=\"lazy\" decoding=\"async\" width=\"800\" height=\"533\" data-id=\"1338\" src=\"https:\/\/media.nuts.fi\/wp-content\/uploads\/sites\/5\/2018\/04\/28141357\/Konttainen_nakoala_syksy_MinnaKoramo-2.jpg\" alt=\"\" class=\"wp-image-1338\" srcset=\"https:\/\/media.nuts.fi\/wp-content\/uploads\/sites\/5\/2018\/04\/28141357\/Konttainen_nakoala_syksy_MinnaKoramo-2.jpg 800w, https:\/\/media.nuts.fi\/wp-content\/uploads\/sites\/5\/2018\/04\/28141357\/Konttainen_nakoala_syksy_MinnaKoramo-2-300x200.jpg 300w, https:\/\/media.nuts.fi\/wp-content\/uploads\/sites\/5\/2018\/04\/28141357\/Konttainen_nakoala_syksy_MinnaKoramo-2-768x512.jpg 768w\" sizes=\"auto, (max-width: 800px) 100vw, 800px\" \/><\/a><\/figure>\n\n\n\n<figure class=\"wp-block-image size-large\"><a href=\"https:\/\/media.nuts.fi\/wp-content\/uploads\/sites\/5\/2018\/04\/28141357\/kevatrieha-10-of-14-2.jpg\"><img loading=\"lazy\" decoding=\"async\" width=\"800\" height=\"533\" data-id=\"1339\" src=\"https:\/\/media.nuts.fi\/wp-content\/uploads\/sites\/5\/2018\/04\/28141357\/kevatrieha-10-of-14-2.jpg\" alt=\"\" class=\"wp-image-1339\" srcset=\"https:\/\/media.nuts.fi\/wp-content\/uploads\/sites\/5\/2018\/04\/28141357\/kevatrieha-10-of-14-2.jpg 800w, https:\/\/media.nuts.fi\/wp-content\/uploads\/sites\/5\/2018\/04\/28141357\/kevatrieha-10-of-14-2-300x200.jpg 300w, https:\/\/media.nuts.fi\/wp-content\/uploads\/sites\/5\/2018\/04\/28141357\/kevatrieha-10-of-14-2-768x512.jpg 768w\" sizes=\"auto, (max-width: 800px) 100vw, 800px\" \/><\/a><\/figure>\n\n\n\n<figure class=\"wp-block-image size-large\"><a href=\"https:\/\/media.nuts.fi\/wp-content\/uploads\/sites\/5\/2018\/04\/28141356\/Jari-Hindstrom_vastavalo-618332-2.jpg\"><img loading=\"lazy\" decoding=\"async\" width=\"800\" height=\"599\" data-id=\"1340\" src=\"https:\/\/media.nuts.fi\/wp-content\/uploads\/sites\/5\/2018\/04\/28141356\/Jari-Hindstrom_vastavalo-618332-2.jpg\" alt=\"\" class=\"wp-image-1340\" srcset=\"https:\/\/media.nuts.fi\/wp-content\/uploads\/sites\/5\/2018\/04\/28141356\/Jari-Hindstrom_vastavalo-618332-2.jpg 800w, https:\/\/media.nuts.fi\/wp-content\/uploads\/sites\/5\/2018\/04\/28141356\/Jari-Hindstrom_vastavalo-618332-2-300x225.jpg 300w, https:\/\/media.nuts.fi\/wp-content\/uploads\/sites\/5\/2018\/04\/28141356\/Jari-Hindstrom_vastavalo-618332-2-768x575.jpg 768w\" sizes=\"auto, (max-width: 800px) 100vw, 800px\" \/><\/a><\/figure>\n\n\n\n<figure class=\"wp-block-image size-large\"><a href=\"https:\/\/media.nuts.fi\/wp-content\/uploads\/sites\/5\/2018\/04\/28141356\/Jari-Hindstrom_vastavalo-617902-2.jpg\"><img loading=\"lazy\" decoding=\"async\" width=\"800\" height=\"600\" data-id=\"1341\" src=\"https:\/\/media.nuts.fi\/wp-content\/uploads\/sites\/5\/2018\/04\/28141356\/Jari-Hindstrom_vastavalo-617902-2.jpg\" alt=\"\" class=\"wp-image-1341\" srcset=\"https:\/\/media.nuts.fi\/wp-content\/uploads\/sites\/5\/2018\/04\/28141356\/Jari-Hindstrom_vastavalo-617902-2.jpg 800w, https:\/\/media.nuts.fi\/wp-content\/uploads\/sites\/5\/2018\/04\/28141356\/Jari-Hindstrom_vastavalo-617902-2-300x225.jpg 300w, https:\/\/media.nuts.fi\/wp-content\/uploads\/sites\/5\/2018\/04\/28141356\/Jari-Hindstrom_vastavalo-617902-2-768x576.jpg 768w\" sizes=\"auto, (max-width: 800px) 100vw, 800px\" \/><\/a><\/figure>\n\n\n\n<figure class=\"wp-block-image size-large\"><a href=\"https:\/\/media.nuts.fi\/wp-content\/uploads\/sites\/5\/2018\/04\/28141356\/Jari-Hindstrom_vastavalo-617867-2.jpg\"><img loading=\"lazy\" decoding=\"async\" width=\"800\" height=\"582\" data-id=\"1342\" src=\"https:\/\/media.nuts.fi\/wp-content\/uploads\/sites\/5\/2018\/04\/28141356\/Jari-Hindstrom_vastavalo-617867-2.jpg\" alt=\"\" class=\"wp-image-1342\" srcset=\"https:\/\/media.nuts.fi\/wp-content\/uploads\/sites\/5\/2018\/04\/28141356\/Jari-Hindstrom_vastavalo-617867-2.jpg 800w, https:\/\/media.nuts.fi\/wp-content\/uploads\/sites\/5\/2018\/04\/28141356\/Jari-Hindstrom_vastavalo-617867-2-300x218.jpg 300w, https:\/\/media.nuts.fi\/wp-content\/uploads\/sites\/5\/2018\/04\/28141356\/Jari-Hindstrom_vastavalo-617867-2-768x559.jpg 768w\" sizes=\"auto, (max-width: 800px) 100vw, 800px\" \/><\/a><\/figure>\n\n\n\n<figure class=\"wp-block-image size-large\"><a href=\"https:\/\/media.nuts.fi\/wp-content\/uploads\/sites\/5\/2018\/04\/28141355\/Jari-Hindstrom_vastavalo-617656-2.jpg\"><img loading=\"lazy\" decoding=\"async\" width=\"800\" height=\"599\" data-id=\"1343\" src=\"https:\/\/media.nuts.fi\/wp-content\/uploads\/sites\/5\/2018\/04\/28141355\/Jari-Hindstrom_vastavalo-617656-2.jpg\" alt=\"\" class=\"wp-image-1343\" srcset=\"https:\/\/media.nuts.fi\/wp-content\/uploads\/sites\/5\/2018\/04\/28141355\/Jari-Hindstrom_vastavalo-617656-2.jpg 800w, https:\/\/media.nuts.fi\/wp-content\/uploads\/sites\/5\/2018\/04\/28141355\/Jari-Hindstrom_vastavalo-617656-2-300x225.jpg 300w, https:\/\/media.nuts.fi\/wp-content\/uploads\/sites\/5\/2018\/04\/28141355\/Jari-Hindstrom_vastavalo-617656-2-768x575.jpg 768w\" sizes=\"auto, (max-width: 800px) 100vw, 800px\" \/><\/a><\/figure>\n\n\n\n<figure class=\"wp-block-image size-large\"><a href=\"https:\/\/media.nuts.fi\/wp-content\/uploads\/sites\/5\/2018\/04\/28141355\/Jari-Hindstrom_vastavalo-618362-2.jpg\"><img loading=\"lazy\" decoding=\"async\" width=\"599\" height=\"800\" data-id=\"1344\" src=\"https:\/\/media.nuts.fi\/wp-content\/uploads\/sites\/5\/2018\/04\/28141355\/Jari-Hindstrom_vastavalo-618362-2.jpg\" alt=\"\" class=\"wp-image-1344\" srcset=\"https:\/\/media.nuts.fi\/wp-content\/uploads\/sites\/5\/2018\/04\/28141355\/Jari-Hindstrom_vastavalo-618362-2.jpg 599w, https:\/\/media.nuts.fi\/wp-content\/uploads\/sites\/5\/2018\/04\/28141355\/Jari-Hindstrom_vastavalo-618362-2-225x300.jpg 225w\" sizes=\"auto, (max-width: 599px) 100vw, 599px\" \/><\/a><\/figure>\n\n\n\n<figure class=\"wp-block-image size-large\"><a href=\"https:\/\/media.nuts.fi\/wp-content\/uploads\/sites\/5\/2018\/04\/28141355\/Oulanka_Jyrava_koski_maisema_retkeilija-2.jpg\"><img loading=\"lazy\" decoding=\"async\" width=\"533\" height=\"800\" data-id=\"1345\" src=\"https:\/\/media.nuts.fi\/wp-content\/uploads\/sites\/5\/2018\/04\/28141355\/Oulanka_Jyrava_koski_maisema_retkeilija-2.jpg\" alt=\"\" class=\"wp-image-1345\" srcset=\"https:\/\/media.nuts.fi\/wp-content\/uploads\/sites\/5\/2018\/04\/28141355\/Oulanka_Jyrava_koski_maisema_retkeilija-2.jpg 533w, https:\/\/media.nuts.fi\/wp-content\/uploads\/sites\/5\/2018\/04\/28141355\/Oulanka_Jyrava_koski_maisema_retkeilija-2-200x300.jpg 200w\" sizes=\"auto, (max-width: 533px) 100vw, 533px\" \/><\/a><\/figure>\n\n\n\n<figure class=\"wp-block-image size-large\"><a href=\"https:\/\/media.nuts.fi\/wp-content\/uploads\/sites\/5\/2018\/04\/28141355\/Oulanka-Kitkajoki-melojat_Kuva-Minna-Koramo-Metsahallitus-2.jpg\"><img loading=\"lazy\" decoding=\"async\" width=\"800\" height=\"533\" data-id=\"1346\" src=\"https:\/\/media.nuts.fi\/wp-content\/uploads\/sites\/5\/2018\/04\/28141355\/Oulanka-Kitkajoki-melojat_Kuva-Minna-Koramo-Metsahallitus-2.jpg\" alt=\"\" class=\"wp-image-1346\" srcset=\"https:\/\/media.nuts.fi\/wp-content\/uploads\/sites\/5\/2018\/04\/28141355\/Oulanka-Kitkajoki-melojat_Kuva-Minna-Koramo-Metsahallitus-2.jpg 800w, https:\/\/media.nuts.fi\/wp-content\/uploads\/sites\/5\/2018\/04\/28141355\/Oulanka-Kitkajoki-melojat_Kuva-Minna-Koramo-Metsahallitus-2-300x200.jpg 300w, https:\/\/media.nuts.fi\/wp-content\/uploads\/sites\/5\/2018\/04\/28141355\/Oulanka-Kitkajoki-melojat_Kuva-Minna-Koramo-Metsahallitus-2-768x512.jpg 768w\" sizes=\"auto, (max-width: 800px) 100vw, 800px\" \/><\/a><\/figure>\n\n\n\n<figure class=\"wp-block-image size-large\"><a href=\"https:\/\/media.nuts.fi\/wp-content\/uploads\/sites\/5\/2018\/04\/28141354\/Oulanka_Karhunkierros__Siru-LeenaMukkala_IMG_0119-2.jpg\"><img loading=\"lazy\" decoding=\"async\" width=\"800\" height=\"533\" data-id=\"1347\" src=\"https:\/\/media.nuts.fi\/wp-content\/uploads\/sites\/5\/2018\/04\/28141354\/Oulanka_Karhunkierros__Siru-LeenaMukkala_IMG_0119-2.jpg\" alt=\"\" class=\"wp-image-1347\" srcset=\"https:\/\/media.nuts.fi\/wp-content\/uploads\/sites\/5\/2018\/04\/28141354\/Oulanka_Karhunkierros__Siru-LeenaMukkala_IMG_0119-2.jpg 800w, https:\/\/media.nuts.fi\/wp-content\/uploads\/sites\/5\/2018\/04\/28141354\/Oulanka_Karhunkierros__Siru-LeenaMukkala_IMG_0119-2-300x200.jpg 300w, https:\/\/media.nuts.fi\/wp-content\/uploads\/sites\/5\/2018\/04\/28141354\/Oulanka_Karhunkierros__Siru-LeenaMukkala_IMG_0119-2-768x512.jpg 768w\" sizes=\"auto, (max-width: 800px) 100vw, 800px\" \/><\/a><\/figure>\n<\/figure>\n","protected":false},"excerpt":{"rendered":"<p>In the rugged landscape of the Karhunkierros Trail, you will observe the power of water. The many trail options and hanging bridges will take you to the most impressive waterfalls in Finland. The jumps of wild brown trout, the dives of European dippers, the unlimited beauty of the aapa mires and the lovely calypso will&#8230;<\/p>\n","protected":false},"author":1,"featured_media":3953,"parent":0,"menu_order":0,"comment_status":"closed","ping_status":"closed","template":"","meta":{"_kad_blocks_custom_css":"","_kad_blocks_head_custom_js":"","_kad_blocks_body_custom_js":"","_kad_blocks_footer_custom_js":"","_kad_post_transparent":"","_kad_post_title":"","_kad_post_layout":"","_kad_post_sidebar_id":"","_kad_post_content_style":"","_kad_post_vertical_padding":"","_kad_post_feature":"","_kad_post_feature_position":"","_kad_post_header":false,"_kad_post_footer":false,"_kad_post_classname":"","footnotes":""},"class_list":["post-3755","page","type-page","status-publish","has-post-thumbnail","hentry"],"yoast_head":"<!-- This site is optimized with the Yoast SEO plugin v26.8 - https:\/\/yoast.com\/product\/yoast-seo-wordpress\/ -->\n<title>Oulanka National Park and Karhunkierros - NUTS Karhunkierros -polkujuoksu<\/title>\n<meta name=\"robots\" content=\"index, follow, max-snippet:-1, max-image-preview:large, max-video-preview:-1\" \/>\n<link rel=\"canonical\" href=\"https:\/\/nutskarhunkierros.fi\/en\/oulanka-national-park-and-karhunkierros\/\" \/>\n<meta property=\"og:locale\" content=\"en_US\" \/>\n<meta property=\"og:type\" content=\"article\" \/>\n<meta property=\"og:title\" content=\"Oulanka National Park and Karhunkierros - NUTS Karhunkierros -polkujuoksu\" \/>\n<meta property=\"og:description\" content=\"In the rugged landscape of the Karhunkierros Trail, you will observe the power of water. The many trail options and hanging bridges will take you to the most impressive waterfalls in Finland. The jumps of wild brown trout, the dives of European dippers, the unlimited beauty of the aapa mires and the lovely calypso will...\" \/>\n<meta property=\"og:url\" content=\"https:\/\/nutskarhunkierros.fi\/en\/oulanka-national-park-and-karhunkierros\/\" \/>\n<meta property=\"og:site_name\" content=\"NUTS Karhunkierros -polkujuoksu\" \/>\n<meta property=\"article:modified_time\" content=\"2025-05-15T14:10:12+00:00\" \/>\n<meta property=\"og:image\" content=\"https:\/\/media.nuts.fi\/wp-content\/uploads\/sites\/5\/2018\/04\/28141354\/Jari-Hindstrom_vastavalo-617656-1.jpg\" \/>\n\t<meta property=\"og:image:width\" content=\"2048\" \/>\n\t<meta property=\"og:image:height\" content=\"585\" \/>\n\t<meta property=\"og:image:type\" content=\"image\/jpeg\" \/>\n<meta name=\"twitter:card\" content=\"summary_large_image\" \/>\n<meta name=\"twitter:label1\" content=\"Est. reading time\" \/>\n\t<meta name=\"twitter:data1\" content=\"1 minute\" \/>\n<script type=\"application\/ld+json\" class=\"yoast-schema-graph\">{\"@context\":\"https:\/\/schema.org\",\"@graph\":[{\"@type\":\"WebPage\",\"@id\":\"https:\/\/nutskarhunkierros.fi\/en\/oulanka-national-park-and-karhunkierros\/\",\"url\":\"https:\/\/nutskarhunkierros.fi\/en\/oulanka-national-park-and-karhunkierros\/\",\"name\":\"Oulanka National Park and Karhunkierros - NUTS Karhunkierros -polkujuoksu\",\"isPartOf\":{\"@id\":\"https:\/\/nutskarhunkierros.fi\/en\/#website\"},\"primaryImageOfPage\":{\"@id\":\"https:\/\/nutskarhunkierros.fi\/en\/oulanka-national-park-and-karhunkierros\/#primaryimage\"},\"image\":{\"@id\":\"https:\/\/nutskarhunkierros.fi\/en\/oulanka-national-park-and-karhunkierros\/#primaryimage\"},\"thumbnailUrl\":\"https:\/\/media.nuts.fi\/wp-content\/uploads\/sites\/5\/2018\/04\/28141354\/Jari-Hindstrom_vastavalo-617656-1.jpg\",\"datePublished\":\"2016-04-26T03:32:16+00:00\",\"dateModified\":\"2025-05-15T14:10:12+00:00\",\"breadcrumb\":{\"@id\":\"https:\/\/nutskarhunkierros.fi\/en\/oulanka-national-park-and-karhunkierros\/#breadcrumb\"},\"inLanguage\":\"en-US\",\"potentialAction\":[{\"@type\":\"ReadAction\",\"target\":[\"https:\/\/nutskarhunkierros.fi\/en\/oulanka-national-park-and-karhunkierros\/\"]}]},{\"@type\":\"ImageObject\",\"inLanguage\":\"en-US\",\"@id\":\"https:\/\/nutskarhunkierros.fi\/en\/oulanka-national-park-and-karhunkierros\/#primaryimage\",\"url\":\"https:\/\/media.nuts.fi\/wp-content\/uploads\/sites\/5\/2018\/04\/28141354\/Jari-Hindstrom_vastavalo-617656-1.jpg\",\"contentUrl\":\"https:\/\/media.nuts.fi\/wp-content\/uploads\/sites\/5\/2018\/04\/28141354\/Jari-Hindstrom_vastavalo-617656-1.jpg\",\"width\":2048,\"height\":585},{\"@type\":\"BreadcrumbList\",\"@id\":\"https:\/\/nutskarhunkierros.fi\/en\/oulanka-national-park-and-karhunkierros\/#breadcrumb\",\"itemListElement\":[{\"@type\":\"ListItem\",\"position\":1,\"name\":\"Etusivu\",\"item\":\"https:\/\/nutskarhunkierros.fi\/en\/\"},{\"@type\":\"ListItem\",\"position\":2,\"name\":\"Oulanka National Park and Karhunkierros\"}]},{\"@type\":\"WebSite\",\"@id\":\"https:\/\/nutskarhunkierros.fi\/en\/#website\",\"url\":\"https:\/\/nutskarhunkierros.fi\/en\/\",\"name\":\"NUTS Karhunkierros -polkujuoksu\",\"description\":\"Haasta Kuusamon kev\u00e4t! Polkujuoksu 13, 34, 55, 83 ja 166 kilometri\u00e4.\",\"publisher\":{\"@id\":\"https:\/\/nutskarhunkierros.fi\/en\/#organization\"},\"potentialAction\":[{\"@type\":\"SearchAction\",\"target\":{\"@type\":\"EntryPoint\",\"urlTemplate\":\"https:\/\/nutskarhunkierros.fi\/en\/?s={search_term_string}\"},\"query-input\":{\"@type\":\"PropertyValueSpecification\",\"valueRequired\":true,\"valueName\":\"search_term_string\"}}],\"inLanguage\":\"en-US\"},{\"@type\":\"Organization\",\"@id\":\"https:\/\/nutskarhunkierros.fi\/en\/#organization\",\"name\":\"NUTS Karhunkierros -polkujuoksu\",\"url\":\"https:\/\/nutskarhunkierros.fi\/en\/\",\"logo\":{\"@type\":\"ImageObject\",\"inLanguage\":\"en-US\",\"@id\":\"https:\/\/nutskarhunkierros.fi\/en\/#\/schema\/logo\/image\/\",\"url\":\"https:\/\/media.nuts.fi\/wp-content\/uploads\/sites\/5\/2025\/01\/28141416\/nuts-karhunkierros-white.svg\",\"contentUrl\":\"https:\/\/media.nuts.fi\/wp-content\/uploads\/sites\/5\/2025\/01\/28141416\/nuts-karhunkierros-white.svg\",\"caption\":\"NUTS Karhunkierros -polkujuoksu\"},\"image\":{\"@id\":\"https:\/\/nutskarhunkierros.fi\/en\/#\/schema\/logo\/image\/\"}}]}<\/script>\n<!-- \/ Yoast SEO plugin. -->","yoast_head_json":{"title":"Oulanka National Park and Karhunkierros - NUTS Karhunkierros -polkujuoksu","robots":{"index":"index","follow":"follow","max-snippet":"max-snippet:-1","max-image-preview":"max-image-preview:large","max-video-preview":"max-video-preview:-1"},"canonical":"https:\/\/nutskarhunkierros.fi\/en\/oulanka-national-park-and-karhunkierros\/","og_locale":"en_US","og_type":"article","og_title":"Oulanka National Park and Karhunkierros - NUTS Karhunkierros -polkujuoksu","og_description":"In the rugged landscape of the Karhunkierros Trail, you will observe the power of water. The many trail options and hanging bridges will take you to the most impressive waterfalls in Finland. The jumps of wild brown trout, the dives of European dippers, the unlimited beauty of the aapa mires and the lovely calypso will...","og_url":"https:\/\/nutskarhunkierros.fi\/en\/oulanka-national-park-and-karhunkierros\/","og_site_name":"NUTS Karhunkierros -polkujuoksu","article_modified_time":"2025-05-15T14:10:12+00:00","og_image":[{"width":2048,"height":585,"url":"https:\/\/media.nuts.fi\/wp-content\/uploads\/sites\/5\/2018\/04\/28141354\/Jari-Hindstrom_vastavalo-617656-1.jpg","type":"image\/jpeg"}],"twitter_card":"summary_large_image","twitter_misc":{"Est. reading time":"1 minute"},"schema":{"@context":"https:\/\/schema.org","@graph":[{"@type":"WebPage","@id":"https:\/\/nutskarhunkierros.fi\/en\/oulanka-national-park-and-karhunkierros\/","url":"https:\/\/nutskarhunkierros.fi\/en\/oulanka-national-park-and-karhunkierros\/","name":"Oulanka National Park and Karhunkierros - NUTS Karhunkierros -polkujuoksu","isPartOf":{"@id":"https:\/\/nutskarhunkierros.fi\/en\/#website"},"primaryImageOfPage":{"@id":"https:\/\/nutskarhunkierros.fi\/en\/oulanka-national-park-and-karhunkierros\/#primaryimage"},"image":{"@id":"https:\/\/nutskarhunkierros.fi\/en\/oulanka-national-park-and-karhunkierros\/#primaryimage"},"thumbnailUrl":"https:\/\/media.nuts.fi\/wp-content\/uploads\/sites\/5\/2018\/04\/28141354\/Jari-Hindstrom_vastavalo-617656-1.jpg","datePublished":"2016-04-26T03:32:16+00:00","dateModified":"2025-05-15T14:10:12+00:00","breadcrumb":{"@id":"https:\/\/nutskarhunkierros.fi\/en\/oulanka-national-park-and-karhunkierros\/#breadcrumb"},"inLanguage":"en-US","potentialAction":[{"@type":"ReadAction","target":["https:\/\/nutskarhunkierros.fi\/en\/oulanka-national-park-and-karhunkierros\/"]}]},{"@type":"ImageObject","inLanguage":"en-US","@id":"https:\/\/nutskarhunkierros.fi\/en\/oulanka-national-park-and-karhunkierros\/#primaryimage","url":"https:\/\/media.nuts.fi\/wp-content\/uploads\/sites\/5\/2018\/04\/28141354\/Jari-Hindstrom_vastavalo-617656-1.jpg","contentUrl":"https:\/\/media.nuts.fi\/wp-content\/uploads\/sites\/5\/2018\/04\/28141354\/Jari-Hindstrom_vastavalo-617656-1.jpg","width":2048,"height":585},{"@type":"BreadcrumbList","@id":"https:\/\/nutskarhunkierros.fi\/en\/oulanka-national-park-and-karhunkierros\/#breadcrumb","itemListElement":[{"@type":"ListItem","position":1,"name":"Etusivu","item":"https:\/\/nutskarhunkierros.fi\/en\/"},{"@type":"ListItem","position":2,"name":"Oulanka National Park and Karhunkierros"}]},{"@type":"WebSite","@id":"https:\/\/nutskarhunkierros.fi\/en\/#website","url":"https:\/\/nutskarhunkierros.fi\/en\/","name":"NUTS Karhunkierros -polkujuoksu","description":"Haasta Kuusamon kev\u00e4t! Polkujuoksu 13, 34, 55, 83 ja 166 kilometri\u00e4.","publisher":{"@id":"https:\/\/nutskarhunkierros.fi\/en\/#organization"},"potentialAction":[{"@type":"SearchAction","target":{"@type":"EntryPoint","urlTemplate":"https:\/\/nutskarhunkierros.fi\/en\/?s={search_term_string}"},"query-input":{"@type":"PropertyValueSpecification","valueRequired":true,"valueName":"search_term_string"}}],"inLanguage":"en-US"},{"@type":"Organization","@id":"https:\/\/nutskarhunkierros.fi\/en\/#organization","name":"NUTS Karhunkierros -polkujuoksu","url":"https:\/\/nutskarhunkierros.fi\/en\/","logo":{"@type":"ImageObject","inLanguage":"en-US","@id":"https:\/\/nutskarhunkierros.fi\/en\/#\/schema\/logo\/image\/","url":"https:\/\/media.nuts.fi\/wp-content\/uploads\/sites\/5\/2025\/01\/28141416\/nuts-karhunkierros-white.svg","contentUrl":"https:\/\/media.nuts.fi\/wp-content\/uploads\/sites\/5\/2025\/01\/28141416\/nuts-karhunkierros-white.svg","caption":"NUTS Karhunkierros -polkujuoksu"},"image":{"@id":"https:\/\/nutskarhunkierros.fi\/en\/#\/schema\/logo\/image\/"}}]}},"taxonomy_info":[],"featured_image_src_large":["https:\/\/media.nuts.fi\/wp-content\/uploads\/sites\/5\/2018\/04\/28141354\/Jari-Hindstrom_vastavalo-617656-1-1024x293.jpg",1024,293,true],"author_info":{"display_name":"NUTS","author_link":"https:\/\/nutskarhunkierros.fi\/en\/author\/user\/"},"comment_info":0,"_links":{"self":[{"href":"https:\/\/nutskarhunkierros.fi\/en\/wp-json\/wp\/v2\/pages\/3755","targetHints":{"allow":["GET"]}}],"collection":[{"href":"https:\/\/nutskarhunkierros.fi\/en\/wp-json\/wp\/v2\/pages"}],"about":[{"href":"https:\/\/nutskarhunkierros.fi\/en\/wp-json\/wp\/v2\/types\/page"}],"author":[{"embeddable":true,"href":"https:\/\/nutskarhunkierros.fi\/en\/wp-json\/wp\/v2\/users\/1"}],"replies":[{"embeddable":true,"href":"https:\/\/nutskarhunkierros.fi\/en\/wp-json\/wp\/v2\/comments?post=3755"}],"version-history":[{"count":3,"href":"https:\/\/nutskarhunkierros.fi\/en\/wp-json\/wp\/v2\/pages\/3755\/revisions"}],"predecessor-version":[{"id":4452,"href":"https:\/\/nutskarhunkierros.fi\/en\/wp-json\/wp\/v2\/pages\/3755\/revisions\/4452"}],"wp:featuredmedia":[{"embeddable":true,"href":"https:\/\/nutskarhunkierros.fi\/en\/wp-json\/wp\/v2\/media\/3953"}],"wp:attachment":[{"href":"https:\/\/nutskarhunkierros.fi\/en\/wp-json\/wp\/v2\/media?parent=3755"}],"curies":[{"name":"wp","href":"https:\/\/api.w.org\/{rel}","templated":true}]}}