{"id":3813,"date":"2018-03-12T08:39:13","date_gmt":"2018-03-12T08:39:13","guid":{"rendered":"https:\/\/nutskarhunkierros.fi\/partners\/"},"modified":"2018-03-12T08:39:13","modified_gmt":"2018-03-12T08:39:13","slug":"partners","status":"publish","type":"page","link":"https:\/\/nutskarhunkierros.fi\/en\/partners\/","title":{"rendered":"Partners"},"content":{"rendered":"<h2>Presented by<\/h2>\n<p>[su_table responsive=&#8221;yes&#8221;]<\/p>\n<table>\n<tbody>\n<tr>\n<td width=\"200\"><img loading=\"lazy\" decoding=\"async\" class=\"alignnone size-full wp-image-2591\" src=\"https:\/\/nutskarhunkierros.fi\/wp-content\/uploads\/sites\/5\/2021\/02\/garmin.png\" alt=\"\" width=\"150\" height=\"70\" \/><\/td>\n<td>Nimikumppanimme <strong><a href=\"https:\/\/www.garmin.com\/fi-FI\/\">Garmin<\/a><\/strong> on maailman johtavana navigointituotteiden valmistajana sitoutunut valmistamaan mm. ylivoimaisia ulkoilu- ja urheilutuotteita. Helppok\u00e4ytt\u00f6iset tuotteet ovat suosittuja sek\u00e4 houkuttelevan muotoilunsa, erinomaisen laatunsa ja arvonsa ett\u00e4 innovatiivisten, asiakkaidemme el\u00e4m\u00e4nlaatua parantavien ominaisuuksiensa ansiosta.<\/td>\n<\/tr>\n<tr>\n<td width=\"200\"><img loading=\"lazy\" decoding=\"async\" class=\"alignnone size-full wp-image-2592\" src=\"https:\/\/nutskarhunkierros.fi\/wp-content\/uploads\/sites\/5\/2021\/02\/la-sportiva.png\" alt=\"\" width=\"150\" height=\"70\" \/><\/td>\n<td>Nimikumppanimme <a href=\"https:\/\/www.lasportiva.com\/en\/\"><strong>La Sportivan<\/strong><\/a> juuret ovat kenkien valmistuksessa ja k\u00e4sity\u00f6l\u00e4isperinteiss\u00e4 Dolomiiteilla, Italiassa, jossa yhti\u00f6n p\u00e4\u00e4toimipiste on ollut vuodesta 1928. Nyky\u00e4\u00e4n merkki on markkinajohtaja mm. vuoristo- ja kiipeilykengiss\u00e4. Sittemmin valikoimiin on tullut mm. vuoristojuoksuun tarkoitetut keng\u00e4t ja varusteet, joihin p\u00e4\u00e4set tutustumaan tapahtumissamme.<\/td>\n<\/tr>\n<\/tbody>\n<\/table>\n<p>[\/su_table]<\/p>\n<h2>BUFF\u00ae Trail Tour Finland<\/h2>\n<p>[su_table responsive=&#8221;yes&#8221;]<\/p>\n<table>\n<tbody>\n<tr>\n<td width=\"200\"><img loading=\"lazy\" decoding=\"async\" class=\"alignnone size-full wp-image-2659\" src=\"https:\/\/media.nuts.fi\/wp-content\/uploads\/sites\/5\/2021\/05\/28141330\/buff-1.png\" alt=\"\" width=\"150\" height=\"70\" \/><\/td>\n<td>Buff is the original multi-purpose scarf and an active promoter of trail running. Learn more at\u00a0<a title=\"Buff.fi\" href=\"http:\/\/buff.fi\/\" target=\"_blank\" rel=\"noopener noreferrer\">buff.fi<\/a>.<\/td>\n<\/tr>\n<tr>\n<td><img loading=\"lazy\" decoding=\"async\" class=\"alignnone size-full wp-image-2658\" src=\"https:\/\/media.nuts.fi\/wp-content\/uploads\/sites\/5\/2021\/05\/28141331\/camelbak.png\" alt=\"\" width=\"150\" height=\"70\" \/><\/td>\n<td><a href=\"https:\/\/www.camelbak.com\/en\/packs?filters[0].key=activity&amp;filters[0].value=5ca3712fb79c4f4eba88332cc74c8507&amp;sortValue=588d93330b6a4e62809a9f112d7a5177\" target=\"_blank\" rel=\"noopener noreferrer\">CamelBak<\/a>\u00a0from the U.S. invented the hydration products category and is currently the world\u2019s leading maker of hydration solutions. Its products are perfect for sports, outdoors, travel and work. The product range includes everything that a runner needs for hydration on the go: hydration packs and vests, drink bottles, drink belts, reservoirs, water purifiers and accessories.<\/td>\n<\/tr>\n<tr>\n<td><img loading=\"lazy\" decoding=\"async\" class=\"alignnone size-full wp-image-2657\" src=\"https:\/\/media.nuts.fi\/wp-content\/uploads\/sites\/5\/2021\/05\/28141331\/bridgedale.png\" alt=\"\" width=\"150\" height=\"70\" \/><\/td>\n<td><\/td>\n<\/tr>\n<tr>\n<td><img loading=\"lazy\" decoding=\"async\" class=\"alignnone size-medium wp-image-1828\" src=\"https:\/\/media.nuts.fi\/wp-content\/uploads\/sites\/5\/2019\/04\/28141348\/BD_Wordmark_HORIZ_BLK_CMYK.eps_-300x50.png\" alt=\"\" width=\"300\" height=\"50\" srcset=\"https:\/\/media.nuts.fi\/wp-content\/uploads\/sites\/5\/2019\/04\/28141348\/BD_Wordmark_HORIZ_BLK_CMYK.eps_-300x50.png 300w, https:\/\/media.nuts.fi\/wp-content\/uploads\/sites\/5\/2019\/04\/28141348\/BD_Wordmark_HORIZ_BLK_CMYK.eps_-1024x172.png 1024w, https:\/\/media.nuts.fi\/wp-content\/uploads\/sites\/5\/2019\/04\/28141348\/BD_Wordmark_HORIZ_BLK_CMYK.eps_-768x129.png 768w, https:\/\/media.nuts.fi\/wp-content\/uploads\/sites\/5\/2019\/04\/28141348\/BD_Wordmark_HORIZ_BLK_CMYK.eps_-1536x257.png 1536w, https:\/\/media.nuts.fi\/wp-content\/uploads\/sites\/5\/2019\/04\/28141348\/BD_Wordmark_HORIZ_BLK_CMYK.eps_.png 1594w\" sizes=\"auto, (max-width: 300px) 100vw, 300px\" \/><\/td>\n<td><a href=\"https:\/\/eu.blackdiamondequipment.com\/en_FI\/trekking-poles\">Packable poles<\/a> for when lightweight and speed are paramount, our Distance poles are perfect for ultra runners and light and fast hikers.<\/td>\n<\/tr>\n<tr>\n<td><\/td>\n<td><\/td>\n<\/tr>\n<tr>\n<td><\/td>\n<td><\/td>\n<\/tr>\n<tr>\n<td><\/td>\n<td><\/td>\n<\/tr>\n<tr>\n<td><\/td>\n<td><\/td>\n<\/tr>\n<\/tbody>\n<\/table>\n<p>[\/su_table]<\/p>\n","protected":false},"excerpt":{"rendered":"<p>Presented by [su_table responsive=&#8221;yes&#8221;] Nimikumppanimme Garmin on maailman johtavana navigointituotteiden valmistajana sitoutunut valmistamaan mm. ylivoimaisia ulkoilu- ja urheilutuotteita. Helppok\u00e4ytt\u00f6iset tuotteet ovat suosittuja sek\u00e4 houkuttelevan muotoilunsa, erinomaisen laatunsa ja arvonsa ett\u00e4 innovatiivisten, asiakkaidemme el\u00e4m\u00e4nlaatua parantavien ominaisuuksiensa ansiosta. Nimikumppanimme La Sportivan juuret ovat kenkien valmistuksessa ja k\u00e4sity\u00f6l\u00e4isperinteiss\u00e4 Dolomiiteilla, Italiassa, jossa yhti\u00f6n p\u00e4\u00e4toimipiste on ollut vuodesta 1928. Nyky\u00e4\u00e4n&#8230;<\/p>\n","protected":false},"author":1,"featured_media":0,"parent":0,"menu_order":0,"comment_status":"closed","ping_status":"closed","template":"","meta":{"_kad_blocks_custom_css":"","_kad_blocks_head_custom_js":"","_kad_blocks_body_custom_js":"","_kad_blocks_footer_custom_js":"","_kad_post_transparent":"","_kad_post_title":"","_kad_post_layout":"","_kad_post_sidebar_id":"","_kad_post_content_style":"","_kad_post_vertical_padding":"","_kad_post_feature":"","_kad_post_feature_position":"","_kad_post_header":false,"_kad_post_footer":false,"_kad_post_classname":"","footnotes":""},"class_list":["post-3813","page","type-page","status-publish","hentry"],"yoast_head":"<!-- This site is optimized with the Yoast SEO plugin v26.8 - https:\/\/yoast.com\/product\/yoast-seo-wordpress\/ -->\n<title>Partners - NUTS Karhunkierros -polkujuoksu<\/title>\n<meta name=\"robots\" content=\"index, follow, max-snippet:-1, max-image-preview:large, max-video-preview:-1\" \/>\n<link rel=\"canonical\" href=\"https:\/\/nutskarhunkierros.fi\/en\/partners\/\" \/>\n<meta property=\"og:locale\" content=\"en_US\" \/>\n<meta property=\"og:type\" content=\"article\" \/>\n<meta property=\"og:title\" content=\"Partners - NUTS Karhunkierros -polkujuoksu\" \/>\n<meta property=\"og:description\" content=\"Presented by [su_table responsive=&#8221;yes&#8221;] Nimikumppanimme Garmin on maailman johtavana navigointituotteiden valmistajana sitoutunut valmistamaan mm. ylivoimaisia ulkoilu- ja urheilutuotteita. Helppok\u00e4ytt\u00f6iset tuotteet ovat suosittuja sek\u00e4 houkuttelevan muotoilunsa, erinomaisen laatunsa ja arvonsa ett\u00e4 innovatiivisten, asiakkaidemme el\u00e4m\u00e4nlaatua parantavien ominaisuuksiensa ansiosta. Nimikumppanimme La Sportivan juuret ovat kenkien valmistuksessa ja k\u00e4sity\u00f6l\u00e4isperinteiss\u00e4 Dolomiiteilla, Italiassa, jossa yhti\u00f6n p\u00e4\u00e4toimipiste on ollut vuodesta 1928. Nyky\u00e4\u00e4n...\" \/>\n<meta property=\"og:url\" content=\"https:\/\/nutskarhunkierros.fi\/en\/partners\/\" \/>\n<meta property=\"og:site_name\" content=\"NUTS Karhunkierros -polkujuoksu\" \/>\n<meta name=\"twitter:card\" content=\"summary_large_image\" \/>\n<meta name=\"twitter:label1\" content=\"Est. reading time\" \/>\n\t<meta name=\"twitter:data1\" content=\"1 minute\" \/>\n<script type=\"application\/ld+json\" class=\"yoast-schema-graph\">{\"@context\":\"https:\/\/schema.org\",\"@graph\":[{\"@type\":\"WebPage\",\"@id\":\"https:\/\/nutskarhunkierros.fi\/en\/partners\/\",\"url\":\"https:\/\/nutskarhunkierros.fi\/en\/partners\/\",\"name\":\"Partners - NUTS Karhunkierros -polkujuoksu\",\"isPartOf\":{\"@id\":\"https:\/\/nutskarhunkierros.fi\/en\/#website\"},\"primaryImageOfPage\":{\"@id\":\"https:\/\/nutskarhunkierros.fi\/en\/partners\/#primaryimage\"},\"image\":{\"@id\":\"https:\/\/nutskarhunkierros.fi\/en\/partners\/#primaryimage\"},\"thumbnailUrl\":\"https:\/\/nutskarhunkierros.fi\/wp-content\/uploads\/sites\/5\/2021\/02\/garmin.png\",\"datePublished\":\"2018-03-12T08:39:13+00:00\",\"breadcrumb\":{\"@id\":\"https:\/\/nutskarhunkierros.fi\/en\/partners\/#breadcrumb\"},\"inLanguage\":\"en-US\",\"potentialAction\":[{\"@type\":\"ReadAction\",\"target\":[\"https:\/\/nutskarhunkierros.fi\/en\/partners\/\"]}]},{\"@type\":\"ImageObject\",\"inLanguage\":\"en-US\",\"@id\":\"https:\/\/nutskarhunkierros.fi\/en\/partners\/#primaryimage\",\"url\":\"https:\/\/nutskarhunkierros.fi\/wp-content\/uploads\/sites\/5\/2021\/02\/garmin.png\",\"contentUrl\":\"https:\/\/nutskarhunkierros.fi\/wp-content\/uploads\/sites\/5\/2021\/02\/garmin.png\"},{\"@type\":\"BreadcrumbList\",\"@id\":\"https:\/\/nutskarhunkierros.fi\/en\/partners\/#breadcrumb\",\"itemListElement\":[{\"@type\":\"ListItem\",\"position\":1,\"name\":\"Etusivu\",\"item\":\"https:\/\/nutskarhunkierros.fi\/en\/\"},{\"@type\":\"ListItem\",\"position\":2,\"name\":\"Partners\"}]},{\"@type\":\"WebSite\",\"@id\":\"https:\/\/nutskarhunkierros.fi\/en\/#website\",\"url\":\"https:\/\/nutskarhunkierros.fi\/en\/\",\"name\":\"NUTS Karhunkierros -polkujuoksu\",\"description\":\"Haasta Kuusamon kev\u00e4t! Polkujuoksu 13, 34, 55, 83 ja 166 kilometri\u00e4.\",\"publisher\":{\"@id\":\"https:\/\/nutskarhunkierros.fi\/en\/#organization\"},\"potentialAction\":[{\"@type\":\"SearchAction\",\"target\":{\"@type\":\"EntryPoint\",\"urlTemplate\":\"https:\/\/nutskarhunkierros.fi\/en\/?s={search_term_string}\"},\"query-input\":{\"@type\":\"PropertyValueSpecification\",\"valueRequired\":true,\"valueName\":\"search_term_string\"}}],\"inLanguage\":\"en-US\"},{\"@type\":\"Organization\",\"@id\":\"https:\/\/nutskarhunkierros.fi\/en\/#organization\",\"name\":\"NUTS Karhunkierros -polkujuoksu\",\"url\":\"https:\/\/nutskarhunkierros.fi\/en\/\",\"logo\":{\"@type\":\"ImageObject\",\"inLanguage\":\"en-US\",\"@id\":\"https:\/\/nutskarhunkierros.fi\/en\/#\/schema\/logo\/image\/\",\"url\":\"https:\/\/media.nuts.fi\/wp-content\/uploads\/sites\/5\/2025\/01\/28141416\/nuts-karhunkierros-white.svg\",\"contentUrl\":\"https:\/\/media.nuts.fi\/wp-content\/uploads\/sites\/5\/2025\/01\/28141416\/nuts-karhunkierros-white.svg\",\"caption\":\"NUTS Karhunkierros -polkujuoksu\"},\"image\":{\"@id\":\"https:\/\/nutskarhunkierros.fi\/en\/#\/schema\/logo\/image\/\"}}]}<\/script>\n<!-- \/ Yoast SEO plugin. -->","yoast_head_json":{"title":"Partners - NUTS Karhunkierros -polkujuoksu","robots":{"index":"index","follow":"follow","max-snippet":"max-snippet:-1","max-image-preview":"max-image-preview:large","max-video-preview":"max-video-preview:-1"},"canonical":"https:\/\/nutskarhunkierros.fi\/en\/partners\/","og_locale":"en_US","og_type":"article","og_title":"Partners - NUTS Karhunkierros -polkujuoksu","og_description":"Presented by [su_table responsive=&#8221;yes&#8221;] Nimikumppanimme Garmin on maailman johtavana navigointituotteiden valmistajana sitoutunut valmistamaan mm. ylivoimaisia ulkoilu- ja urheilutuotteita. Helppok\u00e4ytt\u00f6iset tuotteet ovat suosittuja sek\u00e4 houkuttelevan muotoilunsa, erinomaisen laatunsa ja arvonsa ett\u00e4 innovatiivisten, asiakkaidemme el\u00e4m\u00e4nlaatua parantavien ominaisuuksiensa ansiosta. Nimikumppanimme La Sportivan juuret ovat kenkien valmistuksessa ja k\u00e4sity\u00f6l\u00e4isperinteiss\u00e4 Dolomiiteilla, Italiassa, jossa yhti\u00f6n p\u00e4\u00e4toimipiste on ollut vuodesta 1928. Nyky\u00e4\u00e4n...","og_url":"https:\/\/nutskarhunkierros.fi\/en\/partners\/","og_site_name":"NUTS Karhunkierros -polkujuoksu","twitter_card":"summary_large_image","twitter_misc":{"Est. reading time":"1 minute"},"schema":{"@context":"https:\/\/schema.org","@graph":[{"@type":"WebPage","@id":"https:\/\/nutskarhunkierros.fi\/en\/partners\/","url":"https:\/\/nutskarhunkierros.fi\/en\/partners\/","name":"Partners - NUTS Karhunkierros -polkujuoksu","isPartOf":{"@id":"https:\/\/nutskarhunkierros.fi\/en\/#website"},"primaryImageOfPage":{"@id":"https:\/\/nutskarhunkierros.fi\/en\/partners\/#primaryimage"},"image":{"@id":"https:\/\/nutskarhunkierros.fi\/en\/partners\/#primaryimage"},"thumbnailUrl":"https:\/\/nutskarhunkierros.fi\/wp-content\/uploads\/sites\/5\/2021\/02\/garmin.png","datePublished":"2018-03-12T08:39:13+00:00","breadcrumb":{"@id":"https:\/\/nutskarhunkierros.fi\/en\/partners\/#breadcrumb"},"inLanguage":"en-US","potentialAction":[{"@type":"ReadAction","target":["https:\/\/nutskarhunkierros.fi\/en\/partners\/"]}]},{"@type":"ImageObject","inLanguage":"en-US","@id":"https:\/\/nutskarhunkierros.fi\/en\/partners\/#primaryimage","url":"https:\/\/nutskarhunkierros.fi\/wp-content\/uploads\/sites\/5\/2021\/02\/garmin.png","contentUrl":"https:\/\/nutskarhunkierros.fi\/wp-content\/uploads\/sites\/5\/2021\/02\/garmin.png"},{"@type":"BreadcrumbList","@id":"https:\/\/nutskarhunkierros.fi\/en\/partners\/#breadcrumb","itemListElement":[{"@type":"ListItem","position":1,"name":"Etusivu","item":"https:\/\/nutskarhunkierros.fi\/en\/"},{"@type":"ListItem","position":2,"name":"Partners"}]},{"@type":"WebSite","@id":"https:\/\/nutskarhunkierros.fi\/en\/#website","url":"https:\/\/nutskarhunkierros.fi\/en\/","name":"NUTS Karhunkierros -polkujuoksu","description":"Haasta Kuusamon kev\u00e4t! Polkujuoksu 13, 34, 55, 83 ja 166 kilometri\u00e4.","publisher":{"@id":"https:\/\/nutskarhunkierros.fi\/en\/#organization"},"potentialAction":[{"@type":"SearchAction","target":{"@type":"EntryPoint","urlTemplate":"https:\/\/nutskarhunkierros.fi\/en\/?s={search_term_string}"},"query-input":{"@type":"PropertyValueSpecification","valueRequired":true,"valueName":"search_term_string"}}],"inLanguage":"en-US"},{"@type":"Organization","@id":"https:\/\/nutskarhunkierros.fi\/en\/#organization","name":"NUTS Karhunkierros -polkujuoksu","url":"https:\/\/nutskarhunkierros.fi\/en\/","logo":{"@type":"ImageObject","inLanguage":"en-US","@id":"https:\/\/nutskarhunkierros.fi\/en\/#\/schema\/logo\/image\/","url":"https:\/\/media.nuts.fi\/wp-content\/uploads\/sites\/5\/2025\/01\/28141416\/nuts-karhunkierros-white.svg","contentUrl":"https:\/\/media.nuts.fi\/wp-content\/uploads\/sites\/5\/2025\/01\/28141416\/nuts-karhunkierros-white.svg","caption":"NUTS Karhunkierros -polkujuoksu"},"image":{"@id":"https:\/\/nutskarhunkierros.fi\/en\/#\/schema\/logo\/image\/"}}]}},"taxonomy_info":[],"featured_image_src_large":false,"author_info":{"display_name":"NUTS","author_link":"https:\/\/nutskarhunkierros.fi\/en\/author\/user\/"},"comment_info":0,"_links":{"self":[{"href":"https:\/\/nutskarhunkierros.fi\/en\/wp-json\/wp\/v2\/pages\/3813","targetHints":{"allow":["GET"]}}],"collection":[{"href":"https:\/\/nutskarhunkierros.fi\/en\/wp-json\/wp\/v2\/pages"}],"about":[{"href":"https:\/\/nutskarhunkierros.fi\/en\/wp-json\/wp\/v2\/types\/page"}],"author":[{"embeddable":true,"href":"https:\/\/nutskarhunkierros.fi\/en\/wp-json\/wp\/v2\/users\/1"}],"replies":[{"embeddable":true,"href":"https:\/\/nutskarhunkierros.fi\/en\/wp-json\/wp\/v2\/comments?post=3813"}],"version-history":[{"count":0,"href":"https:\/\/nutskarhunkierros.fi\/en\/wp-json\/wp\/v2\/pages\/3813\/revisions"}],"wp:attachment":[{"href":"https:\/\/nutskarhunkierros.fi\/en\/wp-json\/wp\/v2\/media?parent=3813"}],"curies":[{"name":"wp","href":"https:\/\/api.w.org\/{rel}","templated":true}]}}