{"id":1010,"date":"2017-06-04T12:39:10","date_gmt":"2017-06-04T09:39:10","guid":{"rendered":"http:\/\/nutskarhunkierros.fi\/?page_id=1010"},"modified":"2025-02-19T17:43:20","modified_gmt":"2025-02-19T17:43:20","slug":"2017-2","status":"publish","type":"page","link":"https:\/\/nutskarhunkierros.fi\/fi\/historia\/2017-2\/","title":{"rendered":"2017"},"content":{"rendered":"\n<p>26.-27.5.2017<\/p>\n\n\n\n<h2 class=\"wp-block-heading\">Tulokset<\/h2>\n\n\n<div id=\"divRRPublish\" class=\"RRPublish\"><\/div><script type=\"text\/javascript\" src=\"https:\/\/my.raceresult.com\/RRPublish\/load.js.php?lang=fi\"><\/script><script type=\"text\/javascript\">\n                var rrp=new RRPublish(document.getElementById(\"divRRPublish\"), 56135, \"results\");\n                rrp.ShowTimerLogo=true;\n                rrp.ShowInfoText=false;\n            <\/script>\n\n\n\n<h2 class=\"wp-block-heading\">NUTS.fi kuvat<\/h2>\n\n\n\n<p>Kuvat ovat k\u00e4ytett\u00e4viss\u00e4 henkil\u00f6kohtaisessa somessa ja tapahtumasta kerrottaessa. Mainitse kuvaajan nimi ja nuts.fi tai NUTS Karhunkierros. Albumiin p\u00e4\u00e4set kuvaajan nimest\u00e4 napsauttamalla. Tiedustelut <a href=\"mailto:info@nuts.fi\">info@nuts.fi<\/a>.<\/p>\n\n\n\n<h3 class=\"wp-block-heading\"><a href=\"https:\/\/www.flickr.com\/photos\/nutsfi\/albums\/72157681582634674\">Aapo Laiho<\/a><\/h3>\n\n\n\n<figure class=\"wp-block-embed is-type-rich is-provider-flickr wp-block-embed-flickr\"><div class=\"wp-block-embed__wrapper\">\n<a data-flickr-embed='true' href='https:\/\/www.flickr.com\/photos\/nutsfi\/albums\/72157681582634674' title='NUTS Karhunkierros 2017 \u00a9 Aapo Laiho by NUTSfi, on Flickr'><img src='https:\/\/live.staticflickr.com\/4204\/35085664695_2e509a2fae_z.jpg' width='800' height='600' alt='FQ4A4784'><\/a><script async src='https:\/\/embedr.flickr.com\/assets\/client-code.js' charset='utf-8'><\/script>\n<\/div><\/figure>\n\n\n\n<h3 class=\"wp-block-heading\"><a href=\"https:\/\/www.flickr.com\/photos\/nutsfi\/albums\/72157682648379390\">David Ari\u00f1o<\/a><\/h3>\n\n\n\n<figure class=\"wp-block-embed is-type-rich is-provider-flickr wp-block-embed-flickr\"><div class=\"wp-block-embed__wrapper\">\n<a data-flickr-embed='true' href='https:\/\/www.flickr.com\/photos\/nutsfi\/albums\/72157682648379390' title='NUTS Karhunkierros 2017 \u00a9 David Ari\u00f1o by NUTSfi, on Flickr'><img src='https:\/\/live.staticflickr.com\/4271\/34954800061_2913a5bdf0_z.jpg' width='800' height='600' alt='IMG_8454'><\/a><script async src='https:\/\/embedr.flickr.com\/assets\/client-code.js' charset='utf-8'><\/script>\n<\/div><\/figure>\n\n\n\n<h3 class=\"wp-block-heading\"><a href=\"https:\/\/www.flickr.com\/photos\/nutsfi\/albums\/72157684541868196\">Juha Saastamoinen \/ ONEVISION<\/a><\/h3>\n\n\n\n<figure class=\"wp-block-embed is-type-rich is-provider-flickr wp-block-embed-flickr\"><div class=\"wp-block-embed__wrapper\">\n<a data-flickr-embed='true' href='https:\/\/www.flickr.com\/photos\/nutsfi\/albums\/72157684541868196' title='NUTS Karhunkierros 2017 \u00a9 Juha Saastamoinen \/ ONEVISION by NUTSfi, on Flickr'><img src='https:\/\/live.staticflickr.com\/4278\/34699101090_2698b0a5c8_z.jpg' width='800' height='600' alt='DJI_0043'><\/a><script async src='https:\/\/embedr.flickr.com\/assets\/client-code.js' charset='utf-8'><\/script>\n<\/div><\/figure>\n\n\n\n<h3 class=\"wp-block-heading\">Muut kuvaajat<\/h3>\n\n\n\n<p>Tarkista k\u00e4ytt\u00f6lupa kuvaajalta.<\/p>\n\n\n<p>[su_list]<\/p>\n<ul>\n<li><a href=\"https:\/\/onevision.kuvat.fi\/kuvat\/Sport+Events+2010-17\/SPORT+EVENTS+2017\/NUTS+Karhunkierros\/\">Juha Saastamoinen \/ ONEVISION (kaikki kuvat)<\/a><\/li>\n<li><a href=\"https:\/\/mjjk.1g.fi\/kuvat\/Nuts+Karhunkierros+2017\/\">Mika Kimmo<\/a><\/li>\n<li><a href=\"https:\/\/hetki.1g.fi\/kuvat\/TAPAHTUMAT\/NUTS+KARHUNKIERROS+2017\/\">Jari O Anttonen<\/a><\/li>\n<li><a href=\"https:\/\/nuuksioclassic.kuvat.fi\/kuvat\/NUTS+Karhunkierros+2017\/\">Terho Lahtinen<\/a><\/li>\n<\/ul>\n<p>[\/su_list]<\/p>\n\n\n\n<h2 class=\"wp-block-heading\">BUFF Trail Tour Finland video<\/h2>\n\n\n\n<figure class=\"wp-block-embed is-type-video is-provider-youtube wp-block-embed-youtube wp-embed-aspect-16-9 wp-has-aspect-ratio\"><div class=\"wp-block-embed__wrapper\">\n<iframe loading=\"lazy\" title=\"Buff Trail Tour Finland 2017 \u2013 NUTS Karhunkierros\" width=\"720\" height=\"405\" src=\"https:\/\/www.youtube.com\/embed\/3u1S8VBlMAA?feature=oembed\" frameborder=\"0\" allow=\"accelerometer; autoplay; clipboard-write; encrypted-media; gyroscope; picture-in-picture\" allowfullscreen><\/iframe>\n<\/div><\/figure>\n\n\n\n<p>&nbsp;<\/p>\n\n\n\n<h2 class=\"wp-block-heading\">Blogit &amp; vlogit<\/h2>\n\n\n\n<h3 class=\"wp-block-heading\">160 km<\/h3>\n\n\n\n<figure class=\"wp-block-embed is-type-video is-provider-youtube wp-block-embed-youtube wp-embed-aspect-16-9 wp-has-aspect-ratio\"><div class=\"wp-block-embed__wrapper\">\n<iframe loading=\"lazy\" title=\"NUTS Karhunkierros 160km | My 100 mile journey\" width=\"720\" height=\"405\" src=\"https:\/\/www.youtube.com\/embed\/HeGzgK9KXsk?feature=oembed\" frameborder=\"0\" allow=\"accelerometer; autoplay; clipboard-write; encrypted-media; gyroscope; picture-in-picture\" allowfullscreen><\/iframe>\n<\/div><\/figure>\n\n\n<p>[su_list]<\/p>\n<ul>\n<li><a href=\"https:\/\/matkallaultrajuoksijaksi.wordpress.com\/2017\/05\/30\/polkujuoksunoviisin-eka-polkujuoksukisa-suomessa-26-27-5-2017-nuts-karhunkierros-160-k\/\">Satu Uusivirta<\/a><\/li>\n<li><a href=\"https:\/\/polkujapitkin.wordpress.com\/2017\/05\/30\/nuts-karhunkierros-160-26-27-5-2017\/\">Ari Ronkainen<\/a><\/li>\n<li><a href=\"http:\/\/www.markovapa.fi\/v-tyylia\/pahkinat-purtu\/\">Marko Vapa<\/a><\/li>\n<li><a href=\"https:\/\/m.facebook.com\/story.php?story_fbid=10155283027804266&amp;id=542099265&amp;hc_location=ufi\">Ville Maksimainen<\/a><\/li>\n<li><a href=\"http:\/\/juoksejapysyhengissa.blogspot.fi\/2017\/05\/nuts-karhunkierros-160-kuusamon-kevat.html\">Lari Koivu<\/a><\/li>\n<li><a href=\"https:\/\/polkujentallaaja.wordpress.com\/2017\/05\/30\/nuts-karhunkierros-160km-kisaraportti\/\">Jani Saalamo<\/a><\/li>\n<li><a href=\"https:\/\/www.facebook.com\/kimmo.karppinen\/videos\/10156304466552281\/\">Kimmo Karppinen video<\/a><\/li>\n<li><a href=\"http:\/\/www.juoksufoorumi.fi\/blogs\/entry\/959-karhunkierros-164km\/\">Kimmo Karppinen<\/a><\/li>\n<li><a href=\"https:\/\/www.facebook.com\/karohamalainenofficial\/posts\/1335940066441140?hc_location=ufi\">Karo H\u00e4m\u00e4l\u00e4inen<\/a><\/li>\n<li><a href=\"https:\/\/mieluumminkuinhyvin.wordpress.com\/2017\/06\/04\/30-tunnin-parisuhdelenkki\/\">Sami Sundstr\u00f6m<\/a><\/li>\n<li><a href=\"http:\/\/kauasjapitkalle.blogspot.fi\/2017\/05\/nuts-karhunkierros-160km-2017.html\">Teemu Saranp\u00e4\u00e4<\/a><\/li>\n<\/ul>\n<p>[\/su_list]<\/p>\n\n\n\n<h2 class=\"wp-block-heading\">80 km<\/h2>\n\n\n<p>[su_list]<\/p>\n<ul>\n<li><a href=\"https:\/\/medium.com\/@villetuure\/kisaraportti-nuts-karhunkierros-80k-e470dbed42c3\">Ville Tuure<\/a><\/li>\n<li><a href=\"https:\/\/juntit.net\/kilpailut\/2017\/05\/nuts-karhunkierros-80k-2017-timpan-kilpailukertomus\/\">Timo Vlasov<\/a><\/li>\n<li><a href=\"http:\/\/closecallsandlonghauls.blogspot.fi\/2017\/05\/nuts-karhunkierros-80-km-2752017.html\">Jari Rintala<\/a><\/li>\n<li><a href=\"http:\/\/nivala66.blogspot.fi\/2017\/05\/kuusamon-taikaa-tajunnanvirralla.html\">Onni V\u00e4h\u00e4aho<\/a><\/li>\n<li><a href=\"https:\/\/outdoor-oksanen.com\/2017\/05\/30\/karhunkierros-80-km-ensin-lumi-sitten-punainen-matto\/\">Teemu Oksanen<\/a><\/li>\n<li><a href=\"https:\/\/donvalido.wordpress.com\/2017\/05\/30\/karhunkierros-yhdeksassa-tunnissa\/\">Toni Valido<\/a><\/li>\n<li><a href=\"http:\/\/poluiltatielle.blogspot.fi\/2017\/06\/karhunkierros-2017-80k-2752017.html\">Toni Koski<\/a><\/li>\n<li><a href=\"http:\/\/juoksemisenilosta.blogspot.fi\/2017\/05\/nuts-karhunkierros-80-km-2017.html\">Teemu Halttunen<\/a><\/li>\n<li><a href=\"http:\/\/www.lily.fi\/blogit\/marakatri\/nuts-karhunkierros-80-kisaraportti\">Katri Ilona Djerf<\/a><\/li>\n<\/ul>\n<p>[\/su_list]<\/p>\n\n\n\n<h2 class=\"wp-block-heading\">53 km<\/h2>\n\n\n\n<figure class=\"wp-block-embed is-type-video is-provider-youtube wp-block-embed-youtube wp-embed-aspect-16-9 wp-has-aspect-ratio\"><div class=\"wp-block-embed__wrapper\">\n<iframe loading=\"lazy\" title=\"NUTS Karhunkierros 2017\" width=\"720\" height=\"405\" src=\"https:\/\/www.youtube.com\/embed\/__wssqIH-Wo?feature=oembed\" frameborder=\"0\" allow=\"accelerometer; autoplay; clipboard-write; encrypted-media; gyroscope; picture-in-picture\" allowfullscreen><\/iframe>\n<\/div><\/figure>\n\n\n<p>[su_list]<\/p>\n<ul>\n<li><a href=\"http:\/\/lauranpolut.blogspot.fi\/2017\/05\/nuts-karhunkierros-2752017-53k.html\">Laura Ruotsalainen<\/a><\/li>\n<li><a href=\"http:\/\/niilosmc.blogspot.fi\/2017\/05\/nuts-karhunkierros-53k.html\">Niilos MC<\/a><\/li>\n<li><a href=\"http:\/\/luontoloinen.blogspot.fi\/2017\/05\/nuts-karhunkierros-55-km-kisakertomus.html\">Sini-Marja Sangi<\/a><\/li>\n<li><a href=\"http:\/\/www.lily.fi\/blogit\/maija-meinaa-maralle-and-beyond\/nuts-karhunkierros-53km-pitkan-kaavan-mukaan\">Maija-Liisa Mikkonen<\/a><\/li>\n<li><a href=\"http:\/\/www.lily.fi\/blogit\/kantapaaopistossa\/se-dnf-tarina-nuts-karhunkierros-53k-2017\">Johanna K\u00e4rkk\u00e4inen<\/a><\/li>\n<li><a href=\"http:\/\/paripolkua.blogspot.fi\/2017\/05\/talkoohommia-ja-polkujuoksua.html\">Hanna Junttila<\/a><\/li>\n<li><a href=\"https:\/\/www.maratonseikkailut.com\/single-post\/2017\/05\/29\/Karhunkierros\">Teemu Hostikka<\/a><\/li>\n<\/ul>\n<p>[\/su_list]<\/p>\n\n\n\n<h2 class=\"wp-block-heading\">31 km<\/h2>\n\n\n\n<figure class=\"wp-block-embed is-type-video is-provider-youtube wp-block-embed-youtube wp-embed-aspect-16-9 wp-has-aspect-ratio\"><div class=\"wp-block-embed__wrapper\">\n<iframe loading=\"lazy\" title=\"Karhunkierros - The Movie\" width=\"720\" height=\"405\" src=\"https:\/\/www.youtube.com\/embed\/RXmrJoOo1lg?feature=oembed\" frameborder=\"0\" allow=\"accelerometer; autoplay; clipboard-write; encrypted-media; gyroscope; picture-in-picture\" allowfullscreen><\/iframe>\n<\/div><\/figure>\n\n\n<p>[su_list]<\/p>\n<ul>\n<li><a href=\"http:\/\/www.lily.fi\/blogit\/sisunainen\/nuts-karhunkierros-31-km-2017\">Suvi Koskela<\/a><\/li>\n<li><a href=\"http:\/\/kirsberry.blogspot.fi\/2017\/05\/nutskarhunkierros2017.html\">Kirsi Niemi<\/a><\/li>\n<\/ul>\n<p>[\/su_list]<\/p>\n\n\n\n<h3 class=\"wp-block-heading\">Talkoo<\/h3>\n\n\n<p>[su_list]<\/p>\n<ul>\n<li><a href=\"http:\/\/mywayofhealthyliving.blogspot.fi\/2017\/05\/terkkuja-rukalta.html\">Susanna Kajala<\/a><\/li>\n<li><a href=\"http:\/\/ultra-stanleypark.blogspot.fi\/2017\/06\/viikot-21-ja-22-ja-karhunkierros.html\">Mikael Heerman<\/a><\/li>\n<\/ul>\n<p>[\/su_list]<\/p>\n","protected":false},"excerpt":{"rendered":"<p>26.-27.5.2017 Tulokset NUTS.fi kuvat Kuvat ovat k\u00e4ytett\u00e4viss\u00e4 henkil\u00f6kohtaisessa somessa ja tapahtumasta kerrottaessa. Mainitse kuvaajan nimi ja nuts.fi tai NUTS Karhunkierros. Albumiin p\u00e4\u00e4set kuvaajan nimest\u00e4 napsauttamalla. Tiedustelut info@nuts.fi. Aapo Laiho David Ari\u00f1o Juha Saastamoinen \/ ONEVISION Muut kuvaajat Tarkista k\u00e4ytt\u00f6lupa kuvaajalta. BUFF Trail Tour Finland video &nbsp; Blogit &amp; vlogit 160 km 80 km 53 km&#8230;<\/p>\n","protected":false},"author":1,"featured_media":1014,"parent":114,"menu_order":0,"comment_status":"closed","ping_status":"closed","template":"","meta":{"_kad_blocks_custom_css":"","_kad_blocks_head_custom_js":"","_kad_blocks_body_custom_js":"","_kad_blocks_footer_custom_js":"","_kad_post_transparent":"","_kad_post_title":"","_kad_post_layout":"","_kad_post_sidebar_id":"","_kad_post_content_style":"","_kad_post_vertical_padding":"","_kad_post_feature":"","_kad_post_feature_position":"","_kad_post_header":false,"_kad_post_footer":false,"_kad_post_classname":"","footnotes":""},"class_list":["post-1010","page","type-page","status-publish","has-post-thumbnail","hentry"],"yoast_head":"<!-- This site is optimized with the Yoast SEO plugin v26.8 - https:\/\/yoast.com\/product\/yoast-seo-wordpress\/ -->\n<title>2017 - NUTS Karhunkierros -polkujuoksu<\/title>\n<meta name=\"robots\" content=\"index, follow, max-snippet:-1, max-image-preview:large, max-video-preview:-1\" \/>\n<link rel=\"canonical\" href=\"https:\/\/nutskarhunkierros.fi\/fi\/historia\/2017-2\/\" \/>\n<meta property=\"og:locale\" content=\"fi_FI\" \/>\n<meta property=\"og:type\" content=\"article\" \/>\n<meta property=\"og:title\" content=\"2017 - NUTS Karhunkierros -polkujuoksu\" \/>\n<meta property=\"og:description\" content=\"26.-27.5.2017 Tulokset NUTS.fi kuvat Kuvat ovat k\u00e4ytett\u00e4viss\u00e4 henkil\u00f6kohtaisessa somessa ja tapahtumasta kerrottaessa. Mainitse kuvaajan nimi ja nuts.fi tai NUTS Karhunkierros. Albumiin p\u00e4\u00e4set kuvaajan nimest\u00e4 napsauttamalla. Tiedustelut info@nuts.fi. Aapo Laiho David Ari\u00f1o Juha Saastamoinen \/ ONEVISION Muut kuvaajat Tarkista k\u00e4ytt\u00f6lupa kuvaajalta. BUFF Trail Tour Finland video &nbsp; Blogit &amp; vlogit 160 km 80 km 53 km...\" \/>\n<meta property=\"og:url\" content=\"https:\/\/nutskarhunkierros.fi\/fi\/historia\/2017-2\/\" \/>\n<meta property=\"og:site_name\" content=\"NUTS Karhunkierros -polkujuoksu\" \/>\n<meta property=\"article:modified_time\" content=\"2025-02-19T17:43:20+00:00\" \/>\n<meta property=\"og:image\" content=\"https:\/\/media.nuts.fi\/wp-content\/uploads\/sites\/5\/2017\/06\/28141359\/34698721860_49b4cc7bae_k.jpg\" \/>\n\t<meta property=\"og:image:width\" content=\"2048\" \/>\n\t<meta property=\"og:image:height\" content=\"1269\" \/>\n\t<meta property=\"og:image:type\" content=\"image\/jpeg\" \/>\n<meta name=\"twitter:card\" content=\"summary_large_image\" \/>\n<meta name=\"twitter:label1\" content=\"Arvioitu lukuaika\" \/>\n\t<meta name=\"twitter:data1\" content=\"1 minuutti\" \/>\n<script type=\"application\/ld+json\" class=\"yoast-schema-graph\">{\"@context\":\"https:\/\/schema.org\",\"@graph\":[{\"@type\":\"WebPage\",\"@id\":\"https:\/\/nutskarhunkierros.fi\/fi\/historia\/2017-2\/\",\"url\":\"https:\/\/nutskarhunkierros.fi\/fi\/historia\/2017-2\/\",\"name\":\"2017 - NUTS Karhunkierros -polkujuoksu\",\"isPartOf\":{\"@id\":\"https:\/\/nutskarhunkierros.fi\/fi\/#website\"},\"primaryImageOfPage\":{\"@id\":\"https:\/\/nutskarhunkierros.fi\/fi\/historia\/2017-2\/#primaryimage\"},\"image\":{\"@id\":\"https:\/\/nutskarhunkierros.fi\/fi\/historia\/2017-2\/#primaryimage\"},\"thumbnailUrl\":\"https:\/\/media.nuts.fi\/wp-content\/uploads\/sites\/5\/2017\/06\/28141359\/34698721860_49b4cc7bae_k.jpg\",\"datePublished\":\"2017-06-04T09:39:10+00:00\",\"dateModified\":\"2025-02-19T17:43:20+00:00\",\"breadcrumb\":{\"@id\":\"https:\/\/nutskarhunkierros.fi\/fi\/historia\/2017-2\/#breadcrumb\"},\"inLanguage\":\"fi\",\"potentialAction\":[{\"@type\":\"ReadAction\",\"target\":[\"https:\/\/nutskarhunkierros.fi\/fi\/historia\/2017-2\/\"]}]},{\"@type\":\"ImageObject\",\"inLanguage\":\"fi\",\"@id\":\"https:\/\/nutskarhunkierros.fi\/fi\/historia\/2017-2\/#primaryimage\",\"url\":\"https:\/\/media.nuts.fi\/wp-content\/uploads\/sites\/5\/2017\/06\/28141359\/34698721860_49b4cc7bae_k.jpg\",\"contentUrl\":\"https:\/\/media.nuts.fi\/wp-content\/uploads\/sites\/5\/2017\/06\/28141359\/34698721860_49b4cc7bae_k.jpg\",\"width\":2048,\"height\":1269},{\"@type\":\"BreadcrumbList\",\"@id\":\"https:\/\/nutskarhunkierros.fi\/fi\/historia\/2017-2\/#breadcrumb\",\"itemListElement\":[{\"@type\":\"ListItem\",\"position\":1,\"name\":\"Etusivu\",\"item\":\"https:\/\/nutskarhunkierros.fi\/fi\/\"},{\"@type\":\"ListItem\",\"position\":2,\"name\":\"Historia\",\"item\":\"https:\/\/nutskarhunkierros.fi\/fi\/historia\/\"},{\"@type\":\"ListItem\",\"position\":3,\"name\":\"2017\"}]},{\"@type\":\"WebSite\",\"@id\":\"https:\/\/nutskarhunkierros.fi\/fi\/#website\",\"url\":\"https:\/\/nutskarhunkierros.fi\/fi\/\",\"name\":\"NUTS Karhunkierros -polkujuoksu\",\"description\":\"Haasta Kuusamon kev\u00e4t! Polkujuoksu 13, 34, 55, 83 ja 166 kilometri\u00e4.\",\"publisher\":{\"@id\":\"https:\/\/nutskarhunkierros.fi\/fi\/#organization\"},\"potentialAction\":[{\"@type\":\"SearchAction\",\"target\":{\"@type\":\"EntryPoint\",\"urlTemplate\":\"https:\/\/nutskarhunkierros.fi\/fi\/?s={search_term_string}\"},\"query-input\":{\"@type\":\"PropertyValueSpecification\",\"valueRequired\":true,\"valueName\":\"search_term_string\"}}],\"inLanguage\":\"fi\"},{\"@type\":\"Organization\",\"@id\":\"https:\/\/nutskarhunkierros.fi\/fi\/#organization\",\"name\":\"NUTS Karhunkierros -polkujuoksu\",\"url\":\"https:\/\/nutskarhunkierros.fi\/fi\/\",\"logo\":{\"@type\":\"ImageObject\",\"inLanguage\":\"fi\",\"@id\":\"https:\/\/nutskarhunkierros.fi\/fi\/#\/schema\/logo\/image\/\",\"url\":\"https:\/\/media.nuts.fi\/wp-content\/uploads\/sites\/5\/2025\/01\/28141416\/nuts-karhunkierros-white.svg\",\"contentUrl\":\"https:\/\/media.nuts.fi\/wp-content\/uploads\/sites\/5\/2025\/01\/28141416\/nuts-karhunkierros-white.svg\",\"caption\":\"NUTS Karhunkierros -polkujuoksu\"},\"image\":{\"@id\":\"https:\/\/nutskarhunkierros.fi\/fi\/#\/schema\/logo\/image\/\"}}]}<\/script>\n<!-- \/ Yoast SEO plugin. -->","yoast_head_json":{"title":"2017 - NUTS Karhunkierros -polkujuoksu","robots":{"index":"index","follow":"follow","max-snippet":"max-snippet:-1","max-image-preview":"max-image-preview:large","max-video-preview":"max-video-preview:-1"},"canonical":"https:\/\/nutskarhunkierros.fi\/fi\/historia\/2017-2\/","og_locale":"fi_FI","og_type":"article","og_title":"2017 - NUTS Karhunkierros -polkujuoksu","og_description":"26.-27.5.2017 Tulokset NUTS.fi kuvat Kuvat ovat k\u00e4ytett\u00e4viss\u00e4 henkil\u00f6kohtaisessa somessa ja tapahtumasta kerrottaessa. Mainitse kuvaajan nimi ja nuts.fi tai NUTS Karhunkierros. Albumiin p\u00e4\u00e4set kuvaajan nimest\u00e4 napsauttamalla. Tiedustelut info@nuts.fi. Aapo Laiho David Ari\u00f1o Juha Saastamoinen \/ ONEVISION Muut kuvaajat Tarkista k\u00e4ytt\u00f6lupa kuvaajalta. BUFF Trail Tour Finland video &nbsp; Blogit &amp; vlogit 160 km 80 km 53 km...","og_url":"https:\/\/nutskarhunkierros.fi\/fi\/historia\/2017-2\/","og_site_name":"NUTS Karhunkierros -polkujuoksu","article_modified_time":"2025-02-19T17:43:20+00:00","og_image":[{"width":2048,"height":1269,"url":"https:\/\/media.nuts.fi\/wp-content\/uploads\/sites\/5\/2017\/06\/28141359\/34698721860_49b4cc7bae_k.jpg","type":"image\/jpeg"}],"twitter_card":"summary_large_image","twitter_misc":{"Arvioitu lukuaika":"1 minuutti"},"schema":{"@context":"https:\/\/schema.org","@graph":[{"@type":"WebPage","@id":"https:\/\/nutskarhunkierros.fi\/fi\/historia\/2017-2\/","url":"https:\/\/nutskarhunkierros.fi\/fi\/historia\/2017-2\/","name":"2017 - NUTS Karhunkierros -polkujuoksu","isPartOf":{"@id":"https:\/\/nutskarhunkierros.fi\/fi\/#website"},"primaryImageOfPage":{"@id":"https:\/\/nutskarhunkierros.fi\/fi\/historia\/2017-2\/#primaryimage"},"image":{"@id":"https:\/\/nutskarhunkierros.fi\/fi\/historia\/2017-2\/#primaryimage"},"thumbnailUrl":"https:\/\/media.nuts.fi\/wp-content\/uploads\/sites\/5\/2017\/06\/28141359\/34698721860_49b4cc7bae_k.jpg","datePublished":"2017-06-04T09:39:10+00:00","dateModified":"2025-02-19T17:43:20+00:00","breadcrumb":{"@id":"https:\/\/nutskarhunkierros.fi\/fi\/historia\/2017-2\/#breadcrumb"},"inLanguage":"fi","potentialAction":[{"@type":"ReadAction","target":["https:\/\/nutskarhunkierros.fi\/fi\/historia\/2017-2\/"]}]},{"@type":"ImageObject","inLanguage":"fi","@id":"https:\/\/nutskarhunkierros.fi\/fi\/historia\/2017-2\/#primaryimage","url":"https:\/\/media.nuts.fi\/wp-content\/uploads\/sites\/5\/2017\/06\/28141359\/34698721860_49b4cc7bae_k.jpg","contentUrl":"https:\/\/media.nuts.fi\/wp-content\/uploads\/sites\/5\/2017\/06\/28141359\/34698721860_49b4cc7bae_k.jpg","width":2048,"height":1269},{"@type":"BreadcrumbList","@id":"https:\/\/nutskarhunkierros.fi\/fi\/historia\/2017-2\/#breadcrumb","itemListElement":[{"@type":"ListItem","position":1,"name":"Etusivu","item":"https:\/\/nutskarhunkierros.fi\/fi\/"},{"@type":"ListItem","position":2,"name":"Historia","item":"https:\/\/nutskarhunkierros.fi\/fi\/historia\/"},{"@type":"ListItem","position":3,"name":"2017"}]},{"@type":"WebSite","@id":"https:\/\/nutskarhunkierros.fi\/fi\/#website","url":"https:\/\/nutskarhunkierros.fi\/fi\/","name":"NUTS Karhunkierros -polkujuoksu","description":"Haasta Kuusamon kev\u00e4t! Polkujuoksu 13, 34, 55, 83 ja 166 kilometri\u00e4.","publisher":{"@id":"https:\/\/nutskarhunkierros.fi\/fi\/#organization"},"potentialAction":[{"@type":"SearchAction","target":{"@type":"EntryPoint","urlTemplate":"https:\/\/nutskarhunkierros.fi\/fi\/?s={search_term_string}"},"query-input":{"@type":"PropertyValueSpecification","valueRequired":true,"valueName":"search_term_string"}}],"inLanguage":"fi"},{"@type":"Organization","@id":"https:\/\/nutskarhunkierros.fi\/fi\/#organization","name":"NUTS Karhunkierros -polkujuoksu","url":"https:\/\/nutskarhunkierros.fi\/fi\/","logo":{"@type":"ImageObject","inLanguage":"fi","@id":"https:\/\/nutskarhunkierros.fi\/fi\/#\/schema\/logo\/image\/","url":"https:\/\/media.nuts.fi\/wp-content\/uploads\/sites\/5\/2025\/01\/28141416\/nuts-karhunkierros-white.svg","contentUrl":"https:\/\/media.nuts.fi\/wp-content\/uploads\/sites\/5\/2025\/01\/28141416\/nuts-karhunkierros-white.svg","caption":"NUTS Karhunkierros -polkujuoksu"},"image":{"@id":"https:\/\/nutskarhunkierros.fi\/fi\/#\/schema\/logo\/image\/"}}]}},"taxonomy_info":[],"featured_image_src_large":["https:\/\/media.nuts.fi\/wp-content\/uploads\/sites\/5\/2017\/06\/28141359\/34698721860_49b4cc7bae_k-1024x635.jpg",1024,635,true],"author_info":{"display_name":"NUTS","author_link":"https:\/\/nutskarhunkierros.fi\/fi\/author\/user\/"},"comment_info":0,"_links":{"self":[{"href":"https:\/\/nutskarhunkierros.fi\/fi\/wp-json\/wp\/v2\/pages\/1010","targetHints":{"allow":["GET"]}}],"collection":[{"href":"https:\/\/nutskarhunkierros.fi\/fi\/wp-json\/wp\/v2\/pages"}],"about":[{"href":"https:\/\/nutskarhunkierros.fi\/fi\/wp-json\/wp\/v2\/types\/page"}],"author":[{"embeddable":true,"href":"https:\/\/nutskarhunkierros.fi\/fi\/wp-json\/wp\/v2\/users\/1"}],"replies":[{"embeddable":true,"href":"https:\/\/nutskarhunkierros.fi\/fi\/wp-json\/wp\/v2\/comments?post=1010"}],"version-history":[{"count":2,"href":"https:\/\/nutskarhunkierros.fi\/fi\/wp-json\/wp\/v2\/pages\/1010\/revisions"}],"predecessor-version":[{"id":4160,"href":"https:\/\/nutskarhunkierros.fi\/fi\/wp-json\/wp\/v2\/pages\/1010\/revisions\/4160"}],"up":[{"embeddable":true,"href":"https:\/\/nutskarhunkierros.fi\/fi\/wp-json\/wp\/v2\/pages\/114"}],"wp:featuredmedia":[{"embeddable":true,"href":"https:\/\/nutskarhunkierros.fi\/fi\/wp-json\/wp\/v2\/media\/1014"}],"wp:attachment":[{"href":"https:\/\/nutskarhunkierros.fi\/fi\/wp-json\/wp\/v2\/media?parent=1010"}],"curies":[{"name":"wp","href":"https:\/\/api.w.org\/{rel}","templated":true}]}}