{"id":1896,"date":"2019-05-18T12:35:28","date_gmt":"2019-05-18T09:35:28","guid":{"rendered":"https:\/\/nutskarhunkierros.fi\/?page_id=1896"},"modified":"2026-03-31T12:23:46","modified_gmt":"2026-03-31T09:23:46","slug":"kannustajille","status":"publish","type":"page","link":"https:\/\/nutskarhunkierros.fi\/fi\/kannustajille\/","title":{"rendered":"Ohjeet kannustusjoukoille"},"content":{"rendered":"\n<h2 class=\"wp-block-heading\">\ud83d\udc4f\ud83c\udf89Kannustus on luvallista ja jopa suotavaa!<\/h2>\n\n\n\n<p>Polkujuoksussa kannustus on t\u00e4rke\u00e4 osa tapahtuman tunnelmaa. Reitin varrella kuultu kannustus voi antaa juoksijalle juuri sen lis\u00e4voiman, jota pitk\u00e4ll\u00e4 matkalla tarvitaan. Hymy, aplodit, kannustushuuto tai vaikka kyltti reitin varrella voivat tehd\u00e4 juoksijan p\u00e4iv\u00e4st\u00e4 paljon paremman.<br><br>Kannustajat ovat l\u00e4mpim\u00e4sti tervetulleita seuraamaan kilpailua ja luomaan tapahtumaan hyv\u00e4\u00e4 fiilist\u00e4. Muistathan kuitenkin kannustaa turvallisesti:  anna juoksijoille tilaa kulkea, kannusta turvallisissa paikoissa ja noudata j\u00e4rjest\u00e4jien ohjeita.<br><br>Kiitos, ett\u00e4 olet mukana tekem\u00e4ss\u00e4 tapahtumasta ikimuistoisen kaikille! \ud83d\udc9a<\/p>\n\n\n\n<p>\ud83d\udcc5<strong>Tsekkaa koko tapahtuman aikataulu \ud83d\udc49 <a href=\"https:\/\/nutskarhunkierros.fi\/fi\/info\/#aikataulu\">t\u00e4\u00e4lt\u00e4! <\/a><\/strong><\/p>\n\n\n\n<h3 class=\"wp-block-heading\">Juoksijan avustaminen &amp; huoltaminen sek\u00e4 huoltopisteet<\/h3>\n\n\n\n<p>\u26fa\ud83e\udd1dMuistuksena, ett\u00e4 <strong>kilpailijoiden muu avustaminen ja huoltaminen on sallittua ainoastaan virallisilla huoltopisteill\u00e4<\/strong>. <br>Noudatamme <a href=\"https:\/\/trailtourfinland.fi\/polkujuoksijan-etiketti-kilpailusaannot\/\">polkujuoksijan etiketti\u00e4<\/a>. \ud83d\udc9aKeskeytt\u00e4misest\u00e4 ilmoittaneita osallistujia saa toki auttaa.<\/p>\n\n\n\n<p><strong>Tsekkaa tapahtuman kaikki huoltopisteet \ud83d\udc49 <a href=\"https:\/\/nutskarhunkierros.fi\/fi\/info\/#huoltopisteet\">t\u00e4\u00e4lt\u00e4! <\/a><\/strong><\/p>\n\n\n\n<p><strong>\ud83d\ude97Yksityisautoilla liikkumista kannattaa v\u00e4ltt\u00e4\u00e4 Karhunkierroksen varteen johtavilla reiteill\u00e4, sill\u00e4 pys\u00e4k\u00f6intipaikkoja on niukasti. <\/strong>Tapahtuman j\u00e4rjest\u00e4j\u00e4 suosittelee hy\u00f6dynt\u00e4m\u00e4\u00e4n ilmaisia kannustusbusseja. Basecampin ja Konttaisen huoltoihin voitte n\u00e4pp\u00e4r\u00e4sti kulkea kannustamaan Rukan k\u00e4velykyl\u00e4st\u00e4 l\u00e4htevill\u00e4 busseilla.<\/p>\n\n\n\n<h3 class=\"wp-block-heading\">\u2764\ufe0f\u200d\ud83e\ude79Turvallisuus<\/h3>\n\n\n\n<p>\ud83d\udcf1Tapahtumap\u00e4ivys <strong>040 6605 281<\/strong><\/p>\n\n\n\n<p>Jos huomaat maastossa juoksijan, joka tarvitsee apua <strong>\ud83d\udc49<\/strong>Vakavissa onnettomuuksissa soita ensin yleiseen h\u00e4t\u00e4numeroon 112 ja h\u00e4lyt\u00e4 apua.  T\u00e4m\u00e4n j\u00e4lkeen soita tapahtumap\u00e4ivystykseen <strong>040 6605 281<\/strong> &#8211; koordinaattisi l\u00f6yd\u00e4t reitin kilometriviitoista!<\/p>\n\n\n\n<p><strong>Huomioitavia asioita ja varovaisuus kannustaessa reitill\u00e4<\/strong><\/p>\n\n\n\n<ul class=\"wp-block-list\">\n<li>Kuusamossa voi olla lunta toukokuussa ja joet tulvivat, joten kaikissa jokien\/purojen ylityksiss\u00e4 tulee noudattaa ehdotonta varovaisuutta.<\/li>\n\n\n\n<li>Toukokuussa voi olla pakkasta.<\/li>\n\n\n\n<li>Noudata erityist\u00e4 varovaisuutta teiden ylityksiss\u00e4.<\/li>\n\n\n\n<li>Reitti kulkee my\u00f6s Oulangan kansallispuiston alueella. Liikkuminen on sallittua ainoastaan merkityll\u00e4 reitill\u00e4.<\/li>\n\n\n\n<li>Emme roskaa &#8211; laita roskat huoltojen roskiksiin.<\/li>\n<\/ul>\n\n\n\n<h3 class=\"wp-block-heading\">\ud83d\udccdTulokset &amp; seuranta<\/h3>\n\n\n\n<p>Voit seurata tapahtuman kulkua, juoksijoiden suorituksi sek\u00e4 GPS-seurantaa  tapahtuman k\u00e4ynnistyess\u00e4 tapahtumien nettisivuilta sek\u00e4 NUTSin sosiaalisesta mediasta. <\/p>\n\n\n\n<h2 class=\"wp-block-heading\">\ud83d\ude8c<a href=\"https:\/\/nutskarhunkierros.fi\/wp-admin\/post.php?post=1896&amp;action=edit#bussit\">Ilmaiset kannustusbussit<\/a> lauantaina<\/h2>\n\n\n\n<h3 class=\"wp-block-heading\"><strong>Shuttle Ruka-Basecamp-Ruka<\/strong><\/h3>\n\n\n\n<p>Bussi kulkee Rukalta Basecampille ja takaisin Rukalle kuljettaen kannustajia alla olevan taulukon aikataululla.<\/p>\n\n\n\n<p>Rukalla Shuttle-bussin pys\u00e4kki on Kumpareen k\u00e4\u00e4nt\u00f6paikalla Kumpareen puolella. Ruka Suites\/Kotipitsan kohdalla. Pys\u00e4kill\u00e4 iso kyltti: NUTS Shuttle (samalla alueella my\u00f6s bussit l\u00e4ht\u00f6ihin).<\/p>\n\n\n\n<figure class=\"wp-block-table\"><table><tbody><tr><td colspan=\"2\"><strong>Shuttle La 23.5.2026 Basecamp l\u00e4ht\u00f6aika<\/strong><\/td><\/tr><tr><td><strong>Ruka \u2192<\/strong><strong>Juuma<\/strong><strong>Basecamp<\/strong><\/td><td><strong>JuumaBasecamp \u2192Ruka<\/strong>  <strong>(K via Konttainen) <\/strong><\/td><\/tr><tr><td>7.00<\/td><td>7.30<\/td><\/tr><tr><td>8.15<\/td><td>8.45<\/td><\/tr><tr><td>9.30<\/td><td>10.00<\/td><\/tr><tr><td>10.15<\/td><td>10.45<\/td><\/tr><tr><td>10.45<\/td><td>11.15<\/td><\/tr><tr><td>11.15<\/td><td>11.45 K<\/td><\/tr><tr><td>12.00<\/td><td>12.30 K<\/td><\/tr><tr><td>12.30<\/td><td>13.00 K<\/td><\/tr><tr><td>13.15<\/td><td>13.45 K<\/td><\/tr><tr><td>13.45<\/td><td>14.15 K<\/td><\/tr><tr><td>14.30<\/td><td>15.00 K<\/td><\/tr><tr><td>15.45<\/td><td>16.15 K<\/td><\/tr><tr><td>17.00<\/td><td>17.30 K<\/td><\/tr><tr><td>18.15<\/td><td>18.45 K<\/td><\/tr><\/tbody><\/table><\/figure>\n\n\n\n<h3 class=\"wp-block-heading\"><strong>Shuttle Ruka-Konttainen-Ruka<\/strong><\/h3>\n\n\n\n<p>Bussi kulkee Rukalta Konttaiselle ja takaisin Rukalle kuljettaen kannustajia reitin varrelle Konttaiselle.<\/p>\n\n\n\n<figure class=\"wp-block-table\"><table><tbody><tr><td colspan=\"2\"><strong>Shuttle La 23.5.2026 Konttainen l\u00e4ht\u00f6aika<\/strong><\/td><\/tr><tr><td><strong>Ruka \u2192Konttainen<\/strong> <strong> (B via Basecamp)<\/strong><\/td><td><strong>Konttainen \u2192<\/strong><strong>Ruka<\/strong><\/td><\/tr><tr><td>11.15 B<\/td><td>12.15<\/td><\/tr><tr><td>12.00 B<\/td><td>13.00<\/td><\/tr><tr><td>12.30 B<\/td><td>13.30<\/td><\/tr><tr><td>13.15 B<\/td><td>14.15<\/td><\/tr><tr><td>13.45 B<\/td><td>14.45<\/td><\/tr><tr><td>14.30 B<\/td><td>15.30<\/td><\/tr><tr><td>15.45 B<\/td><td>16.45<\/td><\/tr><tr><td>17.00 B<\/td><td>18.00<\/td><\/tr><tr><td>18.15 B<\/td><td>19.15<\/td><\/tr><tr><td>19.30<\/td><td>19.45<\/td><\/tr><\/tbody><\/table><\/figure>\n\n\n\n<h2 class=\"wp-block-heading\">\ud83d\ude97Omalla autolla kuljettaessa:<\/h2>\n\n\n\n<p><strong>Suosittelemme k\u00e4ytt\u00e4m\u00e4\u00e4n kannustusbusseja. Mik\u00e4li liikut yksityisautolla, pyri suosimaan kimppakyytej\u00e4 rajallisten pys\u00e4k\u00f6intimahdollisuuksien vuoksi. Muista, ett\u00e4 teill\u00e4 on muutakin kuin tapahtumaan liittyv\u00e4\u00e4 liikennett\u00e4, joten eth\u00e4n pys\u00e4k\u00f6i tien tukkeeksi!<\/strong><\/p>\n\n\n\n<p><strong>Napapiirin huoltopisteelle<\/strong> p\u00e4\u00e4see suoraan autolla. Huomioithan rajalliset pys\u00e4k\u00f6intimahdollisuudet! Napapiirin <a href=\"https:\/\/goo.gl\/maps\/LQWqc5UJP8mvbX2u6\" target=\"_blank\" rel=\"noreferrer noopener\"><strong>huoltopisteen sijainti.<\/strong><\/a><\/p>\n\n\n\n<p><strong>Oulangan huoltopisteelle<\/strong> kuljettaessa huomaa ett\u00e4 <a href=\"https:\/\/nuts.fi\/fi\/oulangan-pysakointi-poikkeuksellisesti-kaylassa-ilmainen-shuttle-klo-16-20-perjantaina\/\">perjantaina kello 16\u201320 pys\u00e4k\u00f6inti on K\u00e4yl\u00e4ss\u00e4<\/a> josta kuljetus 20 minuutin v\u00e4lein Oulankaan.<\/p>\n\n\n\n<p><strong>Basecampin huolto<\/strong>on kannustajat p\u00e4\u00e4sev\u00e4t k\u00e4vellen <a href=\"https:\/\/goo.gl\/maps\/USqY9dVGPmifryu3A\" target=\"_blank\" rel=\"noreferrer noopener\"><strong>Pienen Karhunkierroksen l\u00e4ht\u00f6pisteen pys\u00e4k\u00f6intialueelta<\/strong><\/a>. Matkaa pys\u00e4k\u00f6intialueelta Juuman riippusillan kautta huoltoon on noin 1,2 km. Basecampin huoltoon johtava Myllykoskentie suljetaan ylim\u00e4\u00e4r\u00e4iselt\u00e4 liikenteelt\u00e4 (Puurosuontien ja Juumantien risteyksest\u00e4 alkaen) tapahtuman ajaksi.<\/p>\n\n\n\n<p>\ud83c\udf74Basecampin huoltopisteell\u00e4 sijaitseva ravintola on avoinna tapahtuman aikana 22. -23.5, klo 10.00-20.00. <br><strong><a href=\"https:\/\/basecampoulanka.fi\/fi\">Katso lis\u00e4tietoja t\u00e4\u00e4lt\u00e4!<\/a><\/strong><\/p>\n\n\n\n<p><strong>Konttaisen <\/strong>huollossa <a href=\"https:\/\/goo.gl\/maps\/JYtS3nNoRiZDffZbA\"><b>pys\u00e4k\u00f6inti Virkkulantien<\/b> (8694) <b>pohjoiseen <\/b><\/a>reunaan ks. karttakuva.<\/p>\n\n\n\n<figure class=\"wp-block-image size-full\"><img loading=\"lazy\" decoding=\"async\" width=\"2000\" height=\"1414\" src=\"https:\/\/media.nuts.fi\/wp-content\/uploads\/sites\/5\/2026\/03\/31105709\/Ruka-HUOLTOPISTEET-kartta-2.jpg\" alt=\"\" class=\"wp-image-4895\" srcset=\"https:\/\/media.nuts.fi\/wp-content\/uploads\/sites\/5\/2026\/03\/31105709\/Ruka-HUOLTOPISTEET-kartta-2.jpg 2000w, https:\/\/media.nuts.fi\/wp-content\/uploads\/sites\/5\/2026\/03\/31105709\/Ruka-HUOLTOPISTEET-kartta-2-300x212.jpg 300w, https:\/\/media.nuts.fi\/wp-content\/uploads\/sites\/5\/2026\/03\/31105709\/Ruka-HUOLTOPISTEET-kartta-2-1024x724.jpg 1024w, https:\/\/media.nuts.fi\/wp-content\/uploads\/sites\/5\/2026\/03\/31105709\/Ruka-HUOLTOPISTEET-kartta-2-768x543.jpg 768w, https:\/\/media.nuts.fi\/wp-content\/uploads\/sites\/5\/2026\/03\/31105709\/Ruka-HUOLTOPISTEET-kartta-2-1536x1086.jpg 1536w\" sizes=\"auto, (max-width: 2000px) 100vw, 2000px\" \/><\/figure>\n\n\n\n<p><b>Pelastusajoneuvojen reitti on pidett\u00e4v\u00e4 avoinna.<\/b> <\/p>\n\n\n\n<p><\/p>\n","protected":false},"excerpt":{"rendered":"<p>\ud83d\udc4f\ud83c\udf89Kannustus on luvallista ja jopa suotavaa! Polkujuoksussa kannustus on t\u00e4rke\u00e4 osa tapahtuman tunnelmaa. Reitin varrella kuultu kannustus voi antaa juoksijalle juuri sen lis\u00e4voiman, jota pitk\u00e4ll\u00e4 matkalla tarvitaan. Hymy, aplodit, kannustushuuto tai vaikka kyltti reitin varrella voivat tehd\u00e4 juoksijan p\u00e4iv\u00e4st\u00e4 paljon paremman. Kannustajat ovat l\u00e4mpim\u00e4sti tervetulleita seuraamaan kilpailua ja luomaan tapahtumaan hyv\u00e4\u00e4 fiilist\u00e4. Muistathan kuitenkin kannustaa&#8230;<\/p>\n","protected":false},"author":1,"featured_media":3325,"parent":0,"menu_order":0,"comment_status":"closed","ping_status":"closed","template":"","meta":{"_kad_blocks_custom_css":"","_kad_blocks_head_custom_js":"","_kad_blocks_body_custom_js":"","_kad_blocks_footer_custom_js":"","_kad_post_transparent":"","_kad_post_title":"","_kad_post_layout":"","_kad_post_sidebar_id":"","_kad_post_content_style":"","_kad_post_vertical_padding":"","_kad_post_feature":"","_kad_post_feature_position":"","_kad_post_header":false,"_kad_post_footer":false,"_kad_post_classname":"","footnotes":""},"class_list":["post-1896","page","type-page","status-publish","has-post-thumbnail","hentry"],"yoast_head":"<!-- This site is optimized with the Yoast SEO plugin v26.8 - https:\/\/yoast.com\/product\/yoast-seo-wordpress\/ -->\n<title>Ohjeet kannustusjoukoille - NUTS Karhunkierros -polkujuoksu<\/title>\n<meta name=\"robots\" content=\"index, follow, max-snippet:-1, max-image-preview:large, max-video-preview:-1\" \/>\n<link rel=\"canonical\" href=\"https:\/\/nutskarhunkierros.fi\/fi\/kannustajille\/\" \/>\n<meta property=\"og:locale\" content=\"fi_FI\" \/>\n<meta property=\"og:type\" content=\"article\" \/>\n<meta property=\"og:title\" content=\"Ohjeet kannustusjoukoille - NUTS Karhunkierros -polkujuoksu\" \/>\n<meta property=\"og:description\" content=\"\ud83d\udc4f\ud83c\udf89Kannustus on luvallista ja jopa suotavaa! Polkujuoksussa kannustus on t\u00e4rke\u00e4 osa tapahtuman tunnelmaa. Reitin varrella kuultu kannustus voi antaa juoksijalle juuri sen lis\u00e4voiman, jota pitk\u00e4ll\u00e4 matkalla tarvitaan. Hymy, aplodit, kannustushuuto tai vaikka kyltti reitin varrella voivat tehd\u00e4 juoksijan p\u00e4iv\u00e4st\u00e4 paljon paremman. Kannustajat ovat l\u00e4mpim\u00e4sti tervetulleita seuraamaan kilpailua ja luomaan tapahtumaan hyv\u00e4\u00e4 fiilist\u00e4. Muistathan kuitenkin kannustaa...\" \/>\n<meta property=\"og:url\" content=\"https:\/\/nutskarhunkierros.fi\/fi\/kannustajille\/\" \/>\n<meta property=\"og:site_name\" content=\"NUTS Karhunkierros -polkujuoksu\" \/>\n<meta property=\"article:modified_time\" content=\"2026-03-31T09:23:46+00:00\" \/>\n<meta property=\"og:image\" content=\"https:\/\/media.nuts.fi\/wp-content\/uploads\/sites\/5\/2023\/05\/28141319\/kannustus.jpg\" \/>\n\t<meta property=\"og:image:width\" content=\"2048\" \/>\n\t<meta property=\"og:image:height\" content=\"1365\" \/>\n\t<meta property=\"og:image:type\" content=\"image\/jpeg\" \/>\n<meta name=\"twitter:card\" content=\"summary_large_image\" \/>\n<meta name=\"twitter:label1\" content=\"Arvioitu lukuaika\" \/>\n\t<meta name=\"twitter:data1\" content=\"4 minuuttia\" \/>\n<script type=\"application\/ld+json\" class=\"yoast-schema-graph\">{\"@context\":\"https:\/\/schema.org\",\"@graph\":[{\"@type\":\"WebPage\",\"@id\":\"https:\/\/nutskarhunkierros.fi\/fi\/kannustajille\/\",\"url\":\"https:\/\/nutskarhunkierros.fi\/fi\/kannustajille\/\",\"name\":\"Ohjeet kannustusjoukoille - NUTS Karhunkierros -polkujuoksu\",\"isPartOf\":{\"@id\":\"https:\/\/nutskarhunkierros.fi\/fi\/#website\"},\"primaryImageOfPage\":{\"@id\":\"https:\/\/nutskarhunkierros.fi\/fi\/kannustajille\/#primaryimage\"},\"image\":{\"@id\":\"https:\/\/nutskarhunkierros.fi\/fi\/kannustajille\/#primaryimage\"},\"thumbnailUrl\":\"https:\/\/media.nuts.fi\/wp-content\/uploads\/sites\/5\/2023\/05\/28141319\/kannustus.jpg\",\"datePublished\":\"2019-05-18T09:35:28+00:00\",\"dateModified\":\"2026-03-31T09:23:46+00:00\",\"breadcrumb\":{\"@id\":\"https:\/\/nutskarhunkierros.fi\/fi\/kannustajille\/#breadcrumb\"},\"inLanguage\":\"fi\",\"potentialAction\":[{\"@type\":\"ReadAction\",\"target\":[\"https:\/\/nutskarhunkierros.fi\/fi\/kannustajille\/\"]}]},{\"@type\":\"ImageObject\",\"inLanguage\":\"fi\",\"@id\":\"https:\/\/nutskarhunkierros.fi\/fi\/kannustajille\/#primaryimage\",\"url\":\"https:\/\/media.nuts.fi\/wp-content\/uploads\/sites\/5\/2023\/05\/28141319\/kannustus.jpg\",\"contentUrl\":\"https:\/\/media.nuts.fi\/wp-content\/uploads\/sites\/5\/2023\/05\/28141319\/kannustus.jpg\",\"width\":2048,\"height\":1365},{\"@type\":\"BreadcrumbList\",\"@id\":\"https:\/\/nutskarhunkierros.fi\/fi\/kannustajille\/#breadcrumb\",\"itemListElement\":[{\"@type\":\"ListItem\",\"position\":1,\"name\":\"Etusivu\",\"item\":\"https:\/\/nutskarhunkierros.fi\/fi\/\"},{\"@type\":\"ListItem\",\"position\":2,\"name\":\"Ohjeet kannustusjoukoille\"}]},{\"@type\":\"WebSite\",\"@id\":\"https:\/\/nutskarhunkierros.fi\/fi\/#website\",\"url\":\"https:\/\/nutskarhunkierros.fi\/fi\/\",\"name\":\"NUTS Karhunkierros -polkujuoksu\",\"description\":\"Haasta Kuusamon kev\u00e4t! Polkujuoksu 13, 34, 55, 83 ja 166 kilometri\u00e4.\",\"publisher\":{\"@id\":\"https:\/\/nutskarhunkierros.fi\/fi\/#organization\"},\"potentialAction\":[{\"@type\":\"SearchAction\",\"target\":{\"@type\":\"EntryPoint\",\"urlTemplate\":\"https:\/\/nutskarhunkierros.fi\/fi\/?s={search_term_string}\"},\"query-input\":{\"@type\":\"PropertyValueSpecification\",\"valueRequired\":true,\"valueName\":\"search_term_string\"}}],\"inLanguage\":\"fi\"},{\"@type\":\"Organization\",\"@id\":\"https:\/\/nutskarhunkierros.fi\/fi\/#organization\",\"name\":\"NUTS Karhunkierros -polkujuoksu\",\"url\":\"https:\/\/nutskarhunkierros.fi\/fi\/\",\"logo\":{\"@type\":\"ImageObject\",\"inLanguage\":\"fi\",\"@id\":\"https:\/\/nutskarhunkierros.fi\/fi\/#\/schema\/logo\/image\/\",\"url\":\"https:\/\/media.nuts.fi\/wp-content\/uploads\/sites\/5\/2025\/01\/28141416\/nuts-karhunkierros-white.svg\",\"contentUrl\":\"https:\/\/media.nuts.fi\/wp-content\/uploads\/sites\/5\/2025\/01\/28141416\/nuts-karhunkierros-white.svg\",\"caption\":\"NUTS Karhunkierros -polkujuoksu\"},\"image\":{\"@id\":\"https:\/\/nutskarhunkierros.fi\/fi\/#\/schema\/logo\/image\/\"}}]}<\/script>\n<!-- \/ Yoast SEO plugin. -->","yoast_head_json":{"title":"Ohjeet kannustusjoukoille - NUTS Karhunkierros -polkujuoksu","robots":{"index":"index","follow":"follow","max-snippet":"max-snippet:-1","max-image-preview":"max-image-preview:large","max-video-preview":"max-video-preview:-1"},"canonical":"https:\/\/nutskarhunkierros.fi\/fi\/kannustajille\/","og_locale":"fi_FI","og_type":"article","og_title":"Ohjeet kannustusjoukoille - NUTS Karhunkierros -polkujuoksu","og_description":"\ud83d\udc4f\ud83c\udf89Kannustus on luvallista ja jopa suotavaa! Polkujuoksussa kannustus on t\u00e4rke\u00e4 osa tapahtuman tunnelmaa. Reitin varrella kuultu kannustus voi antaa juoksijalle juuri sen lis\u00e4voiman, jota pitk\u00e4ll\u00e4 matkalla tarvitaan. Hymy, aplodit, kannustushuuto tai vaikka kyltti reitin varrella voivat tehd\u00e4 juoksijan p\u00e4iv\u00e4st\u00e4 paljon paremman. Kannustajat ovat l\u00e4mpim\u00e4sti tervetulleita seuraamaan kilpailua ja luomaan tapahtumaan hyv\u00e4\u00e4 fiilist\u00e4. Muistathan kuitenkin kannustaa...","og_url":"https:\/\/nutskarhunkierros.fi\/fi\/kannustajille\/","og_site_name":"NUTS Karhunkierros -polkujuoksu","article_modified_time":"2026-03-31T09:23:46+00:00","og_image":[{"width":2048,"height":1365,"url":"https:\/\/media.nuts.fi\/wp-content\/uploads\/sites\/5\/2023\/05\/28141319\/kannustus.jpg","type":"image\/jpeg"}],"twitter_card":"summary_large_image","twitter_misc":{"Arvioitu lukuaika":"4 minuuttia"},"schema":{"@context":"https:\/\/schema.org","@graph":[{"@type":"WebPage","@id":"https:\/\/nutskarhunkierros.fi\/fi\/kannustajille\/","url":"https:\/\/nutskarhunkierros.fi\/fi\/kannustajille\/","name":"Ohjeet kannustusjoukoille - NUTS Karhunkierros -polkujuoksu","isPartOf":{"@id":"https:\/\/nutskarhunkierros.fi\/fi\/#website"},"primaryImageOfPage":{"@id":"https:\/\/nutskarhunkierros.fi\/fi\/kannustajille\/#primaryimage"},"image":{"@id":"https:\/\/nutskarhunkierros.fi\/fi\/kannustajille\/#primaryimage"},"thumbnailUrl":"https:\/\/media.nuts.fi\/wp-content\/uploads\/sites\/5\/2023\/05\/28141319\/kannustus.jpg","datePublished":"2019-05-18T09:35:28+00:00","dateModified":"2026-03-31T09:23:46+00:00","breadcrumb":{"@id":"https:\/\/nutskarhunkierros.fi\/fi\/kannustajille\/#breadcrumb"},"inLanguage":"fi","potentialAction":[{"@type":"ReadAction","target":["https:\/\/nutskarhunkierros.fi\/fi\/kannustajille\/"]}]},{"@type":"ImageObject","inLanguage":"fi","@id":"https:\/\/nutskarhunkierros.fi\/fi\/kannustajille\/#primaryimage","url":"https:\/\/media.nuts.fi\/wp-content\/uploads\/sites\/5\/2023\/05\/28141319\/kannustus.jpg","contentUrl":"https:\/\/media.nuts.fi\/wp-content\/uploads\/sites\/5\/2023\/05\/28141319\/kannustus.jpg","width":2048,"height":1365},{"@type":"BreadcrumbList","@id":"https:\/\/nutskarhunkierros.fi\/fi\/kannustajille\/#breadcrumb","itemListElement":[{"@type":"ListItem","position":1,"name":"Etusivu","item":"https:\/\/nutskarhunkierros.fi\/fi\/"},{"@type":"ListItem","position":2,"name":"Ohjeet kannustusjoukoille"}]},{"@type":"WebSite","@id":"https:\/\/nutskarhunkierros.fi\/fi\/#website","url":"https:\/\/nutskarhunkierros.fi\/fi\/","name":"NUTS Karhunkierros -polkujuoksu","description":"Haasta Kuusamon kev\u00e4t! Polkujuoksu 13, 34, 55, 83 ja 166 kilometri\u00e4.","publisher":{"@id":"https:\/\/nutskarhunkierros.fi\/fi\/#organization"},"potentialAction":[{"@type":"SearchAction","target":{"@type":"EntryPoint","urlTemplate":"https:\/\/nutskarhunkierros.fi\/fi\/?s={search_term_string}"},"query-input":{"@type":"PropertyValueSpecification","valueRequired":true,"valueName":"search_term_string"}}],"inLanguage":"fi"},{"@type":"Organization","@id":"https:\/\/nutskarhunkierros.fi\/fi\/#organization","name":"NUTS Karhunkierros -polkujuoksu","url":"https:\/\/nutskarhunkierros.fi\/fi\/","logo":{"@type":"ImageObject","inLanguage":"fi","@id":"https:\/\/nutskarhunkierros.fi\/fi\/#\/schema\/logo\/image\/","url":"https:\/\/media.nuts.fi\/wp-content\/uploads\/sites\/5\/2025\/01\/28141416\/nuts-karhunkierros-white.svg","contentUrl":"https:\/\/media.nuts.fi\/wp-content\/uploads\/sites\/5\/2025\/01\/28141416\/nuts-karhunkierros-white.svg","caption":"NUTS Karhunkierros -polkujuoksu"},"image":{"@id":"https:\/\/nutskarhunkierros.fi\/fi\/#\/schema\/logo\/image\/"}}]}},"taxonomy_info":[],"featured_image_src_large":["https:\/\/media.nuts.fi\/wp-content\/uploads\/sites\/5\/2023\/05\/28141319\/kannustus-1024x683.jpg",1024,683,true],"author_info":{"display_name":"NUTS","author_link":"https:\/\/nutskarhunkierros.fi\/fi\/author\/user\/"},"comment_info":0,"_links":{"self":[{"href":"https:\/\/nutskarhunkierros.fi\/fi\/wp-json\/wp\/v2\/pages\/1896","targetHints":{"allow":["GET"]}}],"collection":[{"href":"https:\/\/nutskarhunkierros.fi\/fi\/wp-json\/wp\/v2\/pages"}],"about":[{"href":"https:\/\/nutskarhunkierros.fi\/fi\/wp-json\/wp\/v2\/types\/page"}],"author":[{"embeddable":true,"href":"https:\/\/nutskarhunkierros.fi\/fi\/wp-json\/wp\/v2\/users\/1"}],"replies":[{"embeddable":true,"href":"https:\/\/nutskarhunkierros.fi\/fi\/wp-json\/wp\/v2\/comments?post=1896"}],"version-history":[{"count":13,"href":"https:\/\/nutskarhunkierros.fi\/fi\/wp-json\/wp\/v2\/pages\/1896\/revisions"}],"predecessor-version":[{"id":4902,"href":"https:\/\/nutskarhunkierros.fi\/fi\/wp-json\/wp\/v2\/pages\/1896\/revisions\/4902"}],"wp:featuredmedia":[{"embeddable":true,"href":"https:\/\/nutskarhunkierros.fi\/fi\/wp-json\/wp\/v2\/media\/3325"}],"wp:attachment":[{"href":"https:\/\/nutskarhunkierros.fi\/fi\/wp-json\/wp\/v2\/media?parent=1896"}],"curies":[{"name":"wp","href":"https:\/\/api.w.org\/{rel}","templated":true}]}}