{"id":2214,"date":"2019-10-07T07:05:40","date_gmt":"2019-10-07T04:05:40","guid":{"rendered":"https:\/\/nutskarhunkierros.fi\/?page_id=2214"},"modified":"2025-02-19T17:38:11","modified_gmt":"2025-02-19T17:38:11","slug":"2019-2","status":"publish","type":"page","link":"https:\/\/nutskarhunkierros.fi\/fi\/historia\/2019-2\/","title":{"rendered":"2019"},"content":{"rendered":"\n<p>24.-25.5.2019<\/p>\n\n\n<div id=\"divRRPublish\" class=\"RRPublish\"><\/div><script type=\"text\/javascript\" src=\"https:\/\/my.raceresult.com\/RRPublish\/load.js.php?lang=fi\"><\/script><script type=\"text\/javascript\">\n                var rrp=new RRPublish(document.getElementById(\"divRRPublish\"), 109265, \"results\");\n                rrp.ShowTimerLogo=true;\n                rrp.ShowInfoText=false;\n            <\/script>\n\n\n\n<p>T\u00e4nne ker\u00e4\u00e4mme linkkej\u00e4 sit\u00e4 mukaan kun saamme linkkej\u00e4. Vinkkaa <a href=\"mailto:info@nuts.fi\">info@nuts.fi<\/a>!<\/p>\n\n\n\n<h2 class=\"wp-block-heading\">Kuvia<\/h2>\n\n\n\n<p><a href=\"https:\/\/nuts.kuvat.fi\/kuvat\/NUTS+Karhunkierros+2019\/\">NUTS Karhunkierros -kuvakirjasto<\/a><\/p>\n\n\n\n<p><a href=\"https:\/\/www.facebook.com\/anni.toppila\/media_set?set=a.10156710739738402&amp;type=3\">Anni Toppila (166 km Valtavaaralla perjantaina)<\/a><\/p>\n\n\n\n<p><a href=\"https:\/\/www.facebook.com\/media\/set\/?set=ms.c.eJxlkcENxEAIAzuKFhYw9N~%3BYSfeJMnxHYBtjx7L6mibyjOo89hL5Ije~_pNZMRZDY2nLDTE7SK6mcJuhEDUmQZAWIYl06VE5n5hwxTxSI5Lx01hXVq0O6q5pbt5jnsLFyusfMymzUEX8hu1RuZs7~_ttFX88~%3B8A~%3BAEeLg~-.bps.a.10156831794374760\">Jukka Rouhiainen-Gr\u00e9n<\/a> *<\/p>\n\n\n\n<h2 class=\"wp-block-heading\">Videoita<\/h2>\n\n\n\n<p><a href=\"https:\/\/youtu.be\/dn4rBLEDOf0\">Onni V\u00e4h\u00e4aho 166 km<\/a><\/p>\n\n\n\n<p><a href=\"https:\/\/youtu.be\/sqEFRxxg_08\">Markku Lauste 55 km<\/a><\/p>\n\n\n\n<p><a href=\"https:\/\/youtu.be\/VqdirwSAzLk\">Martin Stefanov 166 km<\/a><\/p>\n\n\n\n<p><a href=\"https:\/\/youtu.be\/BrrBaLTkCYQ\">Tuomo Sepp\u00e4nen 83 km<\/a><\/p>\n\n\n\n<p><a href=\"https:\/\/youtu.be\/A3HYDFDusVY\">Marko Mustanoja 83 km<\/a><\/p>\n\n\n\n<p><a href=\"https:\/\/youtu.be\/ym5VfJqfCus\">Toni Koski 166 km<\/a><\/p>\n\n\n\n<p><a href=\"https:\/\/youtu.be\/dUr7I6ItF4s\">Pasi Pirhonen<\/a><\/p>\n\n\n\n<p><a href=\"https:\/\/youtu.be\/6PVGgwGGiyM\">Marko Pyh\u00e4j\u00e4rvi<\/a><\/p>\n\n\n\n<h2 class=\"wp-block-heading\">Blogeja ym.<\/h2>\n\n\n\n<p><a href=\"https:\/\/yle.fi\/urheilu\/3-10806675\">YLE Urheilun artikkeli<\/a><\/p>\n\n\n\n<h3 class=\"wp-block-heading\">166 km<\/h3>\n\n\n\n<p><a href=\"https:\/\/nivala66.blogspot.com\/2019\/05\/nuts-karhunkierros-2019.html\">Onni V\u00e4h\u00e4aho<\/a><\/p>\n\n\n\n<p><a href=\"https:\/\/medium.com\/@bulletproofy\/ensimm%C3%A4inen-satamailinen-nuts-karhunkierros-166-km-7eb378f5ea33\">Jaakko Soudunsaari<\/a><\/p>\n\n\n\n<p><a href=\"https:\/\/naturalmovement.fi\/blog\/nuts-karhunkierros-166-km?_bl=14\">Jukka Kaavi<\/a> (dnf-rapsa)<\/p>\n\n\n\n<p><a href=\"https:\/\/mielenryijy.blogspot.com\/2019\/05\/nuts-karhunkierros-24-2542019-kisarapsa.html\">Tapani Koskinen<\/a><\/p>\n\n\n\n<p><a href=\"http:\/\/poluiltatielle.blogspot.com\/2019\/05\/nuts-karhunkierros-2019-166km-sinne-ja.html\">Toni Koski<\/a><\/p>\n\n\n\n<p><a href=\"https:\/\/outdoor-oksanen.com\/2019\/05\/27\/nuts-karhunkierros-166-km-kun-yksi-suunta-ei-riita\/\">Teemu Oksanen<\/a><\/p>\n\n\n\n<p><a href=\"https:\/\/juoksijapoikaalaulattaa.blogspot.com\/2019\/06\/nuts-karhunkierros-2019-166km.html\">Pasi Pirhonen<\/a><\/p>\n\n\n\n<p><a href=\"https:\/\/ihanhukassa.blogspot.com\/2019\/05\/nuts-karhunkierros-166km-24-2552019.html\">Tommi Lainema<\/a><\/p>\n\n\n\n<h3 class=\"wp-block-heading\">83 km<\/h3>\n\n\n\n<p><a href=\"https:\/\/yksipaivaelamasta.blogspot.com\/2019\/05\/nuts-karhunkierros-83-km-nuts.html\">Jarkko Hele\u00e4<\/a><\/p>\n\n\n\n<p><a href=\"http:\/\/juoksejapysyhengissa.blogspot.com\/2019\/05\/nuts-karhunkierros-83km-2019-edition.html\">Lari Koivu<\/a><\/p>\n\n\n\n<p><a href=\"http:\/\/www.teamrahola.fi\/2019\/05\/nuts-karhunkierros-reissu-23-2752018.html\">Juhani Yli-Marttila<\/a><\/p>\n\n\n\n<p><a href=\"https:\/\/juoksuhommia.blogspot.com\/2019\/05\/nuts-karhunkierros-83-km-2019.html\">Ville Bayr<\/a> *<\/p>\n\n\n\n<p><a href=\"https:\/\/www.strava.com\/athletes\/1916470\/posts\/5343388\">Joakim Sandstr\u00f6m<\/a><\/p>\n\n\n\n<p><a href=\"http:\/\/www.dynamosali.com\/nuts-karhunkierros-2019-83km\/\">Kari Vierimaa<\/a><\/p>\n\n\n\n<p><a href=\"http:\/\/metwotraining.blogspot.com\/2019\/05\/kk-83km.html\">Eija Keski-S\u00e4ntti<\/a><\/p>\n\n\n\n<p><a href=\"https:\/\/sataparia.com\/2019\/05\/31\/karhunkierros-83-km-nainkin-voi-elamaa-rakastaa\/\">Mika Savolainen<\/a><\/p>\n\n\n\n<p><a href=\"https:\/\/www.healthystyleofliving.com\/2019\/05\/nuts-karhunkierros-85-km.html\">Susanna Kajala<\/a> (dnf-tarina)<\/p>\n\n\n\n<p><a href=\"https:\/\/metsaaneksynyt.blogspot.com\/2019\/05\/kk83.html\">Suvi Vellonen<\/a><\/p>\n\n\n\n<h3 class=\"wp-block-heading\">55 km<\/h3>\n\n\n\n<p><a href=\"https:\/\/juostenolenjoperilla.blogspot.com\/2019\/05\/nuts-karhunkierros-55k.html\">Salla Tuomola<\/a><\/p>\n\n\n\n<p><a href=\"https:\/\/yksipaivaelamasta.blogspot.com\/2019\/05\/nuts-karhunkierros-83-km-nuts.html\">Tanja Hele\u00e4<\/a><\/p>\n\n\n\n<p><a href=\"https:\/\/sisunainen.wordpress.com\/2019\/05\/27\/ensimmainen-ultrajuoksuni-nuts-karhunkierros-55km-2019\/\">Suvi Koskela<\/a><\/p>\n\n\n\n<p><a href=\"https:\/\/juhoedvard.blogspot.com\/2019\/05\/terasvillasta-ultravillaksi_30.html\">Juho Savola<\/a><\/p>\n\n\n\n<p><a href=\"https:\/\/annamannakka.wordpress.com\/2019\/05\/29\/nuts-karhunkierros-2019\/\">Anna Koveluhta<\/a><\/p>\n\n\n\n<p><a href=\"https:\/\/takomorunnersjenni.blogspot.com\/2019\/05\/nuts-karhunkierros-55km.html\">Jennimaria Jyr\u00e4s<\/a><\/p>\n\n\n\n<p><a href=\"https:\/\/piposilmilla.fi\/2019\/05\/27\/kuuluuko-polkujuoksun-olla-nain-kivaa-karhunkierros-55-km\/\">Milja Fromholtz<\/a><\/p>\n\n\n\n<p><a href=\"https:\/\/hyvakuntoisena-hautaan.blogspot.com\/2019\/05\/karhunkierros-55-km-2019-jekkua-ja.html\">Jani Hitonen<\/a><\/p>\n\n\n\n<p><a href=\"http:\/\/retureippailee.blogspot.com\/2019\/05\/nuts-55-km-tunteiden-sekamelskaa.html\">Raisa Ala-Lipasti<\/a><\/p>\n\n\n\n<p><a href=\"https:\/\/annamannakka.wordpress.com\/2019\/05\/29\/nuts-karhunkierros-2019\/\">Anna Koveluhta<\/a><\/p>\n\n\n\n<p><a href=\"https:\/\/sannanpolut.wordpress.com\/2019\/05\/31\/kisaraportti-nuts-karhunkierros-2019\/\">Sanna Eskelinen<\/a><\/p>\n\n\n\n<p><a href=\"https:\/\/medium.com\/@JonneSeppanen\/polkuseikkailijan-kev%C3%A4tjuhlat-8dd9265e73d8\">Jonne sepp\u00e4nen<\/a><\/p>\n\n\n\n<h3 class=\"wp-block-heading\">34 km<\/h3>\n\n\n\n<p><a href=\"https:\/\/koykkyrinkiertajat.com\/2019\/05\/27\/nuts-pesukarhunkierros-34-km\/\">Team K\u00f6ykkyrin Kiert\u00e4j\u00e4t<\/a><\/p>\n\n\n\n<p><a href=\"https:\/\/poluillaparastaaikaa.fi\/2019\/05\/28\/kiihtyvan-gps-pallon-taktiikka\/\">Susanna Tervo<\/a><\/p>\n\n\n\n<p><a href=\"http:\/\/juoksuaskeleet.blogspot.com\/2019\/05\/nuts-karhunkierros-34k-paras-juoksu.html\">Satu P<\/a><\/p>\n\n\n\n<p><a href=\"https:\/\/erabimbo.blog\/2019\/05\/29\/karhunkierros-vei-voiton\/\">Anni Kahila<\/a><\/p>\n\n\n\n<p><a href=\"https:\/\/www.lily.fi\/blogit\/maija-meinaa-maralle-and-beyond\/hyvan-mielen-nuts-karhunkierros-34-km-somehalit-ja-yllatyspannut\/\">Maijaliisa Mikkonen<\/a><\/p>\n\n\n\n<p><a href=\"http:\/\/runningreporterfinland.blogspot.com\/2019\/05\/saa-oli-mita-parhain-ulkoiluun.html\">Marko Krapu<\/a><\/p>\n\n\n\n<p><a href=\"https:\/\/www.menaiset.fi\/blogit\/dromhus\/nuts-karhunkierros-polkujuoksu-kestaako-ensikertalaisen-kantti\">Taru Tuovinen<\/a><\/p>\n\n\n\n<p><a href=\"https:\/\/sinneminnelenkkaritvie.blogspot.com\/2019\/05\/nuts-karhunkierros-34-km-superhidasta.html\">Henna Kaukoniemi<\/a><\/p>\n\n\n\n<p><a href=\"https:\/\/teemuihanpihalla.blogspot.com\/2019\/05\/nuts-karhunkierros-34-kilometria.html\">Teemu Suominen<\/a><\/p>\n","protected":false},"excerpt":{"rendered":"<p>24.-25.5.2019 T\u00e4nne ker\u00e4\u00e4mme linkkej\u00e4 sit\u00e4 mukaan kun saamme linkkej\u00e4. Vinkkaa info@nuts.fi! Kuvia NUTS Karhunkierros -kuvakirjasto Anni Toppila (166 km Valtavaaralla perjantaina) Jukka Rouhiainen-Gr\u00e9n * Videoita Onni V\u00e4h\u00e4aho 166 km Markku Lauste 55 km Martin Stefanov 166 km Tuomo Sepp\u00e4nen 83 km Marko Mustanoja 83 km Toni Koski 166 km Pasi Pirhonen Marko Pyh\u00e4j\u00e4rvi Blogeja ym&#8230;.<\/p>\n","protected":false},"author":1,"featured_media":2106,"parent":114,"menu_order":0,"comment_status":"closed","ping_status":"closed","template":"","meta":{"_kad_blocks_custom_css":"","_kad_blocks_head_custom_js":"","_kad_blocks_body_custom_js":"","_kad_blocks_footer_custom_js":"","_kad_post_transparent":"","_kad_post_title":"","_kad_post_layout":"","_kad_post_sidebar_id":"","_kad_post_content_style":"","_kad_post_vertical_padding":"","_kad_post_feature":"","_kad_post_feature_position":"","_kad_post_header":false,"_kad_post_footer":false,"_kad_post_classname":"","footnotes":""},"class_list":["post-2214","page","type-page","status-publish","has-post-thumbnail","hentry"],"yoast_head":"<!-- This site is optimized with the Yoast SEO plugin v26.8 - https:\/\/yoast.com\/product\/yoast-seo-wordpress\/ -->\n<title>2019 - NUTS Karhunkierros -polkujuoksu<\/title>\n<meta name=\"robots\" content=\"index, follow, max-snippet:-1, max-image-preview:large, max-video-preview:-1\" \/>\n<link rel=\"canonical\" href=\"https:\/\/nutskarhunkierros.fi\/fi\/historia\/2019-2\/\" \/>\n<meta property=\"og:locale\" content=\"fi_FI\" \/>\n<meta property=\"og:type\" content=\"article\" \/>\n<meta property=\"og:title\" content=\"2019 - NUTS Karhunkierros -polkujuoksu\" \/>\n<meta property=\"og:description\" content=\"24.-25.5.2019 T\u00e4nne ker\u00e4\u00e4mme linkkej\u00e4 sit\u00e4 mukaan kun saamme linkkej\u00e4. Vinkkaa info@nuts.fi! Kuvia NUTS Karhunkierros -kuvakirjasto Anni Toppila (166 km Valtavaaralla perjantaina) Jukka Rouhiainen-Gr\u00e9n * Videoita Onni V\u00e4h\u00e4aho 166 km Markku Lauste 55 km Martin Stefanov 166 km Tuomo Sepp\u00e4nen 83 km Marko Mustanoja 83 km Toni Koski 166 km Pasi Pirhonen Marko Pyh\u00e4j\u00e4rvi Blogeja ym....\" \/>\n<meta property=\"og:url\" content=\"https:\/\/nutskarhunkierros.fi\/fi\/historia\/2019-2\/\" \/>\n<meta property=\"og:site_name\" content=\"NUTS Karhunkierros -polkujuoksu\" \/>\n<meta property=\"article:modified_time\" content=\"2025-02-19T17:38:11+00:00\" \/>\n<meta property=\"og:image\" content=\"https:\/\/media.nuts.fi\/wp-content\/uploads\/sites\/5\/2019\/06\/28141337\/D47A1445-1.jpg\" \/>\n\t<meta property=\"og:image:width\" content=\"2500\" \/>\n\t<meta property=\"og:image:height\" content=\"1667\" \/>\n\t<meta property=\"og:image:type\" content=\"image\/jpeg\" \/>\n<meta name=\"twitter:card\" content=\"summary_large_image\" \/>\n<meta name=\"twitter:label1\" content=\"Arvioitu lukuaika\" \/>\n\t<meta name=\"twitter:data1\" content=\"1 minuutti\" \/>\n<script type=\"application\/ld+json\" class=\"yoast-schema-graph\">{\"@context\":\"https:\/\/schema.org\",\"@graph\":[{\"@type\":\"WebPage\",\"@id\":\"https:\/\/nutskarhunkierros.fi\/fi\/historia\/2019-2\/\",\"url\":\"https:\/\/nutskarhunkierros.fi\/fi\/historia\/2019-2\/\",\"name\":\"2019 - NUTS Karhunkierros -polkujuoksu\",\"isPartOf\":{\"@id\":\"https:\/\/nutskarhunkierros.fi\/fi\/#website\"},\"primaryImageOfPage\":{\"@id\":\"https:\/\/nutskarhunkierros.fi\/fi\/historia\/2019-2\/#primaryimage\"},\"image\":{\"@id\":\"https:\/\/nutskarhunkierros.fi\/fi\/historia\/2019-2\/#primaryimage\"},\"thumbnailUrl\":\"https:\/\/media.nuts.fi\/wp-content\/uploads\/sites\/5\/2019\/06\/28141337\/D47A1445-1.jpg\",\"datePublished\":\"2019-10-07T04:05:40+00:00\",\"dateModified\":\"2025-02-19T17:38:11+00:00\",\"breadcrumb\":{\"@id\":\"https:\/\/nutskarhunkierros.fi\/fi\/historia\/2019-2\/#breadcrumb\"},\"inLanguage\":\"fi\",\"potentialAction\":[{\"@type\":\"ReadAction\",\"target\":[\"https:\/\/nutskarhunkierros.fi\/fi\/historia\/2019-2\/\"]}]},{\"@type\":\"ImageObject\",\"inLanguage\":\"fi\",\"@id\":\"https:\/\/nutskarhunkierros.fi\/fi\/historia\/2019-2\/#primaryimage\",\"url\":\"https:\/\/media.nuts.fi\/wp-content\/uploads\/sites\/5\/2019\/06\/28141337\/D47A1445-1.jpg\",\"contentUrl\":\"https:\/\/media.nuts.fi\/wp-content\/uploads\/sites\/5\/2019\/06\/28141337\/D47A1445-1.jpg\",\"width\":2500,\"height\":1667,\"caption\":\"\u24b8 Guillem Casanova Photography\"},{\"@type\":\"BreadcrumbList\",\"@id\":\"https:\/\/nutskarhunkierros.fi\/fi\/historia\/2019-2\/#breadcrumb\",\"itemListElement\":[{\"@type\":\"ListItem\",\"position\":1,\"name\":\"Etusivu\",\"item\":\"https:\/\/nutskarhunkierros.fi\/fi\/\"},{\"@type\":\"ListItem\",\"position\":2,\"name\":\"Historia\",\"item\":\"https:\/\/nutskarhunkierros.fi\/fi\/historia\/\"},{\"@type\":\"ListItem\",\"position\":3,\"name\":\"2019\"}]},{\"@type\":\"WebSite\",\"@id\":\"https:\/\/nutskarhunkierros.fi\/fi\/#website\",\"url\":\"https:\/\/nutskarhunkierros.fi\/fi\/\",\"name\":\"NUTS Karhunkierros -polkujuoksu\",\"description\":\"Haasta Kuusamon kev\u00e4t! Polkujuoksu 13, 34, 55, 83 ja 166 kilometri\u00e4.\",\"publisher\":{\"@id\":\"https:\/\/nutskarhunkierros.fi\/fi\/#organization\"},\"potentialAction\":[{\"@type\":\"SearchAction\",\"target\":{\"@type\":\"EntryPoint\",\"urlTemplate\":\"https:\/\/nutskarhunkierros.fi\/fi\/?s={search_term_string}\"},\"query-input\":{\"@type\":\"PropertyValueSpecification\",\"valueRequired\":true,\"valueName\":\"search_term_string\"}}],\"inLanguage\":\"fi\"},{\"@type\":\"Organization\",\"@id\":\"https:\/\/nutskarhunkierros.fi\/fi\/#organization\",\"name\":\"NUTS Karhunkierros -polkujuoksu\",\"url\":\"https:\/\/nutskarhunkierros.fi\/fi\/\",\"logo\":{\"@type\":\"ImageObject\",\"inLanguage\":\"fi\",\"@id\":\"https:\/\/nutskarhunkierros.fi\/fi\/#\/schema\/logo\/image\/\",\"url\":\"https:\/\/media.nuts.fi\/wp-content\/uploads\/sites\/5\/2025\/01\/28141416\/nuts-karhunkierros-white.svg\",\"contentUrl\":\"https:\/\/media.nuts.fi\/wp-content\/uploads\/sites\/5\/2025\/01\/28141416\/nuts-karhunkierros-white.svg\",\"caption\":\"NUTS Karhunkierros -polkujuoksu\"},\"image\":{\"@id\":\"https:\/\/nutskarhunkierros.fi\/fi\/#\/schema\/logo\/image\/\"}}]}<\/script>\n<!-- \/ Yoast SEO plugin. -->","yoast_head_json":{"title":"2019 - NUTS Karhunkierros -polkujuoksu","robots":{"index":"index","follow":"follow","max-snippet":"max-snippet:-1","max-image-preview":"max-image-preview:large","max-video-preview":"max-video-preview:-1"},"canonical":"https:\/\/nutskarhunkierros.fi\/fi\/historia\/2019-2\/","og_locale":"fi_FI","og_type":"article","og_title":"2019 - NUTS Karhunkierros -polkujuoksu","og_description":"24.-25.5.2019 T\u00e4nne ker\u00e4\u00e4mme linkkej\u00e4 sit\u00e4 mukaan kun saamme linkkej\u00e4. Vinkkaa info@nuts.fi! Kuvia NUTS Karhunkierros -kuvakirjasto Anni Toppila (166 km Valtavaaralla perjantaina) Jukka Rouhiainen-Gr\u00e9n * Videoita Onni V\u00e4h\u00e4aho 166 km Markku Lauste 55 km Martin Stefanov 166 km Tuomo Sepp\u00e4nen 83 km Marko Mustanoja 83 km Toni Koski 166 km Pasi Pirhonen Marko Pyh\u00e4j\u00e4rvi Blogeja ym....","og_url":"https:\/\/nutskarhunkierros.fi\/fi\/historia\/2019-2\/","og_site_name":"NUTS Karhunkierros -polkujuoksu","article_modified_time":"2025-02-19T17:38:11+00:00","og_image":[{"width":2500,"height":1667,"url":"https:\/\/media.nuts.fi\/wp-content\/uploads\/sites\/5\/2019\/06\/28141337\/D47A1445-1.jpg","type":"image\/jpeg"}],"twitter_card":"summary_large_image","twitter_misc":{"Arvioitu lukuaika":"1 minuutti"},"schema":{"@context":"https:\/\/schema.org","@graph":[{"@type":"WebPage","@id":"https:\/\/nutskarhunkierros.fi\/fi\/historia\/2019-2\/","url":"https:\/\/nutskarhunkierros.fi\/fi\/historia\/2019-2\/","name":"2019 - NUTS Karhunkierros -polkujuoksu","isPartOf":{"@id":"https:\/\/nutskarhunkierros.fi\/fi\/#website"},"primaryImageOfPage":{"@id":"https:\/\/nutskarhunkierros.fi\/fi\/historia\/2019-2\/#primaryimage"},"image":{"@id":"https:\/\/nutskarhunkierros.fi\/fi\/historia\/2019-2\/#primaryimage"},"thumbnailUrl":"https:\/\/media.nuts.fi\/wp-content\/uploads\/sites\/5\/2019\/06\/28141337\/D47A1445-1.jpg","datePublished":"2019-10-07T04:05:40+00:00","dateModified":"2025-02-19T17:38:11+00:00","breadcrumb":{"@id":"https:\/\/nutskarhunkierros.fi\/fi\/historia\/2019-2\/#breadcrumb"},"inLanguage":"fi","potentialAction":[{"@type":"ReadAction","target":["https:\/\/nutskarhunkierros.fi\/fi\/historia\/2019-2\/"]}]},{"@type":"ImageObject","inLanguage":"fi","@id":"https:\/\/nutskarhunkierros.fi\/fi\/historia\/2019-2\/#primaryimage","url":"https:\/\/media.nuts.fi\/wp-content\/uploads\/sites\/5\/2019\/06\/28141337\/D47A1445-1.jpg","contentUrl":"https:\/\/media.nuts.fi\/wp-content\/uploads\/sites\/5\/2019\/06\/28141337\/D47A1445-1.jpg","width":2500,"height":1667,"caption":"\u24b8 Guillem Casanova Photography"},{"@type":"BreadcrumbList","@id":"https:\/\/nutskarhunkierros.fi\/fi\/historia\/2019-2\/#breadcrumb","itemListElement":[{"@type":"ListItem","position":1,"name":"Etusivu","item":"https:\/\/nutskarhunkierros.fi\/fi\/"},{"@type":"ListItem","position":2,"name":"Historia","item":"https:\/\/nutskarhunkierros.fi\/fi\/historia\/"},{"@type":"ListItem","position":3,"name":"2019"}]},{"@type":"WebSite","@id":"https:\/\/nutskarhunkierros.fi\/fi\/#website","url":"https:\/\/nutskarhunkierros.fi\/fi\/","name":"NUTS Karhunkierros -polkujuoksu","description":"Haasta Kuusamon kev\u00e4t! Polkujuoksu 13, 34, 55, 83 ja 166 kilometri\u00e4.","publisher":{"@id":"https:\/\/nutskarhunkierros.fi\/fi\/#organization"},"potentialAction":[{"@type":"SearchAction","target":{"@type":"EntryPoint","urlTemplate":"https:\/\/nutskarhunkierros.fi\/fi\/?s={search_term_string}"},"query-input":{"@type":"PropertyValueSpecification","valueRequired":true,"valueName":"search_term_string"}}],"inLanguage":"fi"},{"@type":"Organization","@id":"https:\/\/nutskarhunkierros.fi\/fi\/#organization","name":"NUTS Karhunkierros -polkujuoksu","url":"https:\/\/nutskarhunkierros.fi\/fi\/","logo":{"@type":"ImageObject","inLanguage":"fi","@id":"https:\/\/nutskarhunkierros.fi\/fi\/#\/schema\/logo\/image\/","url":"https:\/\/media.nuts.fi\/wp-content\/uploads\/sites\/5\/2025\/01\/28141416\/nuts-karhunkierros-white.svg","contentUrl":"https:\/\/media.nuts.fi\/wp-content\/uploads\/sites\/5\/2025\/01\/28141416\/nuts-karhunkierros-white.svg","caption":"NUTS Karhunkierros -polkujuoksu"},"image":{"@id":"https:\/\/nutskarhunkierros.fi\/fi\/#\/schema\/logo\/image\/"}}]}},"taxonomy_info":[],"featured_image_src_large":["https:\/\/media.nuts.fi\/wp-content\/uploads\/sites\/5\/2019\/06\/28141337\/D47A1445-1-1024x683.jpg",1024,683,true],"author_info":{"display_name":"NUTS","author_link":"https:\/\/nutskarhunkierros.fi\/fi\/author\/user\/"},"comment_info":0,"_links":{"self":[{"href":"https:\/\/nutskarhunkierros.fi\/fi\/wp-json\/wp\/v2\/pages\/2214","targetHints":{"allow":["GET"]}}],"collection":[{"href":"https:\/\/nutskarhunkierros.fi\/fi\/wp-json\/wp\/v2\/pages"}],"about":[{"href":"https:\/\/nutskarhunkierros.fi\/fi\/wp-json\/wp\/v2\/types\/page"}],"author":[{"embeddable":true,"href":"https:\/\/nutskarhunkierros.fi\/fi\/wp-json\/wp\/v2\/users\/1"}],"replies":[{"embeddable":true,"href":"https:\/\/nutskarhunkierros.fi\/fi\/wp-json\/wp\/v2\/comments?post=2214"}],"version-history":[{"count":3,"href":"https:\/\/nutskarhunkierros.fi\/fi\/wp-json\/wp\/v2\/pages\/2214\/revisions"}],"predecessor-version":[{"id":4155,"href":"https:\/\/nutskarhunkierros.fi\/fi\/wp-json\/wp\/v2\/pages\/2214\/revisions\/4155"}],"up":[{"embeddable":true,"href":"https:\/\/nutskarhunkierros.fi\/fi\/wp-json\/wp\/v2\/pages\/114"}],"wp:featuredmedia":[{"embeddable":true,"href":"https:\/\/nutskarhunkierros.fi\/fi\/wp-json\/wp\/v2\/media\/2106"}],"wp:attachment":[{"href":"https:\/\/nutskarhunkierros.fi\/fi\/wp-json\/wp\/v2\/media?parent=2214"}],"curies":[{"name":"wp","href":"https:\/\/api.w.org\/{rel}","templated":true}]}}