{"id":2706,"date":"2021-06-03T08:01:57","date_gmt":"2021-06-03T08:01:57","guid":{"rendered":"https:\/\/nutskarhunkierros.fi\/?page_id=2706"},"modified":"2025-02-19T17:37:07","modified_gmt":"2025-02-19T17:37:07","slug":"2021-2","status":"publish","type":"page","link":"https:\/\/nutskarhunkierros.fi\/fi\/historia\/2021-2\/","title":{"rendered":"2021"},"content":{"rendered":"\n<p>28.-29.5.2021<\/p>\n\n\n\n<h2 class=\"wp-block-heading\">NUTS Karhunkierros 2021 tulokset, kuva ja blogit<\/h2>\n\n\n\n<h2 class=\"wp-block-heading\">Video<\/h2>\n\n\n\n<figure class=\"wp-block-embed is-type-video is-provider-youtube wp-block-embed-youtube wp-embed-aspect-16-9 wp-has-aspect-ratio\"><div class=\"wp-block-embed__wrapper\">\n<iframe loading=\"lazy\" title=\"NUTS Karhunkierros 2021\" width=\"720\" height=\"405\" src=\"https:\/\/www.youtube.com\/embed\/QSAPiHTBqQQ?feature=oembed\" frameborder=\"0\" allow=\"accelerometer; autoplay; clipboard-write; encrypted-media; gyroscope; picture-in-picture\" allowfullscreen><\/iframe>\n<\/div><\/figure>\n\n\n\n<h2 class=\"wp-block-heading\">Tulokset<\/h2>\n\n\n<div id=\"divRRPublish\" class=\"RRPublish\"><\/div><script type=\"text\/javascript\" src=\"https:\/\/my.raceresult.com\/RRPublish\/load.js.php?lang=fi\"><\/script><script type=\"text\/javascript\">\n                var rrp=new RRPublish(document.getElementById(\"divRRPublish\"), 160807, \"results\");\n                rrp.ShowTimerLogo=true;\n                rrp.ShowInfoText=false;\n            <\/script>\n\n\n\n<h2 class=\"wp-block-heading\">Kuvia<\/h2>\n\n\n\n<ul class=\"wp-block-list\">\n<li><a href=\"https:\/\/nuts.kuvat.fi\/kuvat\/NUTS%C2%A0KARHUNKIERROS%C2%A02021\/\">NUTS KARHUNKIERROS -KUVAKIRJASTO<\/a><\/li>\n\n\n\n<li><a href=\"https:\/\/juoksuopisto.kuvat.fi\/kuvat\/Ruka+2021+(NUTS)\/\">Mikko Alak\u00e4rpp\u00e4 \/ Juoksuopisto<\/a><\/li>\n<\/ul>\n\n\n\n<h2 class=\"wp-block-heading\">Blogeja<\/h2>\n\n\n\n<p>Vinkkaa blogisi listalle spostilla <a href=\"mailto:info@nuts.fi\">info@nuts.fi<\/a>.<\/p>\n\n\n\n<h3 class=\"wp-block-heading\">166 km<\/h3>\n\n\n\n<ul class=\"wp-block-list\">\n<li><a href=\"https:\/\/juntit.net\/kilpailut\/2021\/06\/nuts-karhunkierros-166km-2021\/\">Juntit OK \/ Eetu Pekkarinen<\/a><\/li>\n\n\n\n<li><a href=\"http:\/\/paleo-runner.blogspot.com\/2021\/06\/the-complete-idiots-guide-to-nuts.html\">Trailplodder \u2013 Jukka Kukkonen (in English)<\/a><\/li>\n\n\n\n<li><a href=\"https:\/\/www.mountainrunning.fi\/blogs\/blogi\/jukka-kukkosen-nuts-karhunkierros-166km\">Jukan reissu suomeksi mountainrunning.fi -blogissa<\/a><\/li>\n\n\n\n<li><a href=\"https:\/\/jeremyinfinland.com\/2021\/06\/09\/race-report-karhunkierros-166km-in-2021\/\">Jeremy Palmer (in English)<\/a><\/li>\n<\/ul>\n\n\n\n<h3 class=\"wp-block-heading\">83 km<\/h3>\n\n\n\n<ul class=\"wp-block-list\">\n<li><a href=\"https:\/\/juoksuhommia.blogspot.com\/2021\/05\/nuts-karhunkierros-83-km-2021.html\">Juoksuhommia \u2013 Ville Bayr<\/a><\/li>\n\n\n\n<li><a href=\"https:\/\/pitkanmatkaneksyja.blogspot.com\/2021\/06\/nuts-karhunkierros-83-km.html\">Pitk\u00e4nmatkan eksyj\u00e4 \u2013 Harri Pajula<\/a><\/li>\n\n\n\n<li><a href=\"http:\/\/www.vahvatjuoksijat.fi\/2021\/06\/nuts-karhunkierros-83-km-kisaraportti.html\">Vahvat Juoksijat \u2013 Timo Alal\u00e4\u00e4kk\u00f6l\u00e4<\/a><\/li>\n\n\n\n<li><a href=\"http:\/\/aivanraato.blogspot.com\/2021\/05\/nuts-karhunkierros-83km-3sija-ajalla-901.html\">Aivan raato \u2013 Jussi Ernamo<\/a><\/li>\n\n\n\n<li><a href=\"https:\/\/poluiltatielle.blogspot.com\/2021\/06\/nuts-karhunkierros-2021-83km-reippailua.html\">Toni Koski<\/a><\/li>\n\n\n\n<li><a href=\"https:\/\/sepelaajokapelkaa.blogspot.com\/2021\/06\/nuts-karhunkierros-83km-2021.html\">Eetu Kallunki<\/a><\/li>\n<\/ul>\n\n\n\n<h2 class=\"wp-block-heading\">55 km<\/h2>\n\n\n\n<ul class=\"wp-block-list\">\n<li><a href=\"https:\/\/impossibleornot.wordpress.com\/2021\/05\/29\/nuts-karhunkierros-55\/\">Impossible or not? \u2013 Sari Dahlsten<\/a><\/li>\n\n\n\n<li><a href=\"https:\/\/treeline.fi\/blogs\/ultraelamaa\/karhunkierros-55km-via-dolorosa\">Treeline \/ Julia Silvennoinen<\/a><\/li>\n<\/ul>\n\n\n\n<h2 class=\"wp-block-heading\">34 km<\/h2>\n\n\n\n<ul class=\"wp-block-list\">\n<li><a href=\"https:\/\/www.maratonseikkailut.com\/post\/miten-valmistautua-ensimm%C3%A4iseen-polkujuoksukisaan\">Maratonseikkailut \u2013 Seppo Mustonen<\/a> sek\u00e4 <a href=\"https:\/\/www.maratonseikkailut.com\/post\/mit%C3%A4-opin-juostuani-karhunkierros-nutsin\">matkan opit<\/a><\/li>\n<\/ul>\n\n\n\n<h2 class=\"wp-block-heading\">Vapaaehtoiset<\/h2>\n\n\n\n<ul class=\"wp-block-list\">\n<li><a href=\"https:\/\/trailrunningfinland.com\/2021\/06\/03\/kisakausi-alkoi-hienoilla-polkubileilla-karhunkierroksella\/\">Marko Krapu<\/a><\/li>\n<\/ul>\n","protected":false},"excerpt":{"rendered":"<p>28.-29.5.2021 NUTS Karhunkierros 2021 tulokset, kuva ja blogit Video Tulokset Kuvia Blogeja Vinkkaa blogisi listalle spostilla info@nuts.fi. 166 km 83 km 55 km 34 km Vapaaehtoiset<\/p>\n","protected":false},"author":1,"featured_media":2717,"parent":114,"menu_order":0,"comment_status":"closed","ping_status":"closed","template":"","meta":{"_kad_blocks_custom_css":"","_kad_blocks_head_custom_js":"","_kad_blocks_body_custom_js":"","_kad_blocks_footer_custom_js":"","_kad_post_transparent":"","_kad_post_title":"","_kad_post_layout":"","_kad_post_sidebar_id":"","_kad_post_content_style":"","_kad_post_vertical_padding":"","_kad_post_feature":"","_kad_post_feature_position":"","_kad_post_header":false,"_kad_post_footer":false,"_kad_post_classname":"","footnotes":""},"class_list":["post-2706","page","type-page","status-publish","has-post-thumbnail","hentry"],"yoast_head":"<!-- This site is optimized with the Yoast SEO plugin v26.8 - https:\/\/yoast.com\/product\/yoast-seo-wordpress\/ -->\n<title>2021 - NUTS Karhunkierros -polkujuoksu<\/title>\n<meta name=\"robots\" content=\"index, follow, max-snippet:-1, max-image-preview:large, max-video-preview:-1\" \/>\n<link rel=\"canonical\" href=\"https:\/\/nutskarhunkierros.fi\/fi\/historia\/2021-2\/\" \/>\n<meta property=\"og:locale\" content=\"fi_FI\" \/>\n<meta property=\"og:type\" content=\"article\" \/>\n<meta property=\"og:title\" content=\"2021 - NUTS Karhunkierros -polkujuoksu\" \/>\n<meta property=\"og:description\" content=\"28.-29.5.2021 NUTS Karhunkierros 2021 tulokset, kuva ja blogit Video Tulokset Kuvia Blogeja Vinkkaa blogisi listalle spostilla info@nuts.fi. 166 km 83 km 55 km 34 km Vapaaehtoiset\" \/>\n<meta property=\"og:url\" content=\"https:\/\/nutskarhunkierros.fi\/fi\/historia\/2021-2\/\" \/>\n<meta property=\"og:site_name\" content=\"NUTS Karhunkierros -polkujuoksu\" \/>\n<meta property=\"article:modified_time\" content=\"2025-02-19T17:37:07+00:00\" \/>\n<meta property=\"og:image\" content=\"https:\/\/media.nuts.fi\/wp-content\/uploads\/sites\/5\/2021\/06\/28141329\/NUTS-KK-RamiValonen-kansi.jpg\" \/>\n\t<meta property=\"og:image:width\" content=\"2048\" \/>\n\t<meta property=\"og:image:height\" content=\"784\" \/>\n\t<meta property=\"og:image:type\" content=\"image\/jpeg\" \/>\n<meta name=\"twitter:card\" content=\"summary_large_image\" \/>\n<meta name=\"twitter:label1\" content=\"Arvioitu lukuaika\" \/>\n\t<meta name=\"twitter:data1\" content=\"1 minuutti\" \/>\n<script type=\"application\/ld+json\" class=\"yoast-schema-graph\">{\"@context\":\"https:\/\/schema.org\",\"@graph\":[{\"@type\":\"WebPage\",\"@id\":\"https:\/\/nutskarhunkierros.fi\/fi\/historia\/2021-2\/\",\"url\":\"https:\/\/nutskarhunkierros.fi\/fi\/historia\/2021-2\/\",\"name\":\"2021 - NUTS Karhunkierros -polkujuoksu\",\"isPartOf\":{\"@id\":\"https:\/\/nutskarhunkierros.fi\/fi\/#website\"},\"primaryImageOfPage\":{\"@id\":\"https:\/\/nutskarhunkierros.fi\/fi\/historia\/2021-2\/#primaryimage\"},\"image\":{\"@id\":\"https:\/\/nutskarhunkierros.fi\/fi\/historia\/2021-2\/#primaryimage\"},\"thumbnailUrl\":\"https:\/\/media.nuts.fi\/wp-content\/uploads\/sites\/5\/2021\/06\/28141329\/NUTS-KK-RamiValonen-kansi.jpg\",\"datePublished\":\"2021-06-03T08:01:57+00:00\",\"dateModified\":\"2025-02-19T17:37:07+00:00\",\"breadcrumb\":{\"@id\":\"https:\/\/nutskarhunkierros.fi\/fi\/historia\/2021-2\/#breadcrumb\"},\"inLanguage\":\"fi\",\"potentialAction\":[{\"@type\":\"ReadAction\",\"target\":[\"https:\/\/nutskarhunkierros.fi\/fi\/historia\/2021-2\/\"]}]},{\"@type\":\"ImageObject\",\"inLanguage\":\"fi\",\"@id\":\"https:\/\/nutskarhunkierros.fi\/fi\/historia\/2021-2\/#primaryimage\",\"url\":\"https:\/\/media.nuts.fi\/wp-content\/uploads\/sites\/5\/2021\/06\/28141329\/NUTS-KK-RamiValonen-kansi.jpg\",\"contentUrl\":\"https:\/\/media.nuts.fi\/wp-content\/uploads\/sites\/5\/2021\/06\/28141329\/NUTS-KK-RamiValonen-kansi.jpg\",\"width\":2048,\"height\":784},{\"@type\":\"BreadcrumbList\",\"@id\":\"https:\/\/nutskarhunkierros.fi\/fi\/historia\/2021-2\/#breadcrumb\",\"itemListElement\":[{\"@type\":\"ListItem\",\"position\":1,\"name\":\"Etusivu\",\"item\":\"https:\/\/nutskarhunkierros.fi\/fi\/\"},{\"@type\":\"ListItem\",\"position\":2,\"name\":\"Historia\",\"item\":\"https:\/\/nutskarhunkierros.fi\/fi\/historia\/\"},{\"@type\":\"ListItem\",\"position\":3,\"name\":\"2021\"}]},{\"@type\":\"WebSite\",\"@id\":\"https:\/\/nutskarhunkierros.fi\/fi\/#website\",\"url\":\"https:\/\/nutskarhunkierros.fi\/fi\/\",\"name\":\"NUTS Karhunkierros -polkujuoksu\",\"description\":\"Haasta Kuusamon kev\u00e4t! Polkujuoksu 13, 34, 55, 83 ja 166 kilometri\u00e4.\",\"publisher\":{\"@id\":\"https:\/\/nutskarhunkierros.fi\/fi\/#organization\"},\"potentialAction\":[{\"@type\":\"SearchAction\",\"target\":{\"@type\":\"EntryPoint\",\"urlTemplate\":\"https:\/\/nutskarhunkierros.fi\/fi\/?s={search_term_string}\"},\"query-input\":{\"@type\":\"PropertyValueSpecification\",\"valueRequired\":true,\"valueName\":\"search_term_string\"}}],\"inLanguage\":\"fi\"},{\"@type\":\"Organization\",\"@id\":\"https:\/\/nutskarhunkierros.fi\/fi\/#organization\",\"name\":\"NUTS Karhunkierros -polkujuoksu\",\"url\":\"https:\/\/nutskarhunkierros.fi\/fi\/\",\"logo\":{\"@type\":\"ImageObject\",\"inLanguage\":\"fi\",\"@id\":\"https:\/\/nutskarhunkierros.fi\/fi\/#\/schema\/logo\/image\/\",\"url\":\"https:\/\/media.nuts.fi\/wp-content\/uploads\/sites\/5\/2025\/01\/28141416\/nuts-karhunkierros-white.svg\",\"contentUrl\":\"https:\/\/media.nuts.fi\/wp-content\/uploads\/sites\/5\/2025\/01\/28141416\/nuts-karhunkierros-white.svg\",\"caption\":\"NUTS Karhunkierros -polkujuoksu\"},\"image\":{\"@id\":\"https:\/\/nutskarhunkierros.fi\/fi\/#\/schema\/logo\/image\/\"}}]}<\/script>\n<!-- \/ Yoast SEO plugin. -->","yoast_head_json":{"title":"2021 - NUTS Karhunkierros -polkujuoksu","robots":{"index":"index","follow":"follow","max-snippet":"max-snippet:-1","max-image-preview":"max-image-preview:large","max-video-preview":"max-video-preview:-1"},"canonical":"https:\/\/nutskarhunkierros.fi\/fi\/historia\/2021-2\/","og_locale":"fi_FI","og_type":"article","og_title":"2021 - NUTS Karhunkierros -polkujuoksu","og_description":"28.-29.5.2021 NUTS Karhunkierros 2021 tulokset, kuva ja blogit Video Tulokset Kuvia Blogeja Vinkkaa blogisi listalle spostilla info@nuts.fi. 166 km 83 km 55 km 34 km Vapaaehtoiset","og_url":"https:\/\/nutskarhunkierros.fi\/fi\/historia\/2021-2\/","og_site_name":"NUTS Karhunkierros -polkujuoksu","article_modified_time":"2025-02-19T17:37:07+00:00","og_image":[{"width":2048,"height":784,"url":"https:\/\/media.nuts.fi\/wp-content\/uploads\/sites\/5\/2021\/06\/28141329\/NUTS-KK-RamiValonen-kansi.jpg","type":"image\/jpeg"}],"twitter_card":"summary_large_image","twitter_misc":{"Arvioitu lukuaika":"1 minuutti"},"schema":{"@context":"https:\/\/schema.org","@graph":[{"@type":"WebPage","@id":"https:\/\/nutskarhunkierros.fi\/fi\/historia\/2021-2\/","url":"https:\/\/nutskarhunkierros.fi\/fi\/historia\/2021-2\/","name":"2021 - NUTS Karhunkierros -polkujuoksu","isPartOf":{"@id":"https:\/\/nutskarhunkierros.fi\/fi\/#website"},"primaryImageOfPage":{"@id":"https:\/\/nutskarhunkierros.fi\/fi\/historia\/2021-2\/#primaryimage"},"image":{"@id":"https:\/\/nutskarhunkierros.fi\/fi\/historia\/2021-2\/#primaryimage"},"thumbnailUrl":"https:\/\/media.nuts.fi\/wp-content\/uploads\/sites\/5\/2021\/06\/28141329\/NUTS-KK-RamiValonen-kansi.jpg","datePublished":"2021-06-03T08:01:57+00:00","dateModified":"2025-02-19T17:37:07+00:00","breadcrumb":{"@id":"https:\/\/nutskarhunkierros.fi\/fi\/historia\/2021-2\/#breadcrumb"},"inLanguage":"fi","potentialAction":[{"@type":"ReadAction","target":["https:\/\/nutskarhunkierros.fi\/fi\/historia\/2021-2\/"]}]},{"@type":"ImageObject","inLanguage":"fi","@id":"https:\/\/nutskarhunkierros.fi\/fi\/historia\/2021-2\/#primaryimage","url":"https:\/\/media.nuts.fi\/wp-content\/uploads\/sites\/5\/2021\/06\/28141329\/NUTS-KK-RamiValonen-kansi.jpg","contentUrl":"https:\/\/media.nuts.fi\/wp-content\/uploads\/sites\/5\/2021\/06\/28141329\/NUTS-KK-RamiValonen-kansi.jpg","width":2048,"height":784},{"@type":"BreadcrumbList","@id":"https:\/\/nutskarhunkierros.fi\/fi\/historia\/2021-2\/#breadcrumb","itemListElement":[{"@type":"ListItem","position":1,"name":"Etusivu","item":"https:\/\/nutskarhunkierros.fi\/fi\/"},{"@type":"ListItem","position":2,"name":"Historia","item":"https:\/\/nutskarhunkierros.fi\/fi\/historia\/"},{"@type":"ListItem","position":3,"name":"2021"}]},{"@type":"WebSite","@id":"https:\/\/nutskarhunkierros.fi\/fi\/#website","url":"https:\/\/nutskarhunkierros.fi\/fi\/","name":"NUTS Karhunkierros -polkujuoksu","description":"Haasta Kuusamon kev\u00e4t! Polkujuoksu 13, 34, 55, 83 ja 166 kilometri\u00e4.","publisher":{"@id":"https:\/\/nutskarhunkierros.fi\/fi\/#organization"},"potentialAction":[{"@type":"SearchAction","target":{"@type":"EntryPoint","urlTemplate":"https:\/\/nutskarhunkierros.fi\/fi\/?s={search_term_string}"},"query-input":{"@type":"PropertyValueSpecification","valueRequired":true,"valueName":"search_term_string"}}],"inLanguage":"fi"},{"@type":"Organization","@id":"https:\/\/nutskarhunkierros.fi\/fi\/#organization","name":"NUTS Karhunkierros -polkujuoksu","url":"https:\/\/nutskarhunkierros.fi\/fi\/","logo":{"@type":"ImageObject","inLanguage":"fi","@id":"https:\/\/nutskarhunkierros.fi\/fi\/#\/schema\/logo\/image\/","url":"https:\/\/media.nuts.fi\/wp-content\/uploads\/sites\/5\/2025\/01\/28141416\/nuts-karhunkierros-white.svg","contentUrl":"https:\/\/media.nuts.fi\/wp-content\/uploads\/sites\/5\/2025\/01\/28141416\/nuts-karhunkierros-white.svg","caption":"NUTS Karhunkierros -polkujuoksu"},"image":{"@id":"https:\/\/nutskarhunkierros.fi\/fi\/#\/schema\/logo\/image\/"}}]}},"taxonomy_info":[],"featured_image_src_large":["https:\/\/media.nuts.fi\/wp-content\/uploads\/sites\/5\/2021\/06\/28141329\/NUTS-KK-RamiValonen-kansi-1024x392.jpg",1024,392,true],"author_info":{"display_name":"NUTS","author_link":"https:\/\/nutskarhunkierros.fi\/fi\/author\/user\/"},"comment_info":0,"_links":{"self":[{"href":"https:\/\/nutskarhunkierros.fi\/fi\/wp-json\/wp\/v2\/pages\/2706","targetHints":{"allow":["GET"]}}],"collection":[{"href":"https:\/\/nutskarhunkierros.fi\/fi\/wp-json\/wp\/v2\/pages"}],"about":[{"href":"https:\/\/nutskarhunkierros.fi\/fi\/wp-json\/wp\/v2\/types\/page"}],"author":[{"embeddable":true,"href":"https:\/\/nutskarhunkierros.fi\/fi\/wp-json\/wp\/v2\/users\/1"}],"replies":[{"embeddable":true,"href":"https:\/\/nutskarhunkierros.fi\/fi\/wp-json\/wp\/v2\/comments?post=2706"}],"version-history":[{"count":3,"href":"https:\/\/nutskarhunkierros.fi\/fi\/wp-json\/wp\/v2\/pages\/2706\/revisions"}],"predecessor-version":[{"id":4154,"href":"https:\/\/nutskarhunkierros.fi\/fi\/wp-json\/wp\/v2\/pages\/2706\/revisions\/4154"}],"up":[{"embeddable":true,"href":"https:\/\/nutskarhunkierros.fi\/fi\/wp-json\/wp\/v2\/pages\/114"}],"wp:featuredmedia":[{"embeddable":true,"href":"https:\/\/nutskarhunkierros.fi\/fi\/wp-json\/wp\/v2\/media\/2717"}],"wp:attachment":[{"href":"https:\/\/nutskarhunkierros.fi\/fi\/wp-json\/wp\/v2\/media?parent=2706"}],"curies":[{"name":"wp","href":"https:\/\/api.w.org\/{rel}","templated":true}]}}