{"id":3285,"date":"2023-05-09T09:12:41","date_gmt":"2023-05-09T06:12:41","guid":{"rendered":"https:\/\/nutskarhunkierros.fi\/?page_id=3285"},"modified":"2026-03-26T11:01:27","modified_gmt":"2026-03-26T09:01:27","slug":"pysakointi-rukalla","status":"publish","type":"page","link":"https:\/\/nutskarhunkierros.fi\/fi\/pysakointi-rukalla\/","title":{"rendered":"Pys\u00e4k\u00f6inti Rukalla"},"content":{"rendered":"\n<p>Tapahtuman aikana Rukan k\u00e4velykyl\u00e4ss\u00e4 on parkkitilaa rajoitetusti ja parkkitila tulee loppumaan viimeist\u00e4\u00e4n perjantain aikana. Suosittelemme tutustumaan Rukan alueen pys\u00e4k\u00f6inti mahdollisuuksiin, julkiseen liikenteeseen, sek\u00e4 matkustamaan paikan p\u00e4\u00e4lle Pohjolan matkan toteuttamilla yhteyksill\u00e4.<\/p>\n\n\n\n<p><strong>POHJOLAN MATKA TOTEUTTAA J\u00c4LLEEN YHTEYDET NUTS KARHUNKIERROS -TAPAHTUMAAN.<\/strong><\/p>\n\n\n\n<p>Matkaan p\u00e4\u00e4set torstaina suoraan Helsingist\u00e4, Tampereelta, Jyv\u00e4skyl\u00e4st\u00e4 tai perjantaina Oulusta!<\/p>\n\n\n<style>.wp-block-kadence-iconlist.kt-svg-icon-list-items3285_7434b3-a6:not(.this-stops-third-party-issues){margin-top:0px;margin-bottom:0px;}.wp-block-kadence-iconlist.kt-svg-icon-list-items3285_7434b3-a6 ul.kt-svg-icon-list:not(.this-prevents-issues):not(.this-stops-third-party-issues):not(.tijsloc){margin-top:0px;margin-right:0px;margin-bottom:var(--global-kb-spacing-sm, 1.5rem);margin-left:0px;}.wp-block-kadence-iconlist.kt-svg-icon-list-items3285_7434b3-a6 ul.kt-svg-icon-list{grid-row-gap:5px;}.wp-block-kadence-iconlist.kt-svg-icon-list-items3285_7434b3-a6 ul.kt-svg-icon-list .kt-svg-icon-list-item-wrap .kt-svg-icon-list-single{margin-right:10px;}.kt-svg-icon-list-items3285_7434b3-a6 ul.kt-svg-icon-list .kt-svg-icon-list-level-0 .kt-svg-icon-list-single svg{font-size:20px;}<\/style>\n<div class=\"wp-block-kadence-iconlist kt-svg-icon-list-items kt-svg-icon-list-items3285_7434b3-a6 kt-svg-icon-list-columns-1 alignnone\"><ul class=\"kt-svg-icon-list\"><style>.kt-svg-icon-list-item-3285_9d4dda-5f .kt-svg-icon-list-text mark.kt-highlight{background-color:unset;font-style:normal;color:#f76a0c;-webkit-box-decoration-break:clone;box-decoration-break:clone;padding-top:0px;padding-right:0px;padding-bottom:0px;padding-left:0px;}<\/style>\n<li class=\"wp-block-kadence-listitem kt-svg-icon-list-item-wrap kt-svg-icon-list-item-3285_9d4dda-5f\"><span class=\"kb-svg-icon-wrap kb-svg-icon-fas_bus kt-svg-icon-list-single\"><svg viewBox=\"0 0 512 512\"  fill=\"currentColor\" xmlns=\"http:\/\/www.w3.org\/2000\/svg\"  aria-hidden=\"true\"><path d=\"M488 128h-8V80c0-44.8-99.2-80-224-80S32 35.2 32 80v48h-8c-13.25 0-24 10.74-24 24v80c0 13.25 10.75 24 24 24h8v160c0 17.67 14.33 32 32 32v32c0 17.67 14.33 32 32 32h32c17.67 0 32-14.33 32-32v-32h192v32c0 17.67 14.33 32 32 32h32c17.67 0 32-14.33 32-32v-32h6.4c16 0 25.6-12.8 25.6-25.6V256h8c13.25 0 24-10.75 24-24v-80c0-13.26-10.75-24-24-24zM112 400c-17.67 0-32-14.33-32-32s14.33-32 32-32 32 14.33 32 32-14.33 32-32 32zm16-112c-17.67 0-32-14.33-32-32V128c0-17.67 14.33-32 32-32h256c17.67 0 32 14.33 32 32v128c0 17.67-14.33 32-32 32H128zm272 112c-17.67 0-32-14.33-32-32s14.33-32 32-32 32 14.33 32 32-14.33 32-32 32z\"\/><\/svg><\/span><span class=\"kt-svg-icon-list-text\"><a href=\"https:\/\/pohjolanmatka.fi\/kohde\/#!\/nuts-karhunkierros-2026--kuljetus-to-su\/departure\/OBNUTS1\/2026-5-21\/2026-5-24\/2\/0\/0\">To-su Helsinki-Tampere-Jyv\u00e4skyl\u00e4-Oulu-Ruka<\/a><\/span><\/li>\n\n\n<style>.kt-svg-icon-list-item-3285_868ab1-29 .kt-svg-icon-list-text mark.kt-highlight{background-color:unset;font-style:normal;color:#f76a0c;-webkit-box-decoration-break:clone;box-decoration-break:clone;padding-top:0px;padding-right:0px;padding-bottom:0px;padding-left:0px;}<\/style>\n<li class=\"wp-block-kadence-listitem kt-svg-icon-list-item-wrap kt-svg-icon-list-item-3285_868ab1-29\"><span class=\"kb-svg-icon-wrap kb-svg-icon-fas_bus kt-svg-icon-list-single\"><svg viewBox=\"0 0 512 512\"  fill=\"currentColor\" xmlns=\"http:\/\/www.w3.org\/2000\/svg\"  aria-hidden=\"true\"><path d=\"M488 128h-8V80c0-44.8-99.2-80-224-80S32 35.2 32 80v48h-8c-13.25 0-24 10.74-24 24v80c0 13.25 10.75 24 24 24h8v160c0 17.67 14.33 32 32 32v32c0 17.67 14.33 32 32 32h32c17.67 0 32-14.33 32-32v-32h192v32c0 17.67 14.33 32 32 32h32c17.67 0 32-14.33 32-32v-32h6.4c16 0 25.6-12.8 25.6-25.6V256h8c13.25 0 24-10.75 24-24v-80c0-13.26-10.75-24-24-24zM112 400c-17.67 0-32-14.33-32-32s14.33-32 32-32 32 14.33 32 32-14.33 32-32 32zm16-112c-17.67 0-32-14.33-32-32V128c0-17.67 14.33-32 32-32h256c17.67 0 32 14.33 32 32v128c0 17.67-14.33 32-32 32H128zm272 112c-17.67 0-32-14.33-32-32s14.33-32 32-32 32 14.33 32 32-14.33 32-32 32z\"\/><\/svg><\/span><span class=\"kt-svg-icon-list-text\"><a href=\"https:\/\/pohjolanmatka.fi\/kohde\/#!\/nuts-karhunkierros-2026--kuljetus-pe-su\/departure\/OBNUTK1\/2026-5-22\/2026-5-24\/2\/0\/0\">Pe-su Oulu-Ruka-Oulu<\/a><\/span><\/li>\n\n\n<style>.kt-svg-icon-list-item-3285_00dcba-e5 .kt-svg-icon-list-text mark.kt-highlight{background-color:unset;font-style:normal;color:#f76a0c;-webkit-box-decoration-break:clone;box-decoration-break:clone;padding-top:0px;padding-right:0px;padding-bottom:0px;padding-left:0px;}<\/style>\n<li class=\"wp-block-kadence-listitem kt-svg-icon-list-item-wrap kt-svg-icon-list-item-3285_00dcba-e5\"><span class=\"kb-svg-icon-wrap kb-svg-icon-fas_bus kt-svg-icon-list-single\"><svg viewBox=\"0 0 512 512\"  fill=\"currentColor\" xmlns=\"http:\/\/www.w3.org\/2000\/svg\"  aria-hidden=\"true\"><path d=\"M488 128h-8V80c0-44.8-99.2-80-224-80S32 35.2 32 80v48h-8c-13.25 0-24 10.74-24 24v80c0 13.25 10.75 24 24 24h8v160c0 17.67 14.33 32 32 32v32c0 17.67 14.33 32 32 32h32c17.67 0 32-14.33 32-32v-32h192v32c0 17.67 14.33 32 32 32h32c17.67 0 32-14.33 32-32v-32h6.4c16 0 25.6-12.8 25.6-25.6V256h8c13.25 0 24-10.75 24-24v-80c0-13.26-10.75-24-24-24zM112 400c-17.67 0-32-14.33-32-32s14.33-32 32-32 32 14.33 32 32-14.33 32-32 32zm16-112c-17.67 0-32-14.33-32-32V128c0-17.67 14.33-32 32-32h256c17.67 0 32 14.33 32 32v128c0 17.67-14.33 32-32 32H128zm272 112c-17.67 0-32-14.33-32-32s14.33-32 32-32 32 14.33 32 32-14.33 32-32 32z\"\/><\/svg><\/span><span class=\"kt-svg-icon-list-text\"><a href=\"https:\/\/pohjolanmatka.fi\/kohde\/#!\/nuts-karhunkierros-2026--kuljetus-to-la\/departure\/OBNUTK2\/2026-5-21\/2026-5-23\/2\/0\/0\">To-la Oulu-Ruka-Oulu<\/a><\/span><\/li>\n<\/ul><\/div>\n\n\n\n<h3 class=\"wp-block-heading\">Kuusamoon saapuminen on helppoa<\/h3>\n\n\n\n<p>Matkusta Kuusamoon lent\u00e4en, autoillen, junalla tai bussilla. <\/p>\n\n\n\n<div class=\"wp-block-buttons is-layout-flex wp-block-buttons-is-layout-flex\">\n<div class=\"wp-block-button\"><a class=\"wp-block-button__link wp-element-button\" href=\"https:\/\/nutskarhunkierros.fi\/fi\/rukalle\/\">Tutustu lis\u00e4\u00e4 <\/a><\/div>\n<\/div>\n\n\n\n<h3 class=\"wp-block-heading\">Rukan parkkihalli&nbsp;<\/h3>\n\n\n\n<p>(n. 320 autoa) sis\u00e4\u00e4najo Rukatunturintielt\u00e4 ja Rukankyl\u00e4ntielt\u00e4<\/p>\n\n\n\n<p><a href=\"https:\/\/www.ruka.fi\/parkkihalli\">https:\/\/www.ruka.fi\/parkkihalli<\/a><\/p>\n\n\n\n<h3 class=\"wp-block-heading\">Hiihtostadionin parkkialue<\/h3>\n\n\n\n<p><a href=\"https:\/\/www.google.fi\/maps\/place\/Hiihtostadionintie+2+Parking\/@66.1712973,29.1365897,282m\/data=!3m1!1e3!4m13!1m7!3m6!1s0x442954c8b29472bd:0x260146d7261ede11!2s93825+Ruka!3b1!8m2!3d66.1659494!4d29.1264611!3m4!1s0x442954cb43345df5:0x9d9ca85a568cd812!8m2!3d66.1714384!4d29.1354768\">Hiihtostadionintie 2, 93825 Kuusamo<\/a> (Google Maps)<\/p>\n\n\n\n<h3 class=\"wp-block-heading\">Muut parkkialueet ja s\u00e4hk\u00f6autojen lataus<\/h3>\n\n\n\n<p>Lis\u00e4tietoa pys\u00e4k\u00f6innist\u00e4 ja hinnoista:&nbsp;<\/p>\n\n\n\n<p><a href=\"https:\/\/www.ruka.fi\/pysakointi\">https:\/\/www.ruka.fi\/pysakointi<\/a><\/p>\n","protected":false},"excerpt":{"rendered":"<p>Tapahtuman aikana Rukan k\u00e4velykyl\u00e4ss\u00e4 on parkkitilaa rajoitetusti ja parkkitila tulee loppumaan viimeist\u00e4\u00e4n perjantain aikana. Suosittelemme tutustumaan Rukan alueen pys\u00e4k\u00f6inti mahdollisuuksiin, julkiseen liikenteeseen, sek\u00e4 matkustamaan paikan p\u00e4\u00e4lle Pohjolan matkan toteuttamilla yhteyksill\u00e4. POHJOLAN MATKA TOTEUTTAA J\u00c4LLEEN YHTEYDET NUTS KARHUNKIERROS -TAPAHTUMAAN. Matkaan p\u00e4\u00e4set torstaina suoraan Helsingist\u00e4, Tampereelta, Jyv\u00e4skyl\u00e4st\u00e4 tai perjantaina Oulusta! Kuusamoon saapuminen on helppoa Matkusta Kuusamoon lent\u00e4en,&#8230;<\/p>\n","protected":false},"author":1,"featured_media":4861,"parent":0,"menu_order":0,"comment_status":"closed","ping_status":"closed","template":"","meta":{"_kad_blocks_custom_css":"","_kad_blocks_head_custom_js":"","_kad_blocks_body_custom_js":"","_kad_blocks_footer_custom_js":"","_kad_post_transparent":"","_kad_post_title":"","_kad_post_layout":"","_kad_post_sidebar_id":"","_kad_post_content_style":"","_kad_post_vertical_padding":"top","_kad_post_feature":"","_kad_post_feature_position":"","_kad_post_header":false,"_kad_post_footer":false,"_kad_post_classname":"","footnotes":""},"class_list":["post-3285","page","type-page","status-publish","has-post-thumbnail","hentry"],"yoast_head":"<!-- This site is optimized with the Yoast SEO plugin v26.8 - https:\/\/yoast.com\/product\/yoast-seo-wordpress\/ -->\n<title>Pys\u00e4k\u00f6inti Rukalla - NUTS Karhunkierros -polkujuoksu<\/title>\n<meta name=\"robots\" content=\"index, follow, max-snippet:-1, max-image-preview:large, max-video-preview:-1\" \/>\n<link rel=\"canonical\" href=\"https:\/\/nutskarhunkierros.fi\/fi\/pysakointi-rukalla\/\" \/>\n<meta property=\"og:locale\" content=\"fi_FI\" \/>\n<meta property=\"og:type\" content=\"article\" \/>\n<meta property=\"og:title\" content=\"Pys\u00e4k\u00f6inti Rukalla - NUTS Karhunkierros -polkujuoksu\" \/>\n<meta property=\"og:description\" content=\"Tapahtuman aikana Rukan k\u00e4velykyl\u00e4ss\u00e4 on parkkitilaa rajoitetusti ja parkkitila tulee loppumaan viimeist\u00e4\u00e4n perjantain aikana. Suosittelemme tutustumaan Rukan alueen pys\u00e4k\u00f6inti mahdollisuuksiin, julkiseen liikenteeseen, sek\u00e4 matkustamaan paikan p\u00e4\u00e4lle Pohjolan matkan toteuttamilla yhteyksill\u00e4. POHJOLAN MATKA TOTEUTTAA J\u00c4LLEEN YHTEYDET NUTS KARHUNKIERROS -TAPAHTUMAAN. Matkaan p\u00e4\u00e4set torstaina suoraan Helsingist\u00e4, Tampereelta, Jyv\u00e4skyl\u00e4st\u00e4 tai perjantaina Oulusta! Kuusamoon saapuminen on helppoa Matkusta Kuusamoon lent\u00e4en,...\" \/>\n<meta property=\"og:url\" content=\"https:\/\/nutskarhunkierros.fi\/fi\/pysakointi-rukalla\/\" \/>\n<meta property=\"og:site_name\" content=\"NUTS Karhunkierros -polkujuoksu\" \/>\n<meta property=\"article:modified_time\" content=\"2026-03-26T09:01:27+00:00\" \/>\n<meta property=\"og:image\" content=\"https:\/\/media.nuts.fi\/wp-content\/uploads\/sites\/5\/2026\/03\/26105719\/Ruka-parkkeeraus.jpg\" \/>\n\t<meta property=\"og:image:width\" content=\"2000\" \/>\n\t<meta property=\"og:image:height\" content=\"1414\" \/>\n\t<meta property=\"og:image:type\" content=\"image\/jpeg\" \/>\n<meta name=\"twitter:card\" content=\"summary_large_image\" \/>\n<meta name=\"twitter:label1\" content=\"Arvioitu lukuaika\" \/>\n\t<meta name=\"twitter:data1\" content=\"1 minuutti\" \/>\n<script type=\"application\/ld+json\" class=\"yoast-schema-graph\">{\"@context\":\"https:\/\/schema.org\",\"@graph\":[{\"@type\":\"WebPage\",\"@id\":\"https:\/\/nutskarhunkierros.fi\/fi\/pysakointi-rukalla\/\",\"url\":\"https:\/\/nutskarhunkierros.fi\/fi\/pysakointi-rukalla\/\",\"name\":\"Pys\u00e4k\u00f6inti Rukalla - NUTS Karhunkierros -polkujuoksu\",\"isPartOf\":{\"@id\":\"https:\/\/nutskarhunkierros.fi\/fi\/#website\"},\"primaryImageOfPage\":{\"@id\":\"https:\/\/nutskarhunkierros.fi\/fi\/pysakointi-rukalla\/#primaryimage\"},\"image\":{\"@id\":\"https:\/\/nutskarhunkierros.fi\/fi\/pysakointi-rukalla\/#primaryimage\"},\"thumbnailUrl\":\"https:\/\/media.nuts.fi\/wp-content\/uploads\/sites\/5\/2026\/03\/26105719\/Ruka-parkkeeraus.jpg\",\"datePublished\":\"2023-05-09T06:12:41+00:00\",\"dateModified\":\"2026-03-26T09:01:27+00:00\",\"breadcrumb\":{\"@id\":\"https:\/\/nutskarhunkierros.fi\/fi\/pysakointi-rukalla\/#breadcrumb\"},\"inLanguage\":\"fi\",\"potentialAction\":[{\"@type\":\"ReadAction\",\"target\":[\"https:\/\/nutskarhunkierros.fi\/fi\/pysakointi-rukalla\/\"]}]},{\"@type\":\"ImageObject\",\"inLanguage\":\"fi\",\"@id\":\"https:\/\/nutskarhunkierros.fi\/fi\/pysakointi-rukalla\/#primaryimage\",\"url\":\"https:\/\/media.nuts.fi\/wp-content\/uploads\/sites\/5\/2026\/03\/26105719\/Ruka-parkkeeraus.jpg\",\"contentUrl\":\"https:\/\/media.nuts.fi\/wp-content\/uploads\/sites\/5\/2026\/03\/26105719\/Ruka-parkkeeraus.jpg\",\"width\":2000,\"height\":1414},{\"@type\":\"BreadcrumbList\",\"@id\":\"https:\/\/nutskarhunkierros.fi\/fi\/pysakointi-rukalla\/#breadcrumb\",\"itemListElement\":[{\"@type\":\"ListItem\",\"position\":1,\"name\":\"Etusivu\",\"item\":\"https:\/\/nutskarhunkierros.fi\/fi\/\"},{\"@type\":\"ListItem\",\"position\":2,\"name\":\"Pys\u00e4k\u00f6inti Rukalla\"}]},{\"@type\":\"WebSite\",\"@id\":\"https:\/\/nutskarhunkierros.fi\/fi\/#website\",\"url\":\"https:\/\/nutskarhunkierros.fi\/fi\/\",\"name\":\"NUTS Karhunkierros -polkujuoksu\",\"description\":\"Haasta Kuusamon kev\u00e4t! Polkujuoksu 13, 34, 55, 83 ja 166 kilometri\u00e4.\",\"publisher\":{\"@id\":\"https:\/\/nutskarhunkierros.fi\/fi\/#organization\"},\"potentialAction\":[{\"@type\":\"SearchAction\",\"target\":{\"@type\":\"EntryPoint\",\"urlTemplate\":\"https:\/\/nutskarhunkierros.fi\/fi\/?s={search_term_string}\"},\"query-input\":{\"@type\":\"PropertyValueSpecification\",\"valueRequired\":true,\"valueName\":\"search_term_string\"}}],\"inLanguage\":\"fi\"},{\"@type\":\"Organization\",\"@id\":\"https:\/\/nutskarhunkierros.fi\/fi\/#organization\",\"name\":\"NUTS Karhunkierros -polkujuoksu\",\"url\":\"https:\/\/nutskarhunkierros.fi\/fi\/\",\"logo\":{\"@type\":\"ImageObject\",\"inLanguage\":\"fi\",\"@id\":\"https:\/\/nutskarhunkierros.fi\/fi\/#\/schema\/logo\/image\/\",\"url\":\"https:\/\/media.nuts.fi\/wp-content\/uploads\/sites\/5\/2025\/01\/28141416\/nuts-karhunkierros-white.svg\",\"contentUrl\":\"https:\/\/media.nuts.fi\/wp-content\/uploads\/sites\/5\/2025\/01\/28141416\/nuts-karhunkierros-white.svg\",\"caption\":\"NUTS Karhunkierros -polkujuoksu\"},\"image\":{\"@id\":\"https:\/\/nutskarhunkierros.fi\/fi\/#\/schema\/logo\/image\/\"}}]}<\/script>\n<!-- \/ Yoast SEO plugin. -->","yoast_head_json":{"title":"Pys\u00e4k\u00f6inti Rukalla - NUTS Karhunkierros -polkujuoksu","robots":{"index":"index","follow":"follow","max-snippet":"max-snippet:-1","max-image-preview":"max-image-preview:large","max-video-preview":"max-video-preview:-1"},"canonical":"https:\/\/nutskarhunkierros.fi\/fi\/pysakointi-rukalla\/","og_locale":"fi_FI","og_type":"article","og_title":"Pys\u00e4k\u00f6inti Rukalla - NUTS Karhunkierros -polkujuoksu","og_description":"Tapahtuman aikana Rukan k\u00e4velykyl\u00e4ss\u00e4 on parkkitilaa rajoitetusti ja parkkitila tulee loppumaan viimeist\u00e4\u00e4n perjantain aikana. Suosittelemme tutustumaan Rukan alueen pys\u00e4k\u00f6inti mahdollisuuksiin, julkiseen liikenteeseen, sek\u00e4 matkustamaan paikan p\u00e4\u00e4lle Pohjolan matkan toteuttamilla yhteyksill\u00e4. POHJOLAN MATKA TOTEUTTAA J\u00c4LLEEN YHTEYDET NUTS KARHUNKIERROS -TAPAHTUMAAN. Matkaan p\u00e4\u00e4set torstaina suoraan Helsingist\u00e4, Tampereelta, Jyv\u00e4skyl\u00e4st\u00e4 tai perjantaina Oulusta! Kuusamoon saapuminen on helppoa Matkusta Kuusamoon lent\u00e4en,...","og_url":"https:\/\/nutskarhunkierros.fi\/fi\/pysakointi-rukalla\/","og_site_name":"NUTS Karhunkierros -polkujuoksu","article_modified_time":"2026-03-26T09:01:27+00:00","og_image":[{"width":2000,"height":1414,"url":"https:\/\/media.nuts.fi\/wp-content\/uploads\/sites\/5\/2026\/03\/26105719\/Ruka-parkkeeraus.jpg","type":"image\/jpeg"}],"twitter_card":"summary_large_image","twitter_misc":{"Arvioitu lukuaika":"1 minuutti"},"schema":{"@context":"https:\/\/schema.org","@graph":[{"@type":"WebPage","@id":"https:\/\/nutskarhunkierros.fi\/fi\/pysakointi-rukalla\/","url":"https:\/\/nutskarhunkierros.fi\/fi\/pysakointi-rukalla\/","name":"Pys\u00e4k\u00f6inti Rukalla - NUTS Karhunkierros -polkujuoksu","isPartOf":{"@id":"https:\/\/nutskarhunkierros.fi\/fi\/#website"},"primaryImageOfPage":{"@id":"https:\/\/nutskarhunkierros.fi\/fi\/pysakointi-rukalla\/#primaryimage"},"image":{"@id":"https:\/\/nutskarhunkierros.fi\/fi\/pysakointi-rukalla\/#primaryimage"},"thumbnailUrl":"https:\/\/media.nuts.fi\/wp-content\/uploads\/sites\/5\/2026\/03\/26105719\/Ruka-parkkeeraus.jpg","datePublished":"2023-05-09T06:12:41+00:00","dateModified":"2026-03-26T09:01:27+00:00","breadcrumb":{"@id":"https:\/\/nutskarhunkierros.fi\/fi\/pysakointi-rukalla\/#breadcrumb"},"inLanguage":"fi","potentialAction":[{"@type":"ReadAction","target":["https:\/\/nutskarhunkierros.fi\/fi\/pysakointi-rukalla\/"]}]},{"@type":"ImageObject","inLanguage":"fi","@id":"https:\/\/nutskarhunkierros.fi\/fi\/pysakointi-rukalla\/#primaryimage","url":"https:\/\/media.nuts.fi\/wp-content\/uploads\/sites\/5\/2026\/03\/26105719\/Ruka-parkkeeraus.jpg","contentUrl":"https:\/\/media.nuts.fi\/wp-content\/uploads\/sites\/5\/2026\/03\/26105719\/Ruka-parkkeeraus.jpg","width":2000,"height":1414},{"@type":"BreadcrumbList","@id":"https:\/\/nutskarhunkierros.fi\/fi\/pysakointi-rukalla\/#breadcrumb","itemListElement":[{"@type":"ListItem","position":1,"name":"Etusivu","item":"https:\/\/nutskarhunkierros.fi\/fi\/"},{"@type":"ListItem","position":2,"name":"Pys\u00e4k\u00f6inti Rukalla"}]},{"@type":"WebSite","@id":"https:\/\/nutskarhunkierros.fi\/fi\/#website","url":"https:\/\/nutskarhunkierros.fi\/fi\/","name":"NUTS Karhunkierros -polkujuoksu","description":"Haasta Kuusamon kev\u00e4t! Polkujuoksu 13, 34, 55, 83 ja 166 kilometri\u00e4.","publisher":{"@id":"https:\/\/nutskarhunkierros.fi\/fi\/#organization"},"potentialAction":[{"@type":"SearchAction","target":{"@type":"EntryPoint","urlTemplate":"https:\/\/nutskarhunkierros.fi\/fi\/?s={search_term_string}"},"query-input":{"@type":"PropertyValueSpecification","valueRequired":true,"valueName":"search_term_string"}}],"inLanguage":"fi"},{"@type":"Organization","@id":"https:\/\/nutskarhunkierros.fi\/fi\/#organization","name":"NUTS Karhunkierros -polkujuoksu","url":"https:\/\/nutskarhunkierros.fi\/fi\/","logo":{"@type":"ImageObject","inLanguage":"fi","@id":"https:\/\/nutskarhunkierros.fi\/fi\/#\/schema\/logo\/image\/","url":"https:\/\/media.nuts.fi\/wp-content\/uploads\/sites\/5\/2025\/01\/28141416\/nuts-karhunkierros-white.svg","contentUrl":"https:\/\/media.nuts.fi\/wp-content\/uploads\/sites\/5\/2025\/01\/28141416\/nuts-karhunkierros-white.svg","caption":"NUTS Karhunkierros -polkujuoksu"},"image":{"@id":"https:\/\/nutskarhunkierros.fi\/fi\/#\/schema\/logo\/image\/"}}]}},"taxonomy_info":[],"featured_image_src_large":["https:\/\/media.nuts.fi\/wp-content\/uploads\/sites\/5\/2026\/03\/26105719\/Ruka-parkkeeraus-1024x724.jpg",1024,724,true],"author_info":{"display_name":"NUTS","author_link":"https:\/\/nutskarhunkierros.fi\/fi\/author\/user\/"},"comment_info":0,"_links":{"self":[{"href":"https:\/\/nutskarhunkierros.fi\/fi\/wp-json\/wp\/v2\/pages\/3285","targetHints":{"allow":["GET"]}}],"collection":[{"href":"https:\/\/nutskarhunkierros.fi\/fi\/wp-json\/wp\/v2\/pages"}],"about":[{"href":"https:\/\/nutskarhunkierros.fi\/fi\/wp-json\/wp\/v2\/types\/page"}],"author":[{"embeddable":true,"href":"https:\/\/nutskarhunkierros.fi\/fi\/wp-json\/wp\/v2\/users\/1"}],"replies":[{"embeddable":true,"href":"https:\/\/nutskarhunkierros.fi\/fi\/wp-json\/wp\/v2\/comments?post=3285"}],"version-history":[{"count":3,"href":"https:\/\/nutskarhunkierros.fi\/fi\/wp-json\/wp\/v2\/pages\/3285\/revisions"}],"predecessor-version":[{"id":4865,"href":"https:\/\/nutskarhunkierros.fi\/fi\/wp-json\/wp\/v2\/pages\/3285\/revisions\/4865"}],"wp:featuredmedia":[{"embeddable":true,"href":"https:\/\/nutskarhunkierros.fi\/fi\/wp-json\/wp\/v2\/media\/4861"}],"wp:attachment":[{"href":"https:\/\/nutskarhunkierros.fi\/fi\/wp-json\/wp\/v2\/media?parent=3285"}],"curies":[{"name":"wp","href":"https:\/\/api.w.org\/{rel}","templated":true}]}}