{"id":556,"date":"2016-09-01T16:50:50","date_gmt":"2016-09-01T13:50:50","guid":{"rendered":"http:\/\/nutskarhunkierros.com\/?page_id=556"},"modified":"2025-02-19T17:48:50","modified_gmt":"2025-02-19T17:48:50","slug":"2016-2","status":"publish","type":"page","link":"https:\/\/nutskarhunkierros.fi\/fi\/historia\/2016-2\/","title":{"rendered":"2016"},"content":{"rendered":"\n<p>27.-28.5.2016<\/p>\n\n\n\n<h2 class=\"wp-block-heading\">Tulokset<\/h2>\n\n\n<div id=\"divRRPublish\" class=\"RRPublish\"><\/div><script type=\"text\/javascript\" src=\"https:\/\/my.raceresult.com\/RRPublish\/load.js.php?lang=fi\"><\/script><script type=\"text\/javascript\">\n                var rrp=new RRPublish(document.getElementById(\"divRRPublish\"), 48466, \"results\");\n                rrp.ShowTimerLogo=true;\n                rrp.ShowInfoText=false;\n            <\/script>\n\n\n\n<h2 class=\"wp-block-heading\">Videot<\/h2>\n\n\n\n<figure class=\"wp-block-embed is-type-video is-provider-youtube wp-block-embed-youtube wp-embed-aspect-16-9 wp-has-aspect-ratio\"><div class=\"wp-block-embed__wrapper\">\n<iframe loading=\"lazy\" title=\"Buff Trail Tour Finland 2016 - NUTS Karhunkierros\" width=\"720\" height=\"405\" src=\"https:\/\/www.youtube.com\/embed\/O9P7WWMgx9M?feature=oembed\" frameborder=\"0\" allow=\"accelerometer; autoplay; clipboard-write; encrypted-media; gyroscope; picture-in-picture; web-share\" referrerpolicy=\"strict-origin-when-cross-origin\" allowfullscreen><\/iframe>\n<\/div><\/figure>\n\n\n\n<figure class=\"wp-block-embed is-type-video is-provider-youtube wp-block-embed-youtube wp-embed-aspect-16-9 wp-has-aspect-ratio\"><div class=\"wp-block-embed__wrapper\">\n<iframe loading=\"lazy\" title=\"Karhunkierros2016\" width=\"720\" height=\"405\" src=\"https:\/\/www.youtube.com\/embed\/XQGBR9YFdxs?feature=oembed\" frameborder=\"0\" allow=\"accelerometer; autoplay; clipboard-write; encrypted-media; gyroscope; picture-in-picture; web-share\" referrerpolicy=\"strict-origin-when-cross-origin\" allowfullscreen><\/iframe>\n<\/div><\/figure>\n\n\n\n<figure class=\"wp-block-embed is-type-video is-provider-vimeo wp-block-embed-vimeo wp-embed-aspect-16-9 wp-has-aspect-ratio\"><div class=\"wp-block-embed__wrapper\">\n<iframe loading=\"lazy\" title=\"NUTS Karhunkierros 2016\" src=\"https:\/\/player.vimeo.com\/video\/168678784?dnt=1&amp;app_id=122963\" width=\"720\" height=\"405\" frameborder=\"0\" allow=\"autoplay; fullscreen; picture-in-picture; clipboard-write; encrypted-media\"><\/iframe>\n<\/div><\/figure>\n\n\n\n<figure class=\"wp-block-embed is-type-video is-provider-youtube wp-block-embed-youtube wp-embed-aspect-16-9 wp-has-aspect-ratio\"><div class=\"wp-block-embed__wrapper\">\n<iframe loading=\"lazy\" title=\"NUTS Karhunkierros 2016\" width=\"720\" height=\"405\" src=\"https:\/\/www.youtube.com\/embed\/3UQ50yaFUgc?feature=oembed\" frameborder=\"0\" allow=\"accelerometer; autoplay; clipboard-write; encrypted-media; gyroscope; picture-in-picture; web-share\" referrerpolicy=\"strict-origin-when-cross-origin\" allowfullscreen><\/iframe>\n<\/div><\/figure>\n\n\n\n<figure class=\"wp-block-embed is-type-video is-provider-youtube wp-block-embed-youtube wp-embed-aspect-16-9 wp-has-aspect-ratio\"><div class=\"wp-block-embed__wrapper\">\n<iframe loading=\"lazy\" title=\"NUTS Karhunkierros 2016 82km\" width=\"720\" height=\"405\" src=\"https:\/\/www.youtube.com\/embed\/PG3OjKjlj-U?feature=oembed\" frameborder=\"0\" allow=\"accelerometer; autoplay; clipboard-write; encrypted-media; gyroscope; picture-in-picture; web-share\" referrerpolicy=\"strict-origin-when-cross-origin\" allowfullscreen><\/iframe>\n<\/div><\/figure>\n\n\n\n<h1 class=\"wp-block-heading\">Kuvia<\/h1>\n\n\n\n<p><a href=\"https:\/\/www.flickr.com\/photos\/nutsfi\/albums\/72157669209861916\">Aapo Laiho (nuts.fi)<\/a><\/p>\n\n\n\n<p><a href=\"https:\/\/www.flickr.com\/photos\/nutsfi\/albums\/72157666613190444\">David Ari\u00f1o (nuts.fi)<\/a><\/p>\n\n\n\n<p><a href=\"https:\/\/goo.gl\/photos\/vGiL35ePjZsAqT1U9\">Anniina Erkkil\u00e4<\/a><\/p>\n\n\n\n<p><a href=\"https:\/\/www.facebook.com\/tommi.lainema\/media_set?set=a.10156915036085368.1073741830.555020367&amp;type=1&amp;l=0ea5ab1420&amp;__mref=message_bubble\">Tommi Lainema (160 km matkalaisista)<\/a><\/p>\n\n\n\n<p><a href=\"https:\/\/photos.google.com\/share\/AF1QipMwVpV3HrajxKwb3AExKaBvhMFpEe3LGHzL4x51TrwBNFRL0BVxZp_5WQxT97GzhQ?key=ZWhlY1M4cThwdC1IUno2YTVQbWFqaFJtRTBiTHFB\">Tapani Mikkola<\/a><\/p>\n\n\n\n<p><a href=\"https:\/\/anttinousiainen.smugmug.com\/NUTS-Karhunkierros-2016\/\">Antti Nousiainen<\/a><\/p>\n\n\n\n<h1 class=\"wp-block-heading\">Blogit<\/h1>\n\n\n\n<h2 class=\"wp-block-heading\">160 km<\/h2>\n\n\n\n<p><a href=\"http:\/\/www.bridgetofarabia.com\/blog\/2016\/5\/30\/jeremys-race-report-karhunkierros-160km-2016\" data-content-field=\"title\">Jeremy&#8217;s race report: Karhunkierros 160km 2016<\/a><\/p>\n\n\n\n<p><a href=\"http:\/\/mantaultraa.blogspot.fi\/2016\/05\/sinne-ja-takaisin-nuts-karhunkierros.html\">Manta ultraa &#8211; Kaija J\u00e4rvi<\/a><\/p>\n\n\n\n<p><a href=\"https:\/\/polkujapitkin.wordpress.com\/2016\/05\/29\/nuts-karhunkierros-160km-satamailinen-27-28-5-2016\/\">Polkuja pitkin &#8211; Ari Ronkainen<\/a><\/p>\n\n\n\n<p><a href=\"http:\/\/fitnet.fi\/blog\/marianna\/kun-janis-istui-maahan-karhunkierroksella\/\">Marianna Zaikova<\/a><\/p>\n\n\n\n<p><a href=\"http:\/\/ultra-stanleypark.blogspot.fi\/2016\/06\/viikko-21-ja-karhunkierroksen.html\">Rogaten ja ultraten &#8211; Mikael Heerman<\/a><\/p>\n\n\n\n<p><a href=\"https:\/\/medium.com\/@villetuure\/raportti-nuts-karhunkierros-160-km-e0d76c850f4a#.5j7ptbwf3\">Ville Tuure<\/a><\/p>\n\n\n\n<p><a href=\"http:\/\/hazor.iki.fi\/2016\/nutskarhunkierros\/\">Hazor &#8211; Tommi Lahtonen (DNF)<\/a><\/p>\n\n\n\n<p><a href=\"https:\/\/medium.com\/@cuugi\/nuts-karhunkierros-160km-2016-dnf-1bd681d08d58#.ap2cgmkh1\">Jukka Loukkaanhuhta (DNF)<\/a><\/p>\n\n\n\n<h2 class=\"wp-block-heading\">80 km<\/h2>\n\n\n\n<p><a href=\"https:\/\/matskutreenaa.blogspot.fi\/2016\/05\/nuts-karhunkierros-80km-2016.html\">Matsku Treenaa &#8211; Matias Pusa<\/a><\/p>\n\n\n\n<p><a href=\"http:\/\/jalathapoille.blogspot.fi\/2016\/05\/fiilikset-ensimmaisesta-polku-ultrasta.html\">Jalat hapoille &#8211; Jani S.<\/a><\/p>\n\n\n\n<p><a href=\"http:\/\/poluiltatielle.blogspot.fi\/2016\/05\/karhunkierros-2016-80k-pitka-ja-antoisa.html\">Poluilta tielle<\/a><\/p>\n\n\n\n<p><a href=\"http:\/\/juoksejapysyhengissa.blogspot.fi\/2016\/05\/nuts-karhunkierros-80-taydellinen-paiva.html\">Juokse ja pysy hengiss\u00e4 &#8211; Lari Koivu<\/a><\/p>\n\n\n\n<p><a href=\"http:\/\/www.juntit.net\/kilpailut\/2016\/05\/nuts-karhunkierros-80km\/\">Juntit OK &#8211; Jussi &amp; Eetu<\/a><\/p>\n\n\n\n<p><a href=\"http:\/\/timperintaivallus.blogspot.fi\/2016\/06\/nuts-karhunkierros-80km-2852016-kun.html\">Timperin reenil\u00f6iset &#8211; Timo K\u00e4\u00e4ri\u00e4inen<\/a><\/p>\n\n\n\n<p><a href=\"http:\/\/arjokristian.blogspot.fi\/2016\/06\/tahtaimessa-karhunkierros-80k-2016.html\">K\u00e4rsiv\u00e4llisyytt\u00e4 pintakaasulla &#8211; Arjo Kaarre<\/a><\/p>\n\n\n\n<p><a href=\"http:\/\/passionadventureteam.blogspot.fi\/2016\/06\/nuts-karhunkierros-2016.html\">Passion Adventure &#8211; Tytti Kaijanen<\/a><\/p>\n\n\n\n<p><a href=\"https:\/\/mieluumminkuinhyvin.wordpress.com\/2016\/06\/07\/team-pattipolvet-ja-tunnelma-katossa\/\">Mieluummin kuin hyvin &#8211;&nbsp;\u200eSami Sundstr\u00f6m<\/a><\/p>\n\n\n\n<p><a href=\"http:\/\/www.juoksufoorumi.fi\/blogs\/entry\/935-karhunkierros-80km\/\">Kiljanderin Ultrarapsat &#8211; Kimmo Karppinen<\/a><\/p>\n\n\n\n<h2 class=\"wp-block-heading\">53 km<\/h2>\n\n\n\n<p><a href=\"https:\/\/outdoor-oksanen.com\/2016\/05\/30\/karhunkierros-53km-eka-ultra\/\">Outdoor Oksanen &#8211; Teemu Oksanen<\/a><\/p>\n\n\n\n<p><a href=\"http:\/\/paripolkua.blogspot.fi\/2016\/05\/wannabe-kestoholkkaaja.html\">Pari polkua &#8211; Petri Junttila<\/a><\/p>\n\n\n\n<p><a href=\"http:\/\/matti-kivinen.blogspot.fi\/2016\/06\/karhunkierros.html\">Kivinen Tie &#8211; Matti Kivinen<\/a><\/p>\n\n\n\n<p><a href=\"http:\/\/www.sporttaillaan.com\/2016\/06\/nuts-karhunkierros-53k.html\">Sporttaillaan &#8211; Hanna Taimen<\/a><\/p>\n\n\n\n<p><a href=\"https:\/\/petrajuoksee.wordpress.com\/2016\/06\/05\/nuts-karhunkierros-53-km-29-5-hobitin-paras-juoksu-ikina\/\">Juoksenneltuja &#8211; Petra Peuhu<\/a><\/p>\n\n\n\n<p><a href=\"http:\/\/vapaalla.blogspot.fi\/2016\/06\/nuts-karhunkierros-2016.html\">Vapaalla &#8211; Korppu Kuorim\u00e4ki<\/a><\/p>\n\n\n\n<h2 class=\"wp-block-heading\">31 km<\/h2>\n\n\n\n<p><a href=\"http:\/\/www.lily.fi\/blogit\/kantapaaopistossa\/nuts-karhunkierros-2016-33km-kisaraportti\">Kantap\u00e4\u00e4opistossa &#8211; Johanna K\u00e4rkk\u00e4inen<\/a><\/p>\n\n\n\n<p><a href=\"http:\/\/paripolkua.blogspot.fi\/2016\/05\/kuuma-kostea-hikinen-nutskarhunkierros.html\">Pari polkua &#8211; Hanna Junttila<\/a><\/p>\n\n\n\n<p><a href=\"http:\/\/sambarunning.com\/kuusamo-metsan-naen-jamakan-ja-vaaran-sinertavan\/\">Samba Trai Running Club &#8211; Eetu Nordman<\/a><\/p>\n\n\n\n<p><a href=\"http:\/\/huippufreeride.fi\/2016\/06\/06\/nuts-karhunkierros-31k-ei-kuitenkaan-mikaan-minimatka\/\">Huippu Freeride &#8211; Pauliina Sj\u00f6lund<\/a><\/p>\n\n\n\n<h2 class=\"wp-block-heading\">Talkoolaiset<\/h2>\n\n\n\n<p><a href=\"https:\/\/koukussajuoksuun.blogspot.fi\/2016\/05\/reitinmerkkausta-turvajuoksua-ja-muuta.html\">Koukussa juoksuun &#8211; Mari Maier<\/a><\/p>\n","protected":false},"excerpt":{"rendered":"<p>27.-28.5.2016 Tulokset Videot Kuvia Aapo Laiho (nuts.fi) David Ari\u00f1o (nuts.fi) Anniina Erkkil\u00e4 Tommi Lainema (160 km matkalaisista) Tapani Mikkola Antti Nousiainen Blogit 160 km Jeremy&#8217;s race report: Karhunkierros 160km 2016 Manta ultraa &#8211; Kaija J\u00e4rvi Polkuja pitkin &#8211; Ari Ronkainen Marianna Zaikova Rogaten ja ultraten &#8211; Mikael Heerman Ville Tuure Hazor &#8211; Tommi Lahtonen (DNF)&#8230;<\/p>\n","protected":false},"author":1,"featured_media":529,"parent":114,"menu_order":10,"comment_status":"closed","ping_status":"closed","template":"","meta":{"_kad_blocks_custom_css":"","_kad_blocks_head_custom_js":"","_kad_blocks_body_custom_js":"","_kad_blocks_footer_custom_js":"","_kad_post_transparent":"","_kad_post_title":"","_kad_post_layout":"","_kad_post_sidebar_id":"","_kad_post_content_style":"","_kad_post_vertical_padding":"","_kad_post_feature":"","_kad_post_feature_position":"","_kad_post_header":false,"_kad_post_footer":false,"_kad_post_classname":"","footnotes":""},"class_list":["post-556","page","type-page","status-publish","has-post-thumbnail","hentry"],"yoast_head":"<!-- This site is optimized with the Yoast SEO plugin v26.8 - https:\/\/yoast.com\/product\/yoast-seo-wordpress\/ -->\n<title>2016 - NUTS Karhunkierros -polkujuoksu<\/title>\n<meta name=\"robots\" content=\"index, follow, max-snippet:-1, max-image-preview:large, max-video-preview:-1\" \/>\n<link rel=\"canonical\" href=\"https:\/\/nutskarhunkierros.fi\/fi\/historia\/2016-2\/\" \/>\n<meta property=\"og:locale\" content=\"fi_FI\" \/>\n<meta property=\"og:type\" content=\"article\" \/>\n<meta property=\"og:title\" content=\"2016 - NUTS Karhunkierros -polkujuoksu\" \/>\n<meta property=\"og:description\" content=\"27.-28.5.2016 Tulokset Videot Kuvia Aapo Laiho (nuts.fi) David Ari\u00f1o (nuts.fi) Anniina Erkkil\u00e4 Tommi Lainema (160 km matkalaisista) Tapani Mikkola Antti Nousiainen Blogit 160 km Jeremy&#8217;s race report: Karhunkierros 160km 2016 Manta ultraa &#8211; Kaija J\u00e4rvi Polkuja pitkin &#8211; Ari Ronkainen Marianna Zaikova Rogaten ja ultraten &#8211; Mikael Heerman Ville Tuure Hazor &#8211; Tommi Lahtonen (DNF)...\" \/>\n<meta property=\"og:url\" content=\"https:\/\/nutskarhunkierros.fi\/fi\/historia\/2016-2\/\" \/>\n<meta property=\"og:site_name\" content=\"NUTS Karhunkierros -polkujuoksu\" \/>\n<meta property=\"article:modified_time\" content=\"2025-02-19T17:48:50+00:00\" \/>\n<meta property=\"og:image\" content=\"http:\/\/media.nuts.fi\/wp-content\/uploads\/sites\/5\/2016\/06\/28141408\/26793911943_ead4a03867_k.jpg\" \/>\n\t<meta property=\"og:image:width\" content=\"2048\" \/>\n\t<meta property=\"og:image:height\" content=\"1365\" \/>\n\t<meta property=\"og:image:type\" content=\"image\/jpeg\" \/>\n<meta name=\"twitter:card\" content=\"summary_large_image\" \/>\n<meta name=\"twitter:label1\" content=\"Arvioitu lukuaika\" \/>\n\t<meta name=\"twitter:data1\" content=\"1 minuutti\" \/>\n<script type=\"application\/ld+json\" class=\"yoast-schema-graph\">{\"@context\":\"https:\/\/schema.org\",\"@graph\":[{\"@type\":\"WebPage\",\"@id\":\"https:\/\/nutskarhunkierros.fi\/fi\/historia\/2016-2\/\",\"url\":\"https:\/\/nutskarhunkierros.fi\/fi\/historia\/2016-2\/\",\"name\":\"2016 - NUTS Karhunkierros -polkujuoksu\",\"isPartOf\":{\"@id\":\"https:\/\/nutskarhunkierros.fi\/fi\/#website\"},\"primaryImageOfPage\":{\"@id\":\"https:\/\/nutskarhunkierros.fi\/fi\/historia\/2016-2\/#primaryimage\"},\"image\":{\"@id\":\"https:\/\/nutskarhunkierros.fi\/fi\/historia\/2016-2\/#primaryimage\"},\"thumbnailUrl\":\"https:\/\/media.nuts.fi\/wp-content\/uploads\/sites\/5\/2016\/06\/28141408\/26793911943_ead4a03867_k.jpg\",\"datePublished\":\"2016-09-01T13:50:50+00:00\",\"dateModified\":\"2025-02-19T17:48:50+00:00\",\"breadcrumb\":{\"@id\":\"https:\/\/nutskarhunkierros.fi\/fi\/historia\/2016-2\/#breadcrumb\"},\"inLanguage\":\"fi\",\"potentialAction\":[{\"@type\":\"ReadAction\",\"target\":[\"https:\/\/nutskarhunkierros.fi\/fi\/historia\/2016-2\/\"]}]},{\"@type\":\"ImageObject\",\"inLanguage\":\"fi\",\"@id\":\"https:\/\/nutskarhunkierros.fi\/fi\/historia\/2016-2\/#primaryimage\",\"url\":\"https:\/\/media.nuts.fi\/wp-content\/uploads\/sites\/5\/2016\/06\/28141408\/26793911943_ead4a03867_k.jpg\",\"contentUrl\":\"https:\/\/media.nuts.fi\/wp-content\/uploads\/sites\/5\/2016\/06\/28141408\/26793911943_ead4a03867_k.jpg\",\"width\":2048,\"height\":1365},{\"@type\":\"BreadcrumbList\",\"@id\":\"https:\/\/nutskarhunkierros.fi\/fi\/historia\/2016-2\/#breadcrumb\",\"itemListElement\":[{\"@type\":\"ListItem\",\"position\":1,\"name\":\"Etusivu\",\"item\":\"https:\/\/nutskarhunkierros.fi\/fi\/\"},{\"@type\":\"ListItem\",\"position\":2,\"name\":\"Historia\",\"item\":\"https:\/\/nutskarhunkierros.fi\/fi\/historia\/\"},{\"@type\":\"ListItem\",\"position\":3,\"name\":\"2016\"}]},{\"@type\":\"WebSite\",\"@id\":\"https:\/\/nutskarhunkierros.fi\/fi\/#website\",\"url\":\"https:\/\/nutskarhunkierros.fi\/fi\/\",\"name\":\"NUTS Karhunkierros -polkujuoksu\",\"description\":\"Haasta Kuusamon kev\u00e4t! Polkujuoksu 13, 34, 55, 83 ja 166 kilometri\u00e4.\",\"publisher\":{\"@id\":\"https:\/\/nutskarhunkierros.fi\/fi\/#organization\"},\"potentialAction\":[{\"@type\":\"SearchAction\",\"target\":{\"@type\":\"EntryPoint\",\"urlTemplate\":\"https:\/\/nutskarhunkierros.fi\/fi\/?s={search_term_string}\"},\"query-input\":{\"@type\":\"PropertyValueSpecification\",\"valueRequired\":true,\"valueName\":\"search_term_string\"}}],\"inLanguage\":\"fi\"},{\"@type\":\"Organization\",\"@id\":\"https:\/\/nutskarhunkierros.fi\/fi\/#organization\",\"name\":\"NUTS Karhunkierros -polkujuoksu\",\"url\":\"https:\/\/nutskarhunkierros.fi\/fi\/\",\"logo\":{\"@type\":\"ImageObject\",\"inLanguage\":\"fi\",\"@id\":\"https:\/\/nutskarhunkierros.fi\/fi\/#\/schema\/logo\/image\/\",\"url\":\"https:\/\/media.nuts.fi\/wp-content\/uploads\/sites\/5\/2025\/01\/28141416\/nuts-karhunkierros-white.svg\",\"contentUrl\":\"https:\/\/media.nuts.fi\/wp-content\/uploads\/sites\/5\/2025\/01\/28141416\/nuts-karhunkierros-white.svg\",\"caption\":\"NUTS Karhunkierros -polkujuoksu\"},\"image\":{\"@id\":\"https:\/\/nutskarhunkierros.fi\/fi\/#\/schema\/logo\/image\/\"}}]}<\/script>\n<!-- \/ Yoast SEO plugin. -->","yoast_head_json":{"title":"2016 - NUTS Karhunkierros -polkujuoksu","robots":{"index":"index","follow":"follow","max-snippet":"max-snippet:-1","max-image-preview":"max-image-preview:large","max-video-preview":"max-video-preview:-1"},"canonical":"https:\/\/nutskarhunkierros.fi\/fi\/historia\/2016-2\/","og_locale":"fi_FI","og_type":"article","og_title":"2016 - NUTS Karhunkierros -polkujuoksu","og_description":"27.-28.5.2016 Tulokset Videot Kuvia Aapo Laiho (nuts.fi) David Ari\u00f1o (nuts.fi) Anniina Erkkil\u00e4 Tommi Lainema (160 km matkalaisista) Tapani Mikkola Antti Nousiainen Blogit 160 km Jeremy&#8217;s race report: Karhunkierros 160km 2016 Manta ultraa &#8211; Kaija J\u00e4rvi Polkuja pitkin &#8211; Ari Ronkainen Marianna Zaikova Rogaten ja ultraten &#8211; Mikael Heerman Ville Tuure Hazor &#8211; Tommi Lahtonen (DNF)...","og_url":"https:\/\/nutskarhunkierros.fi\/fi\/historia\/2016-2\/","og_site_name":"NUTS Karhunkierros -polkujuoksu","article_modified_time":"2025-02-19T17:48:50+00:00","og_image":[{"width":2048,"height":1365,"url":"http:\/\/media.nuts.fi\/wp-content\/uploads\/sites\/5\/2016\/06\/28141408\/26793911943_ead4a03867_k.jpg","type":"image\/jpeg"}],"twitter_card":"summary_large_image","twitter_misc":{"Arvioitu lukuaika":"1 minuutti"},"schema":{"@context":"https:\/\/schema.org","@graph":[{"@type":"WebPage","@id":"https:\/\/nutskarhunkierros.fi\/fi\/historia\/2016-2\/","url":"https:\/\/nutskarhunkierros.fi\/fi\/historia\/2016-2\/","name":"2016 - NUTS Karhunkierros -polkujuoksu","isPartOf":{"@id":"https:\/\/nutskarhunkierros.fi\/fi\/#website"},"primaryImageOfPage":{"@id":"https:\/\/nutskarhunkierros.fi\/fi\/historia\/2016-2\/#primaryimage"},"image":{"@id":"https:\/\/nutskarhunkierros.fi\/fi\/historia\/2016-2\/#primaryimage"},"thumbnailUrl":"https:\/\/media.nuts.fi\/wp-content\/uploads\/sites\/5\/2016\/06\/28141408\/26793911943_ead4a03867_k.jpg","datePublished":"2016-09-01T13:50:50+00:00","dateModified":"2025-02-19T17:48:50+00:00","breadcrumb":{"@id":"https:\/\/nutskarhunkierros.fi\/fi\/historia\/2016-2\/#breadcrumb"},"inLanguage":"fi","potentialAction":[{"@type":"ReadAction","target":["https:\/\/nutskarhunkierros.fi\/fi\/historia\/2016-2\/"]}]},{"@type":"ImageObject","inLanguage":"fi","@id":"https:\/\/nutskarhunkierros.fi\/fi\/historia\/2016-2\/#primaryimage","url":"https:\/\/media.nuts.fi\/wp-content\/uploads\/sites\/5\/2016\/06\/28141408\/26793911943_ead4a03867_k.jpg","contentUrl":"https:\/\/media.nuts.fi\/wp-content\/uploads\/sites\/5\/2016\/06\/28141408\/26793911943_ead4a03867_k.jpg","width":2048,"height":1365},{"@type":"BreadcrumbList","@id":"https:\/\/nutskarhunkierros.fi\/fi\/historia\/2016-2\/#breadcrumb","itemListElement":[{"@type":"ListItem","position":1,"name":"Etusivu","item":"https:\/\/nutskarhunkierros.fi\/fi\/"},{"@type":"ListItem","position":2,"name":"Historia","item":"https:\/\/nutskarhunkierros.fi\/fi\/historia\/"},{"@type":"ListItem","position":3,"name":"2016"}]},{"@type":"WebSite","@id":"https:\/\/nutskarhunkierros.fi\/fi\/#website","url":"https:\/\/nutskarhunkierros.fi\/fi\/","name":"NUTS Karhunkierros -polkujuoksu","description":"Haasta Kuusamon kev\u00e4t! Polkujuoksu 13, 34, 55, 83 ja 166 kilometri\u00e4.","publisher":{"@id":"https:\/\/nutskarhunkierros.fi\/fi\/#organization"},"potentialAction":[{"@type":"SearchAction","target":{"@type":"EntryPoint","urlTemplate":"https:\/\/nutskarhunkierros.fi\/fi\/?s={search_term_string}"},"query-input":{"@type":"PropertyValueSpecification","valueRequired":true,"valueName":"search_term_string"}}],"inLanguage":"fi"},{"@type":"Organization","@id":"https:\/\/nutskarhunkierros.fi\/fi\/#organization","name":"NUTS Karhunkierros -polkujuoksu","url":"https:\/\/nutskarhunkierros.fi\/fi\/","logo":{"@type":"ImageObject","inLanguage":"fi","@id":"https:\/\/nutskarhunkierros.fi\/fi\/#\/schema\/logo\/image\/","url":"https:\/\/media.nuts.fi\/wp-content\/uploads\/sites\/5\/2025\/01\/28141416\/nuts-karhunkierros-white.svg","contentUrl":"https:\/\/media.nuts.fi\/wp-content\/uploads\/sites\/5\/2025\/01\/28141416\/nuts-karhunkierros-white.svg","caption":"NUTS Karhunkierros -polkujuoksu"},"image":{"@id":"https:\/\/nutskarhunkierros.fi\/fi\/#\/schema\/logo\/image\/"}}]}},"taxonomy_info":[],"featured_image_src_large":["https:\/\/media.nuts.fi\/wp-content\/uploads\/sites\/5\/2016\/06\/28141408\/26793911943_ead4a03867_k-1024x683.jpg",1024,683,true],"author_info":{"display_name":"NUTS","author_link":"https:\/\/nutskarhunkierros.fi\/fi\/author\/user\/"},"comment_info":0,"_links":{"self":[{"href":"https:\/\/nutskarhunkierros.fi\/fi\/wp-json\/wp\/v2\/pages\/556","targetHints":{"allow":["GET"]}}],"collection":[{"href":"https:\/\/nutskarhunkierros.fi\/fi\/wp-json\/wp\/v2\/pages"}],"about":[{"href":"https:\/\/nutskarhunkierros.fi\/fi\/wp-json\/wp\/v2\/types\/page"}],"author":[{"embeddable":true,"href":"https:\/\/nutskarhunkierros.fi\/fi\/wp-json\/wp\/v2\/users\/1"}],"replies":[{"embeddable":true,"href":"https:\/\/nutskarhunkierros.fi\/fi\/wp-json\/wp\/v2\/comments?post=556"}],"version-history":[{"count":3,"href":"https:\/\/nutskarhunkierros.fi\/fi\/wp-json\/wp\/v2\/pages\/556\/revisions"}],"predecessor-version":[{"id":4165,"href":"https:\/\/nutskarhunkierros.fi\/fi\/wp-json\/wp\/v2\/pages\/556\/revisions\/4165"}],"up":[{"embeddable":true,"href":"https:\/\/nutskarhunkierros.fi\/fi\/wp-json\/wp\/v2\/pages\/114"}],"wp:featuredmedia":[{"embeddable":true,"href":"https:\/\/nutskarhunkierros.fi\/fi\/wp-json\/wp\/v2\/media\/529"}],"wp:attachment":[{"href":"https:\/\/nutskarhunkierros.fi\/fi\/wp-json\/wp\/v2\/media?parent=556"}],"curies":[{"name":"wp","href":"https:\/\/api.w.org\/{rel}","templated":true}]}}